
{"id":141270,"date":"2026-03-24T11:35:38","date_gmt":"2026-03-24T11:35:38","guid":{"rendered":"https:\/\/gevelridder.nl\/product\/prolongacion-del-caballete\/"},"modified":"2026-05-08T12:42:00","modified_gmt":"2026-05-08T12:42:00","slug":"prolongacion-del-caballete","status":"publish","type":"product","link":"https:\/\/gevelridder.nl\/es\/producto\/prolongacion-del-caballete\/","title":{"rendered":"prolongaci\u00f3n del caballete"},"content":{"rendered":"\n<h2 class=\"wp-block-heading\">Ampliaci\u00f3n del Caballero de la Fachada (Gevelridder)<\/h2>\n\n<p>La Extensi\u00f3n Gevelridder puede utilizarse para el Gevelridder M. Es un producto ideal para elevar hasta el segundo piso. Gracias a su tama\u00f1o compacto replegado, se puede transportar f\u00e1cilmente en un coche o furgoneta peque\u00f1a. El Gevelridder est\u00e1 recomendado en el Cat\u00e1logo de Salud y Seguridad para la Reparaci\u00f3n de Cristales. Al utilizar este producto, tienes las manos libres durante el montaje y ya no corres peligro en escaleras y escalerillas. Longitud de transporte 2400 mm, anchura de los pies 850 mm. Extensible hasta 4 metros en 2 partes (WLL 200 kg). Con el uso de la tercera parte extensible hasta 5850 mm (WLL 200 kg).      <\/p>\n\n<h2 class=\"wp-block-heading\">\u00bfTrabajar sin una Extensi\u00f3n Caballero de la Fachada (Gevelridder)?<\/h2>\n\n<p>Levantar peso es muy agotador para el cuerpo, sobre todo si se hace con frecuencia. Al levantar objetos pesados, existe la posibilidad de da\u00f1ar los m\u00fasculos de la espalda, los ligamentos del tejido conjuntivo que rodea la columna vertebral o los discos intervertebrales. Cuanto m\u00e1s se levanta, mayor es el riesgo de da\u00f1o. Pero incluso levantar objetos ligeros puede provocar da\u00f1os, por ejemplo por tener que hacerlo en una posici\u00f3n desfavorable (doblado, torcido o con los brazos levantados) o por levantar demasiadas veces seguidas y no disponer de suficiente tiempo de recuperaci\u00f3n. Para <a href=\"https:\/\/www.arboportaal.nl\/onderwerpen\/tillen-en-dragen\/wat-zijn-de-risico%E2%80%99s-van-tillen-en-dragen\" target=\"_blank\" rel=\"noreferrer noopener\">m\u00e1s informaci\u00f3n. <\/a>El Geverridder te garantiza un trabajo vertical eficaz y seguro. Para el transporte horizontal, recomendamos nuestro <a href=\"https:\/\/gevelridder.nl\/product\/glaskar-250-platenwagen\/\" target=\"_blank\" rel=\"noreferrer noopener\">carro para vidrio.<\/a> Como pist\u00f3n, lo mejor es adquirir el <a href=\"https:\/\/gevelridder.nl\/product\/sir-liftalot4-vacuumzuiger-glass-vacuum-lifter-vantouse-vakuumheber\/\">SirliftAlot<\/a> <a href=\"https:\/\/gevelridder.nl\/product\/sirliftalot2-glaszuiger-glasdrager\/\">2<\/a> o el SirliftAlot 4. <strong>DE:<\/strong> Fachada Ritter, versenkbaren Hebevorrichtung alumium, bis 5,85 mtr 200 kg. Los precios no incluyen gastos de env\u00edo para clientes fuera de los Pa\u00edses Bajos y B\u00e9lgica. <strong>FR:<\/strong> Fachada Chevalier L&#8217;\u00e9l\u00e9vateur de aluminum, sur 5.85 mtr, 200 kg. Los precios no incluyen los gastos de env\u00edo para los clientes de fuera de los Pa\u00edses Bajos y B\u00e9lgica. <strong>REINO UNIDO:<\/strong> Sir LiftAlot, Facade Knight, Elevador de aluminio hasta 5,85 mtr, 200 kg. Los precios no incluyen los gastos de env\u00edo para los clientes de fuera de los Pa\u00edses Bajos y B\u00e9lgica.          <\/p>\n","protected":false},"excerpt":{"rendered":"<div class=\"woocommerce-product-details__short-description\">\n<p>Ampliaci\u00f3n para el Caballero de la Fachada (Gevelridder) M<\/p>\n<\/div>\n","protected":false},"featured_media":0,"template":"","meta":{"_acf_changed":false,"_seopress_robots_primary_cat":"none","_seopress_titles_title":"","_seopress_titles_desc":"","_seopress_robots_index":""},"product_brand":[],"product_cat":[2682],"product_tag":[3057,3058,2876,3053,3054,2687,2813,3055,3034,2874,3060,3059,2892,2884,3056,3061,3062,3063,3064,3065,2880],"class_list":{"0":"post-141270","1":"product","2":"type-product","3":"status-publish","5":"product_cat-piezas","6":"product_tag-alquiler-de-elevadores-de-cristal","7":"product_tag-ascensor-de-cristal-3","8":"product_tag-ascensor-de-cristal","9":"product_tag-caballero-de-la-fachada-gevelridder-m","10":"product_tag-caballero-electrico-hibrido-de-fachada-gevelridder","11":"product_tag-colocacion-del-cristal","12":"product_tag-cristal-de-montaje","13":"product_tag-elevador-2","14":"product_tag-elevador-de-escalera","15":"product_tag-glaser","16":"product_tag-griplift","17":"product_tag-levantamiento-de-cristales","18":"product_tag-marco-de-ventana-2","19":"product_tag-miroiterie","20":"product_tag-pluma","21":"product_tag-shopfitter","22":"product_tag-sirliftalot","23":"product_tag-suncreenlift","24":"product_tag-ventosa","25":"product_tag-viavac","26":"product_tag-vidriero","27":"product_shipping_class-75-euros","29":"first","30":"instock","31":"taxable","32":"shipping-taxable","33":"purchasable","34":"product-type-simple"},"acf":[],"_links":{"self":[{"href":"https:\/\/gevelridder.nl\/es\/wp-json\/wp\/v2\/product\/141270","targetHints":{"allow":["GET"]}}],"collection":[{"href":"https:\/\/gevelridder.nl\/es\/wp-json\/wp\/v2\/product"}],"about":[{"href":"https:\/\/gevelridder.nl\/es\/wp-json\/wp\/v2\/types\/product"}],"wp:attachment":[{"href":"https:\/\/gevelridder.nl\/es\/wp-json\/wp\/v2\/media?parent=141270"}],"wp:term":[{"taxonomy":"product_brand","embeddable":true,"href":"https:\/\/gevelridder.nl\/es\/wp-json\/wp\/v2\/product_brand?post=141270"},{"taxonomy":"product_cat","embeddable":true,"href":"https:\/\/gevelridder.nl\/es\/wp-json\/wp\/v2\/product_cat?post=141270"},{"taxonomy":"product_tag","embeddable":true,"href":"https:\/\/gevelridder.nl\/es\/wp-json\/wp\/v2\/product_tag?post=141270"}],"curies":[{"name":"wp","href":"https:\/\/api.w.org\/{rel}","templated":true}]}}