
{"id":141269,"date":"2026-03-24T11:36:30","date_gmt":"2026-03-24T11:36:30","guid":{"rendered":"https:\/\/gevelridder.nl\/product\/caballero-del-portal\/"},"modified":"2026-05-08T12:42:00","modified_gmt":"2026-05-08T12:42:00","slug":"caballero-del-portal","status":"publish","type":"product","link":"https:\/\/gevelridder.nl\/es\/producto\/caballero-del-portal\/","title":{"rendered":"Caballero del Portal"},"content":{"rendered":"\n<h2 class=\"wp-block-heading\">Caballero del Portal<\/h2>\n\n<p>El Caballero Portal de <a href=\"https:\/\/gevelridder.nl\/product\/gevelridder-m-hybride\/\">Fachada consiste en un ecualizador con una polea en el centro para conectar dos Caballeros H\u00edbridos de Fachada<\/a>. Esto permite la elevaci\u00f3n independiente, creando un ascensor para elevar el cristal de un caballete de cristal, por ejemplo. La longitud del ecualizador es de 200 cm. El ecualizador tiene 30 cm de ancho.   <\/p>\n\n<h2 class=\"wp-block-heading\">Carga m\u00e1xima Caballero del Portal<\/h2>\n\n<p>La carga m\u00e1xima es de 150\/250 kg, dependiendo de la distancia. Es importante que la carga cuelgue siempre en medio de los dos Caballeros de Fachada (Gevelridder)s. <\/p>\n\n<h2 class=\"wp-block-heading\">Riesgos de trabajar sin un dispositivo de elevaci\u00f3n<\/h2>\n\n<p>Es malo levantar objetos pesados con regularidad. Al levantar objetos pesados, existe el riesgo de da\u00f1ar los m\u00fasculos de la espalda. Las bandas de tejido conjuntivo que rodean la columna vertebral o los discos intervertebrales. Cuanto m\u00e1s pesas levantes, mayor es el riesgo de da\u00f1o. Pero incluso levantar objetos ligeros puede provocar da\u00f1os, por ejemplo porque debe hacerse en una posici\u00f3n desfavorable (agachado, girado o con los brazos levantados) o por levantar demasiadas veces seguidas y no disponer de suficiente tiempo de recuperaci\u00f3n. Puedes leer m\u00e1s sobre esto en el <a href=\"https:\/\/www.arboportaal.nl\/onderwerpen\/tillen-en-dragen\/wat-zijn-de-risico%E2%80%99s-van-tillen-en-dragen\">Portal de Salud y Seguridad en el Trabajo<\/a>.     <\/p>\n","protected":false},"excerpt":{"rendered":"<p>El Caballo <a href=\"https:\/\/gevelridder.nl\/product\/gevelridder-m-hybride\/\">de Fachada PortalRidder consiste en un ecualizador con una polea en el centro para conectar dos Caballeros de Fachada H\u00edbridos<\/a>. Esto permite la elevaci\u00f3n independiente, creando un elevador para elevar el cristal de un caballete de cristal, por ejemplo. La longitud del ecualizador es de 200 cm. El ecualizador tiene 30 cm de ancho.   <\/p>\n","protected":false},"featured_media":0,"template":"","meta":{"_acf_changed":false,"_seopress_robots_primary_cat":"none","_seopress_titles_title":"","_seopress_titles_desc":"","_seopress_robots_index":""},"product_brand":[],"product_cat":[2682,3010],"product_tag":[3072,2690,2688,3074,3073],"class_list":{"0":"post-141269","1":"product","2":"type-product","3":"status-publish","5":"product_cat-piezas","6":"product_cat-vidriera-gevelridder","7":"product_tag-ascensor","8":"product_tag-caballero-de-la-fachada-gevelridder","9":"product_tag-elevador","10":"product_tag-portaalridder","11":"product_tag-portal","12":"product_shipping_class-75-euros","14":"first","15":"instock","16":"taxable","17":"shipping-taxable","18":"purchasable","19":"product-type-simple"},"acf":[],"_links":{"self":[{"href":"https:\/\/gevelridder.nl\/es\/wp-json\/wp\/v2\/product\/141269","targetHints":{"allow":["GET"]}}],"collection":[{"href":"https:\/\/gevelridder.nl\/es\/wp-json\/wp\/v2\/product"}],"about":[{"href":"https:\/\/gevelridder.nl\/es\/wp-json\/wp\/v2\/types\/product"}],"wp:attachment":[{"href":"https:\/\/gevelridder.nl\/es\/wp-json\/wp\/v2\/media?parent=141269"}],"wp:term":[{"taxonomy":"product_brand","embeddable":true,"href":"https:\/\/gevelridder.nl\/es\/wp-json\/wp\/v2\/product_brand?post=141269"},{"taxonomy":"product_cat","embeddable":true,"href":"https:\/\/gevelridder.nl\/es\/wp-json\/wp\/v2\/product_cat?post=141269"},{"taxonomy":"product_tag","embeddable":true,"href":"https:\/\/gevelridder.nl\/es\/wp-json\/wp\/v2\/product_tag?post=141269"}],"curies":[{"name":"wp","href":"https:\/\/api.w.org\/{rel}","templated":true}]}}