
{"id":141267,"date":"2026-03-24T11:44:24","date_gmt":"2026-03-24T11:44:24","guid":{"rendered":"https:\/\/gevelridder.nl\/product\/set-caballero-fachada-pro-250kg\/"},"modified":"2026-05-08T12:41:52","modified_gmt":"2026-05-08T12:41:52","slug":"set-caballero-fachada-pro-250kg","status":"publish","type":"product","link":"https:\/\/gevelridder.nl\/es\/producto\/set-caballero-fachada-pro-250kg\/","title":{"rendered":"Set Caballero Fachada PRO 250kg"},"content":{"rendered":"\n<h2 class=\"wp-block-heading\">Conjunto Caballero Fachada 250 kg<\/h2>\n\n<p>Evita los dolores de espalda con este set Facade Knight, lo tienes todo para colocar y transportar cristales, marcos, toldos, etc. de hasta 5,8 metros de altura y un peso m\u00e1ximo de 200-250 kg. Adem\u00e1s, este set es muy ergon\u00f3mico, compacto, ligero y f\u00e1cil de llevar a la obra. <\/p>\n\n<h2 class=\"wp-block-heading\">Facade Knight Set, la herramienta contra el dolor de espalda<\/h2>\n\n<p>La <a href=\"https:\/\/gevelridder.nl\/nieuws\/gevelridder-m-hybride-milieu\/\" target=\"_blank\" rel=\"noreferrer noopener\">Fachada Knight M H\u00edbrida <\/a>. Es f\u00e1cil de transportar. Plegada 2,4 m, extendida casi 4 m, y con el tubo de extensi\u00f3n extra, puede extenderse hasta 5,8 m de altura. Con el soporte de extensi\u00f3n extra, tambi\u00e9n se puede utilizar para levantar paneles de estanter\u00edas o del coche.   <\/p>\n\n<p>El ligero <a href=\"https:\/\/gevelridder.nl\/en\/product\/kim250-plus\/\">KIM250<\/a> que puedes elevar en 3 posiciones, piensa por ejemplo en los tejados de los invernaderos. Funciona con cuatro pistones kim23 que bombean y vuelven a bombear autom\u00e1ticamente cuando el vac\u00edo es demasiado bajo. Hay huecos en el pist\u00f3n para acoplar un segundo antica\u00eddas.  <\/p>\n\n<p><a href=\"https:\/\/gevelridder.nl\/product\/glaskar-250-platenwagen\/\" target=\"_blank\" rel=\"noreferrer noopener\">El Carro de Aluminio para Vidrio 250 kg.<\/a>  Tambi\u00e9n tiene un peso de 13 kg, el bastidor es de 100\u00d7100 cm, la configuraci\u00f3n es de 200 mm, 250 kg m\u00e1ximo.<\/p>\n\n<p>Dos <a href=\"https:\/\/gevelridder.nl\/es\/producto\/pinza-tensora-para-glaskar-2-0-alu\/\">pinzas tensoras<\/a> para el carro Facade Knight.<\/p>\n\n<h2 class=\"wp-block-heading\">Evita el dolor de espalda con el set Caballero de Fachada<\/h2>\n\n<p>Evita el dolor de espalda con Facade Knight, puedes instalar eficaz y f\u00e1cilmente cristales, ventanas y puertas con la espalda recta. Tambi\u00e9n puedes instalar toldos f\u00e1cilmente. El Facade Knight es f\u00e1cil de transportar y ligero. Los profesionales que lo utilizan est\u00e1n satisfechos. \u00abPor la noche, ya no estoy tumbado en el sof\u00e1 con dolor de espalda, sino que disfruto de la vida\u00bb.    <\/p>\n\n<h2 class=\"wp-block-heading\">Postura poco saludable y dolor de espalda<\/h2>\n\n<h3 class=\"wp-block-heading\">Prevenir el dolor de espalda con el conjunto Facade Knight<\/h3>\n\n<p>En Facade Knight, no se trata de vender nuestros bonitos productos, NO, se trata de la salud de nuestros clientes, a los que llamamos en broma pacientes. A menudo son las peque\u00f1as cosas de la vida las que marcan la diferencia. Ahorrar una peque\u00f1a inversi\u00f3n puede tener a menudo un impacto negativo dr\u00e1stico en la vida de un t\u00e9cnico. Los empleados que trabajan a menudo o durante mucho tiempo en posturas poco saludables tienen m\u00e1s probabilidades de desarrollar dolencias (permanentes) o enfermedades profesionales que afectan a m\u00fasculos, tendones, ligamentos o articulaciones. Piensa en posturas poco saludables como trabajar agachado, con los brazos levantados o de rodillas. En estas posturas, los m\u00fasculos y tendones est\u00e1n alargados o fuertemente tensos. Las posturas en las que se adopta una posici\u00f3n extrema de las articulaciones tambi\u00e9n pueden provocar tensi\u00f3n en tendones, ligamentos y m\u00fasculos.      <\/p>\n\n<h3 class=\"wp-block-heading\">Portal de salud laboral y Fachada Knight<\/h3>\n\n<p>Trabajar en posturas poco saludables puede provocar fatiga o incluso da\u00f1os. Por tanto, es importante limitar al m\u00e1ximo esta forma de esfuerzo f\u00edsico. Los empresarios est\u00e1n obligados a tomar medidas para que los trabajadores puedan trabajar en buenas posturas en la medida de lo posible. Ver tambi\u00e9n: <a href=\"https:\/\/www.arboportaal.nl\/onderwerpen\/werkhoudingen\" target=\"_blank\" rel=\"noreferrer noopener\">postura en el trabajo.<\/a>   <\/p>\n\n<p>Con las herramientas de Facade Knight, los clientes tambi\u00e9n son m\u00e1s conscientes del trabajo que realizan. \u00bfPodr\u00e9 seguir haciendo este trabajo dentro de 10 a\u00f1os cuando tenga constantemente dolor de espalda? \u00a1Para eso est\u00e1 Facade Knight! Disfruta yendo a trabajar.   <\/p>\n\n<h2 class=\"wp-block-heading\">Escasez de personal por dolores de espalda<\/h2>\n\n<p>Los empresarios llevan a\u00f1os dando la voz de alarma sobre la escasez de personal. Una de las soluciones es no centrarse en la cantidad como empresario, sino en la calidad del trabajo del personal. Fachada Knight desempe\u00f1a un papel importante en esto. Trabajando de forma segura, eficiente y ergon\u00f3mica en la planta de trabajo, el profesional no s\u00f3lo disfrutar\u00e1 m\u00e1s de su trabajo, sino que tambi\u00e9n disminuir\u00e1n los dolores de espalda y, por tanto, el absentismo laboral.   <\/p>\n","protected":false},"excerpt":{"rendered":"<p><b>\u2714<\/b> <strong>Bonito conjunto completo:<\/strong><\/p>\n<ol>\n<li>\n<ol>\n<li>Fachada Caballero H\u00edbrido M<\/li>\n<li>Espaciador<\/li>\n<li>Tubo de extensi\u00f3n<\/li>\n<li>Carro de vidrio 250 kg<\/li>\n<li>Dos pinzas tensoras de aluminio<\/li>\n<li>Elevador por vac\u00edo: Kim250 WLL 250 kg<\/li>\n<\/ol>\n<\/li>\n<\/ol>\n<p><strong>\u2714 Ligero, f\u00e1cil de llevar en la furgoneta.<\/strong><\/p>\n<p><strong>\u2714 <\/strong><strong>Longitud de transporte 2400 mm.<\/strong><\/p>\n<p><strong>\u2714 <\/strong><strong>Extensible como m\u00e1ximo hasta 5850 mm.<\/strong><\/p>\n","protected":false},"featured_media":0,"template":"","meta":{"_acf_changed":false,"_seopress_robots_primary_cat":"none","_seopress_titles_title":"","_seopress_titles_desc":"","_seopress_robots_index":""},"product_brand":[],"product_cat":[3012,3010],"product_tag":[3025,2876,3027,2690,2891,3015,2688,3017,3070,3034,3031,3071,3036,3037,3048],"class_list":{"0":"post-141267","1":"product","2":"type-product","3":"status-publish","5":"product_cat-paquetes","6":"product_cat-vidriera-gevelridder","7":"product_tag-alquiler-de-gruas-para-vidrio","8":"product_tag-ascensor-de-cristal","9":"product_tag-ascensor-de-cristal-2","10":"product_tag-caballero-de-la-fachada-gevelridder","11":"product_tag-colocacion-del-vidrio","12":"product_tag-conjunto-del-caballero-de-la-fachada-gevelridder","13":"product_tag-elevador","14":"product_tag-elevador-de-bastidor","15":"product_tag-elevador-de-escalera-2","16":"product_tag-elevador-de-escalera","17":"product_tag-escalera-elevadora","18":"product_tag-minigrua","19":"product_tag-minilift","20":"product_tag-monta","21":"product_tag-rugpijn","22":"product_shipping_class-gevelridder-m","24":"first","25":"instock","26":"sale","27":"taxable","28":"shipping-taxable","29":"purchasable","30":"product-type-simple"},"acf":[],"_links":{"self":[{"href":"https:\/\/gevelridder.nl\/es\/wp-json\/wp\/v2\/product\/141267","targetHints":{"allow":["GET"]}}],"collection":[{"href":"https:\/\/gevelridder.nl\/es\/wp-json\/wp\/v2\/product"}],"about":[{"href":"https:\/\/gevelridder.nl\/es\/wp-json\/wp\/v2\/types\/product"}],"wp:attachment":[{"href":"https:\/\/gevelridder.nl\/es\/wp-json\/wp\/v2\/media?parent=141267"}],"wp:term":[{"taxonomy":"product_brand","embeddable":true,"href":"https:\/\/gevelridder.nl\/es\/wp-json\/wp\/v2\/product_brand?post=141267"},{"taxonomy":"product_cat","embeddable":true,"href":"https:\/\/gevelridder.nl\/es\/wp-json\/wp\/v2\/product_cat?post=141267"},{"taxonomy":"product_tag","embeddable":true,"href":"https:\/\/gevelridder.nl\/es\/wp-json\/wp\/v2\/product_tag?post=141267"}],"curies":[{"name":"wp","href":"https:\/\/api.w.org\/{rel}","templated":true}]}}