
{"id":141266,"date":"2026-03-24T08:17:10","date_gmt":"2026-03-24T08:17:10","guid":{"rendered":"https:\/\/gevelridder.nl\/product\/pata-de-barandilla-gevelridder\/"},"modified":"2026-05-08T12:41:51","modified_gmt":"2026-05-08T12:41:51","slug":"pata-de-barandilla-gevelridder","status":"publish","type":"product","link":"https:\/\/gevelridder.nl\/es\/producto\/pata-de-barandilla-gevelridder\/","title":{"rendered":"Pata de Barandilla Gevelridder"},"content":{"rendered":"\n<h2 class=\"wp-block-heading\">Pata de Barandilla Gevelridder<\/h2>\n\n<h3 class=\"wp-block-heading\">Cap\u00edtulo 1: Introducci\u00f3n a la pata de barandilla Gevelridder<\/h3>\n\n<p>La Pata de Balaustrada Gevelridder es un soporte suelto que se puede montar encima de la Gevelridder S o la Gevelridder M o la Gevelridder M H\u00edbrida, creando una balaustrada elevadora. Esta innovaci\u00f3n proporciona una soluci\u00f3n pr\u00e1ctica para trabajar con seguridad y eficacia en altura. Con una longitud de 230 cm, el soporte alcanza una altura de trabajo de unos 2 metros, lo que lo convierte en un tama\u00f1o ideal para una gran variedad de trabajos.  <\/p>\n\n<h3 class=\"wp-block-heading\">Cap\u00edtulo 2: Especificaciones t\u00e9cnicas<\/h3>\n\n<p>La carga m\u00e1xima de la pata de balaustrada Gevelridder est\u00e1 fijada en 200 kg. Esta capacidad de carga no s\u00f3lo permite instalar vidrios de balaustrada, sino que tambi\u00e9n permite a los profesionales transportar con seguridad l\u00e1minas de vidrio, puertas u otro material hasta el suelo. El Carro para Cristales puede desplazarse f\u00e1cilmente por debajo del ascensor, de modo que las l\u00e1minas de material puedan colocarse en el carro y seguir transport\u00e1ndose.  <\/p>\n\n<h3 class=\"wp-block-heading\">Cap\u00edtulo 3: Riesgos de trabajar sin Herramientas<\/h3>\n\n<p>Levantar objetos pesados con regularidad es perjudicial para la salud. Al levantar objetos pesados se corre el riesgo de da\u00f1ar los m\u00fasculos de la espalda, los ligamentos del tejido conjuntivo que rodea la columna vertebral o los discos intervertebrales. Cuanto m\u00e1s pesado sea el levantamiento, mayor ser\u00e1 el riesgo de da\u00f1os. Sin embargo, incluso el levantamiento de objetos ligeros puede provocar da\u00f1os, por ejemplo porque debe hacerse en una posici\u00f3n desfavorable (doblado, torcido o con los brazos levantados) o por levantar demasiadas veces seguidas con un tiempo de recuperaci\u00f3n demasiado escaso. Puedes encontrar m\u00e1s informaci\u00f3n en el Portal de Salud y Seguridad en el Trabajo.    <\/p>\n\n<h3 class=\"wp-block-heading\">Cap\u00edtulo 4: Compatibilidad y opciones de pedido<\/h3>\n\n<p>Es importante tener en cuenta que la Pata de Barandilla no puede utilizarse junto con el Caballero de Fachada (Gevelridder) L y XL. Para quienes a\u00fan no posean un Facade Knight (Gevelridder), existe la posibilidad de encargarnos un juego completo. Esto garantiza que se puedan obtener todas las piezas necesarias a la vez, lo que puede optimizar a\u00fan m\u00e1s el proceso de trabajo.  <\/p>\n\n<h3 class=\"wp-block-heading\">Cap\u00edtulo 5: Conclusi\u00f3n<\/h3>\n\n<p>La Pata de Barandilla Gevelridder es una herramienta esencial para realizar trabajos en altura. Proporciona un apoyo firme y reduce los riesgos asociados al levantamiento de cargas pesadas. La pata forma parte de un sistema que aumenta la eficacia y reduce el esfuerzo f\u00edsico de los trabajadores, contribuyendo a un entorno laboral m\u00e1s seguro y saludable. Esta soluci\u00f3n innovadora mejora los procesos de trabajo y ayuda a las empresas a cumplir los requisitos de salud y seguridad. Al considerar la inversi\u00f3n en la Pata de Barandilla Gevelridder, se est\u00e1 invirtiendo en la salud y seguridad de los trabajadores y en la calidad del resultado final.    <\/p>\n","protected":false},"excerpt":{"rendered":"<p>Con la Pata de Balaustrada Gevelridder puedes instalar balaustradas de cristal, pero tambi\u00e9n pensar en transportar paneles de cristal, puertas u otros materiales hasta el suelo. Tambi\u00e9n puedes pasar f\u00e1cilmente el carro de front\u00f3n por debajo de este elevador para colocar la l\u00e1mina de material en el carro y transportarla despu\u00e9s hasta el suelo. La pata debe ir desde el suelo hasta el centro del tubo de 215 cm de altura.  <\/p>\n","protected":false},"featured_media":0,"template":"","meta":{"_acf_changed":false,"_seopress_robots_primary_cat":"none","_seopress_titles_title":"","_seopress_titles_desc":"","_seopress_robots_index":""},"product_brand":[],"product_cat":[2682,3010],"product_tag":[3069,2690,3068,3067],"class_list":{"0":"post-141266","1":"product","2":"type-product","3":"status-publish","5":"product_cat-piezas","6":"product_cat-vidriera-gevelridder","7":"product_tag-bien","8":"product_tag-caballero-de-la-fachada-gevelridder","9":"product_tag-elevacion-sobre-tejado","10":"product_tag-pata-de-balaustrada","11":"product_shipping_class-75-euros","13":"first","14":"instock","15":"taxable","16":"shipping-taxable","17":"purchasable","18":"product-type-simple"},"acf":[],"_links":{"self":[{"href":"https:\/\/gevelridder.nl\/es\/wp-json\/wp\/v2\/product\/141266","targetHints":{"allow":["GET"]}}],"collection":[{"href":"https:\/\/gevelridder.nl\/es\/wp-json\/wp\/v2\/product"}],"about":[{"href":"https:\/\/gevelridder.nl\/es\/wp-json\/wp\/v2\/types\/product"}],"wp:attachment":[{"href":"https:\/\/gevelridder.nl\/es\/wp-json\/wp\/v2\/media?parent=141266"}],"wp:term":[{"taxonomy":"product_brand","embeddable":true,"href":"https:\/\/gevelridder.nl\/es\/wp-json\/wp\/v2\/product_brand?post=141266"},{"taxonomy":"product_cat","embeddable":true,"href":"https:\/\/gevelridder.nl\/es\/wp-json\/wp\/v2\/product_cat?post=141266"},{"taxonomy":"product_tag","embeddable":true,"href":"https:\/\/gevelridder.nl\/es\/wp-json\/wp\/v2\/product_tag?post=141266"}],"curies":[{"name":"wp","href":"https:\/\/api.w.org\/{rel}","templated":true}]}}