
{"id":141265,"date":"2026-03-24T08:17:09","date_gmt":"2026-03-24T08:17:09","guid":{"rendered":"https:\/\/gevelridder.nl\/product\/gevelridder-basic-set-250kg\/"},"modified":"2026-05-08T12:41:51","modified_gmt":"2026-05-08T12:41:51","slug":"gevelridder-basic-set-250kg","status":"publish","type":"product","link":"https:\/\/gevelridder.nl\/es\/producto\/gevelridder-basic-set-250kg\/","title":{"rendered":"Gevelridder BASIC Set 250kg"},"content":{"rendered":"\n<h2 class=\"wp-block-heading\">Juego caballero aguil\u00f3n 250 kg<\/h2>\n\n<p>Evita problemas de espalda con este set de Rider para Fachadas, lo tienes todo para colocar y transportar cristales, marcos de ventanas, persianas, etc. hasta una altura de 5,8 metros y un peso m\u00e1ximo de 200-250 kg. Adem\u00e1s, este set es muy respetuoso con la salud y la seguridad, de tama\u00f1o reducido, ligero y, por tanto, f\u00e1cil de llevar a la obra. <\/p>\n\n<h2 class=\"wp-block-heading\">Gable Knight Set, la herramienta contra el dolor de espalda<\/h2>\n\n<p>El <a href=\"https:\/\/gevelridder.nl\/nieuws\/gevelridder-m-hybride-milieu\/\" target=\"_blank\" rel=\"noreferrer noopener\">Gevelridder M H\u00edbrido <\/a>. Es f\u00e1cil de transportar. Retra\u00eddo 2,4 m, extendido casi 4 m, y con el tubo de extensi\u00f3n adicional, puede extenderse hasta una altura m\u00e1xima de 5,8 m. Con el soporte de extensi\u00f3n adicional, tambi\u00e9n puede utilizarse para levantar paneles de estanter\u00edas o del coche.   <\/p>\n\n<p>El ligero <a href=\"https:\/\/gevelridder.nl\/en\/product\/sirliftalot4-250kg\/\">SirLiftAlot 4 <\/a>, que puedes elevar en 3 posiciones, tambi\u00e9n tiene en cuenta, por ejemplo, los tejados de los invernaderos. La ventosa funciona con ventosas de bomba Lexan; en cuanto quieras elevar por encima de 1,8 m (planta baja), deber\u00e1s utilizar protecci\u00f3n antica\u00edda, pero los soportes de montaje para ello tambi\u00e9n est\u00e1n presentes. <\/p>\n\n<p><a href=\"https:\/\/gevelridder.nl\/product\/glaskar-250-platenwagen\/\" target=\"_blank\" rel=\"noreferrer noopener\">El Carro de Aluminio para Vidrio 250 kg.<\/a>  Tambi\u00e9n tiene un peso neto de 13 kg, el bastidor es de 100\u00d7100 cm, la profundidad de la plataforma es de 200 mm, 250 kg m\u00e1ximo.<\/p>\n\n<p>Dos <a href=\"https:\/\/gevelridder.nl\/es\/producto\/pinza-tensora-para-glaskar-2-0-alu\/\">pinzas tensoras<\/a> para el carro Gevelridder.<\/p>\n\n<h2 class=\"wp-block-heading\">Evita el dolor de espalda con el conjunto Geveridder<\/h2>\n\n<p>Evita el dolor de espalda con Gable Knight, puedes montar f\u00e1cilmente cristales, ventanas y puertas de forma eficaz y con la espalda recta. Tambi\u00e9n se pueden montar toldos f\u00e1cilmente. El Gevelridder es f\u00e1cil de transportar y es ligero. Los profesionales que utilizan los productos est\u00e1n satisfechos. \u00abYa no tengo que tumbarme en el sof\u00e1 por la noche con dolor de espalda, sino disfrutar de la vida\u00bb.    <\/p>\n\n<h2 class=\"wp-block-heading\">Posturas de trabajo poco saludables y dolor de espalda<\/h2>\n\n<h3 class=\"wp-block-heading\">Prevenir el dolor de espalda con el Juego del Caballero Gable<\/h3>\n\n<p>En Gevelridder no nos dedicamos a vender nuestros bellos, NO, nos dedicamos a la salud de nuestros clientes, pacientes los llamamos en broma. A menudo son las peque\u00f1as cosas de la vida las que marcan la diferencia. A menudo, ahorrar una peque\u00f1a inversi\u00f3n puede afectar dr\u00e1sticamente a la vida de un mec\u00e1nico. Los empleados que trabajan a menudo o durante mucho tiempo en posturas de trabajo poco saludables tienen m\u00e1s probabilidades de sufrir dolencias (permanentes) o enfermedades profesionales de m\u00fasculos, tendones, ligamentos o articulaciones. Las posturas de trabajo insalubres incluyen trabajar agachado, con los brazos levantados o de rodillas. Estas posturas implican que los m\u00fasculos y tendones se estiren mucho o con fuerza. Las posturas que implican una posici\u00f3n extrema de las articulaciones tambi\u00e9n pueden causar tensi\u00f3n en tendones, ligamentos y m\u00fasculos.      <\/p>\n\n<h3 class=\"wp-block-heading\">Arboportal y Gable Knight<\/h3>\n\n<p>Trabajar en posturas poco saludables puede provocar fatiga o incluso lesiones. Por tanto, es importante limitar al m\u00e1ximo este tipo de esfuerzo f\u00edsico. Los empresarios est\u00e1n obligados a tomar medidas para que los empleados puedan trabajar en buenas posturas en la medida de lo posible. v\u00e9ase tambi\u00e9n: <a href=\"https:\/\/www.arboportaal.nl\/onderwerpen\/werkhoudingen\" target=\"_blank\" rel=\"noreferrer noopener\">postura en el trabajo.<\/a>   <\/p>\n\n<p>Con las herramientas de Facade Knight, los clientes tambi\u00e9n son m\u00e1s conscientes del trabajo que realizan. \u00bfPodr\u00e9 seguir haciendo este trabajo dentro de 10 a\u00f1os cuando tenga constantemente dolor de espalda? \u00a1Para eso est\u00e1 Facade Knight! Disfruta yendo a trabajar.   <\/p>\n\n<h2 class=\"wp-block-heading\">Falta de personal por dolor de espalda<\/h2>\n\n<p>Los empresarios llevan a\u00f1os dando la voz de alarma sobre la escasez de personal. Una de las soluciones en este caso es centrarse como empresario no en la cantidad, sino en la calidad del trabajo del personal. Gevelridder desempe\u00f1a un papel importante en este sentido. Trabajando con seguridad, eficacia y ergonom\u00eda en el taller, el artesano no s\u00f3lo disfrutar\u00e1 m\u00e1s de su trabajo, sino que disminuir\u00e1n los dolores de espalda y el absentismo.   <\/p>\n","protected":false},"excerpt":{"rendered":"<p><b>\u2714<\/b> <strong>Bonito conjunto completo:<\/strong><\/p>\n<ol>\n<li>\n<ol>\n<li>Gable Knight H\u00edbrido M<\/li>\n<li>Tubo de extensi\u00f3n<\/li>\n<li>Espaciador<\/li>\n<li>Carro de vidrio 250 kg<\/li>\n<li>Dos pinzas tensoras de aluminio<\/li>\n<li>Elevador por vac\u00edo: SirLiftAlot 4 WLL 250 kg<\/li>\n<\/ol>\n<\/li>\n<\/ol>\n<p><strong>\u2714 Peso ligero, se puede llevar en el autob\u00fas.<\/strong><\/p>\n<p><strong>\u2714 <\/strong><strong>Longitud de transporte 2400 mm.<\/strong><\/p>\n<p><strong>\u2714 <\/strong><strong>Extensible como m\u00e1ximo hasta 5850 mm.<\/strong><\/p>\n","protected":false},"featured_media":0,"template":"","meta":{"_acf_changed":false,"_seopress_robots_primary_cat":"none","_seopress_titles_title":"","_seopress_titles_desc":"","_seopress_robots_index":""},"product_brand":[],"product_cat":[3012,3010],"product_tag":[3025,2876,3027,2690,2891,3015,2688,3017,3034,3031,3036,3037,3048],"class_list":{"0":"post-141265","1":"product","2":"type-product","3":"status-publish","5":"product_cat-paquetes","6":"product_cat-vidriera-gevelridder","7":"product_tag-alquiler-de-gruas-para-vidrio","8":"product_tag-ascensor-de-cristal","9":"product_tag-ascensor-de-cristal-2","10":"product_tag-caballero-de-la-fachada-gevelridder","11":"product_tag-colocacion-del-vidrio","12":"product_tag-conjunto-del-caballero-de-la-fachada-gevelridder","13":"product_tag-elevador","14":"product_tag-elevador-de-bastidor","15":"product_tag-elevador-de-escalera","16":"product_tag-escalera-elevadora","17":"product_tag-minilift","18":"product_tag-monta","19":"product_tag-rugpijn","20":"product_shipping_class-gevelridder-m","22":"first","23":"instock","24":"sale","25":"taxable","26":"shipping-taxable","27":"purchasable","28":"product-type-simple"},"acf":[],"_links":{"self":[{"href":"https:\/\/gevelridder.nl\/es\/wp-json\/wp\/v2\/product\/141265","targetHints":{"allow":["GET"]}}],"collection":[{"href":"https:\/\/gevelridder.nl\/es\/wp-json\/wp\/v2\/product"}],"about":[{"href":"https:\/\/gevelridder.nl\/es\/wp-json\/wp\/v2\/types\/product"}],"wp:attachment":[{"href":"https:\/\/gevelridder.nl\/es\/wp-json\/wp\/v2\/media?parent=141265"}],"wp:term":[{"taxonomy":"product_brand","embeddable":true,"href":"https:\/\/gevelridder.nl\/es\/wp-json\/wp\/v2\/product_brand?post=141265"},{"taxonomy":"product_cat","embeddable":true,"href":"https:\/\/gevelridder.nl\/es\/wp-json\/wp\/v2\/product_cat?post=141265"},{"taxonomy":"product_tag","embeddable":true,"href":"https:\/\/gevelridder.nl\/es\/wp-json\/wp\/v2\/product_tag?post=141265"}],"curies":[{"name":"wp","href":"https:\/\/api.w.org\/{rel}","templated":true}]}}