
{"id":141264,"date":"2026-03-24T11:35:38","date_gmt":"2026-03-24T11:35:38","guid":{"rendered":"https:\/\/gevelridder.nl\/product\/cabeza-hibrida-gevelridder\/"},"modified":"2026-05-08T12:42:37","modified_gmt":"2026-05-08T12:42:37","slug":"cabeza-hibrida-gevelridder","status":"publish","type":"product","link":"https:\/\/gevelridder.nl\/es\/producto\/cabeza-hibrida-gevelridder\/","title":{"rendered":"Cabeza h\u00edbrida GEVELRIDDER"},"content":{"rendered":"\n<h2 class=\"wp-block-heading\">Cabeza h\u00edbrida Gableknight<\/h2>\n\n<p>El Cabezal H\u00edbrido Gevelridder es un conjunto de cabezal que viene de serie con el Gevelridder M. Si adquieres un Gevelridder H\u00edbrido L y no posees un Gevelridder H\u00edbrido M, deber\u00e1s comprar este cabezal o el cabezal del brazo por separado. El cabezal es ligero y r\u00e1pido de montar. <\/p>\n","protected":false},"excerpt":{"rendered":"<div class=\"woocommerce-product-details__short-description\">\n<p>El Cabezal H\u00edbrido Gevelridder es un conjunto de cabezal que viene de serie con el Gevelridder M. Si adquieres un Gevelridder H\u00edbrido L y no posees un Gevelridder H\u00edbrido M, deber\u00e1s comprar este cabezal o el cabezal del brazo por separado <a href=\"https:\/\/gevelridder.nl\/es\/producto\/pluma-hibrida-gevelridder\/\">.<\/a><\/p>\n<\/div>\n","protected":false},"featured_media":0,"template":"","meta":{"_acf_changed":false,"_seopress_robots_primary_cat":"none","_seopress_titles_title":"","_seopress_titles_desc":"","_seopress_robots_index":""},"product_brand":[],"product_cat":[2682,3010],"product_tag":[3057,3058,2876,3053,3054,2687,2813,3055,3034,2874,3060,3059,2892,2884,3056,3061,3062,3063,3064,3065,2880],"class_list":{"0":"post-141264","1":"product","2":"type-product","3":"status-publish","5":"product_cat-piezas","6":"product_cat-vidriera-gevelridder","7":"product_tag-alquiler-de-elevadores-de-cristal","8":"product_tag-ascensor-de-cristal-3","9":"product_tag-ascensor-de-cristal","10":"product_tag-caballero-de-la-fachada-gevelridder-m","11":"product_tag-caballero-electrico-hibrido-de-fachada-gevelridder","12":"product_tag-colocacion-del-cristal","13":"product_tag-cristal-de-montaje","14":"product_tag-elevador-2","15":"product_tag-elevador-de-escalera","16":"product_tag-glaser","17":"product_tag-griplift","18":"product_tag-levantamiento-de-cristales","19":"product_tag-marco-de-ventana-2","20":"product_tag-miroiterie","21":"product_tag-pluma","22":"product_tag-shopfitter","23":"product_tag-sirliftalot","24":"product_tag-suncreenlift","25":"product_tag-ventosa","26":"product_tag-viavac","27":"product_tag-vidriero","28":"product_shipping_class-35-euros","30":"first","31":"instock","32":"taxable","33":"shipping-taxable","34":"purchasable","35":"product-type-simple"},"acf":[],"_links":{"self":[{"href":"https:\/\/gevelridder.nl\/es\/wp-json\/wp\/v2\/product\/141264","targetHints":{"allow":["GET"]}}],"collection":[{"href":"https:\/\/gevelridder.nl\/es\/wp-json\/wp\/v2\/product"}],"about":[{"href":"https:\/\/gevelridder.nl\/es\/wp-json\/wp\/v2\/types\/product"}],"wp:attachment":[{"href":"https:\/\/gevelridder.nl\/es\/wp-json\/wp\/v2\/media?parent=141264"}],"wp:term":[{"taxonomy":"product_brand","embeddable":true,"href":"https:\/\/gevelridder.nl\/es\/wp-json\/wp\/v2\/product_brand?post=141264"},{"taxonomy":"product_cat","embeddable":true,"href":"https:\/\/gevelridder.nl\/es\/wp-json\/wp\/v2\/product_cat?post=141264"},{"taxonomy":"product_tag","embeddable":true,"href":"https:\/\/gevelridder.nl\/es\/wp-json\/wp\/v2\/product_tag?post=141264"}],"curies":[{"name":"wp","href":"https:\/\/api.w.org\/{rel}","templated":true}]}}