
{"id":141241,"date":"2026-03-24T08:17:11","date_gmt":"2026-03-24T08:17:11","guid":{"rendered":"https:\/\/gevelridder.nl\/product\/pinza-tensora-para-glaskar-1-0-acero\/"},"modified":"2026-05-08T12:33:58","modified_gmt":"2026-05-08T12:33:58","slug":"pinza-tensora-para-glaskar-1-0-acero","status":"publish","type":"product","link":"https:\/\/gevelridder.nl\/es\/producto\/pinza-tensora-para-glaskar-1-0-acero\/","title":{"rendered":"Pinza tensora para Glaskar 1.0 acero"},"content":{"rendered":"\n<h2 class=\"wp-block-heading\"><strong>La pinza caballero para Glaskar 1.0 acero<\/strong><\/h2>\n\n<p><strong>Guardi\u00e1n del Vidrio en el \u00c1mbito de la Construcci\u00f3n<\/strong><\/p>\n\n<p>En el reino de la construcci\u00f3n, donde confluyen artesan\u00eda y precisi\u00f3n, es esencial disponer del arsenal de herramientas adecuado. Fabricada en acero de alta calidad resistente a la corrosi\u00f3n y tratada con caucho, la pinza tensora se erige como un intr\u00e9pido caballero dispuesto a proteger tu cristal. Para la fiel Glaskar, ya sea la variante de 150 kg o la de 250 kg, una pinza tensora suele proporcionar la fuerza necesaria. Sin embargo, para hojas de cristal m\u00e1s grandes, dos de estos robustos caballeros duplican la protecci\u00f3n, manteniendo el cristal en pie con firmeza, como si estuviera custodiado por los guardias de un castillo medieval. No obstante, como todo caballero tiene sus debilidades, este tensor de acero tambi\u00e9n tiene su carga: el peso. \u00a1Pero no tem\u00e1is, nobles constructores! Los tiempos modernos nos traen una <a href=\"https:\/\/gevelridder.nl\/es\/producto\/pinza-tensora-para-glaskar-2-0-alu\/\">versi\u00f3n de aluminio del tensor<\/a>. M\u00e1s ligera de peso y m\u00e1s agradable para el bolsillo, pero igual de resuelta en su tarea. Tanto si utilizas <a href=\"https:\/\/gevelridder.nl\/product\/glaskar-250-platenwagen\/\">el Glaskar<\/a> como el <a href=\"https:\/\/gevelridder.nl\/en\/product\/carve-250kg-2-0\/\">Carve<\/a>, esta abrazadera tensora sirve como brazo de protecci\u00f3n adicional contra la ca\u00edda del cristal hacia delante. Sin embargo, al igual que un caballero debe estar siempre alerta, nunca debes dejar el cristal desatendido, ni siquiera con la pinza tensora como protecci\u00f3n. Las r\u00e1fagas de viento inesperadas pueden ser un enemigo insidioso, dispuesto a derribar tu carro. Por tanto, nobles constructores, aseguraos siempre de que vuestro carro est\u00e1 en terreno firme y nivelado, y de que vuestros cristales est\u00e1n protegidos por la fiable abrazadera de tensi\u00f3n, el caballero del mundo de la construcci\u00f3n.           <\/p>\n","protected":false},"excerpt":{"rendered":"<p>Caballeros de la construcci\u00f3n, equipa tu Glaskar con la intr\u00e9pida pinza tensora: tu escudo contra la ca\u00edda de cristales. Fabricada en acero resistente, ahora tambi\u00e9n disponible en una <a href=\"https:\/\/gevelridder.nl\/es\/producto\/pinza-tensora-para-glaskar-2-0-alu\/\">versi\u00f3n ligera de aluminio<\/a> (\u00a1m\u00e1s ligera y barata!). Un aliado fiable en la batalla por la estabilidad, pero nunca dejes el cristal desatendido. Protege tus proyectos con este protector y construye con confianza y orgullo. Para cristales grandes, utiliza dos pinzas tensoras.    <\/p>\n","protected":false},"featured_media":0,"template":"","meta":{"_acf_changed":false,"_seopress_robots_primary_cat":"none","_seopress_titles_title":"","_seopress_titles_desc":"","_seopress_robots_index":""},"product_brand":[],"product_cat":[2780,2778],"product_tag":[2815,2782,2926],"class_list":{"0":"post-141241","1":"product","2":"type-product","3":"status-publish","5":"product_cat-carros-de-fachada","6":"product_cat-piezas-2","7":"product_tag-carro-de-discos","8":"product_tag-glaskar","9":"product_tag-spanklem-staal","10":"product_shipping_class-25-euros","12":"first","13":"instock","14":"taxable","15":"shipping-taxable","16":"purchasable","17":"product-type-simple"},"acf":[],"_links":{"self":[{"href":"https:\/\/gevelridder.nl\/es\/wp-json\/wp\/v2\/product\/141241","targetHints":{"allow":["GET"]}}],"collection":[{"href":"https:\/\/gevelridder.nl\/es\/wp-json\/wp\/v2\/product"}],"about":[{"href":"https:\/\/gevelridder.nl\/es\/wp-json\/wp\/v2\/types\/product"}],"wp:attachment":[{"href":"https:\/\/gevelridder.nl\/es\/wp-json\/wp\/v2\/media?parent=141241"}],"wp:term":[{"taxonomy":"product_brand","embeddable":true,"href":"https:\/\/gevelridder.nl\/es\/wp-json\/wp\/v2\/product_brand?post=141241"},{"taxonomy":"product_cat","embeddable":true,"href":"https:\/\/gevelridder.nl\/es\/wp-json\/wp\/v2\/product_cat?post=141241"},{"taxonomy":"product_tag","embeddable":true,"href":"https:\/\/gevelridder.nl\/es\/wp-json\/wp\/v2\/product_tag?post=141241"}],"curies":[{"name":"wp","href":"https:\/\/api.w.org\/{rel}","templated":true}]}}