
{"id":141240,"date":"2026-04-03T09:29:11","date_gmt":"2026-04-03T09:29:11","guid":{"rendered":"https:\/\/gevelridder.nl\/product\/pinza-tensora-para-glaskar-2-0-alu\/"},"modified":"2026-05-08T12:33:58","modified_gmt":"2026-05-08T12:33:58","slug":"pinza-tensora-para-glaskar-2-0-alu","status":"publish","type":"product","link":"https:\/\/gevelridder.nl\/es\/producto\/pinza-tensora-para-glaskar-2-0-alu\/","title":{"rendered":"Pinza tensora para Glaskar 2.0 ALU"},"content":{"rendered":"\n<h2 class=\"wp-block-heading\">Abrazadera de tensi\u00f3n<\/h2>\n\n<p>Esta pr\u00e1ctica Pinza Tensora 2.0 de Gevelridder no s\u00f3lo es ligera, sino tambi\u00e9n segura y robusta de usar. Gracias a su largo carro, esta pinza tensora de aluminio puede incluso \u00abaparcarse\u00bb en la parte trasera del Glaskar.   <\/p>\n\n<p>B\u00e1sicamente, 1 pinza es suficiente para el mandril cuando se utiliza en el Glaskar de aluminio. Para cristales grandes, recomendamos dos pinzas tensoras.   <\/p>\n\n<p>Fabricado en aluminio de alta calidad y recubierto con la misma alfombra que el carro de cristal. Precio por pieza.   <\/p>\n\n<p>Las pinzas tensoras son un elemento crucial para la seguridad en tu taller o en la obra. Pueden producirse situaciones peligrosas si el carro o la estanter\u00eda de vidrio no est\u00e1n rectos, lo que puede hacer que el vidrio u otro material en l\u00e1minas se caiga. Pero las condiciones meteorol\u00f3gicas tambi\u00e9n pueden causar peligros inesperados. En una obra, en un jard\u00edn o en un balc\u00f3n, el viento es un riesgo; las l\u00e1minas de cristal atrapan mucho viento. Por tanto, nunca dejes tu carro de cristal desatendido en la obra, sobre todo si hace viento. Una r\u00e1faga de viento puede derribar todo el carro. La pinza tensora es esa mano extra necesaria para transportar el vidrio con seguridad.        <\/p>\n\n<p>Los productos Gevelridder son principalmente de aluminio: ligeros, resistentes, r\u00e1pidos de desplegar y fabricados en Holanda. Por eso esta pinza encaja perfectamente en el surtido de Gevelridder, \u00a1tu especialista en ayudas para la elevaci\u00f3n!   <\/p>\n","protected":false},"excerpt":{"rendered":"<p>Pinza tensora de aluminio de Gevelridder. La pinza tensora 2.0 es de aluminio, lo que la hace m\u00e1s ligera y c\u00f3moda de usar. La pinza tensora encaja de serie en todos nuestros carros. Fabricamos nosotros mismos el mandril, que es de aluminio y est\u00e1 recubierto de alfombra de cristal para no da\u00f1ar el cristal ni las placas. -Fabricado en Holanda-    <\/p>\n","protected":false},"featured_media":0,"template":"","meta":{"_acf_changed":false,"_seopress_robots_primary_cat":"none","_seopress_titles_title":"Pinza tensora para Glaskar 2.0 ALU","_seopress_titles_desc":"Pr\u00e1ctica abrazadera de tensi\u00f3n ligera para nuestros carros de cristal de aluminio, para evitar que el cristal se caiga hacia delante. La abrazadera tensora est\u00e1 alfombrada. ","_seopress_robots_index":""},"product_brand":[],"product_cat":[2781,2777,2779,2778],"product_tag":[2815,2799,2923,2782,2922,2921,2925,2924],"class_list":{"0":"post-141240","1":"product","2":"type-product","3":"status-publish","5":"product_cat-ayudas-al-transporte","6":"product_cat-carros","7":"product_cat-carros-de-transporte-de-vidrio","8":"product_cat-piezas-2","9":"product_tag-carro-de-discos","10":"product_tag-carro-de-placas","11":"product_tag-chuck","12":"product_tag-glaskar","13":"product_tag-mandril-de-aluminio","14":"product_tag-peso-ligero","15":"product_tag-seguridad","16":"product_tag-vidrio-de-apoyo","17":"product_shipping_class-pakket-80-50-20","19":"first","20":"instock","21":"taxable","22":"shipping-taxable","23":"purchasable","24":"product-type-simple"},"acf":[],"_links":{"self":[{"href":"https:\/\/gevelridder.nl\/es\/wp-json\/wp\/v2\/product\/141240","targetHints":{"allow":["GET"]}}],"collection":[{"href":"https:\/\/gevelridder.nl\/es\/wp-json\/wp\/v2\/product"}],"about":[{"href":"https:\/\/gevelridder.nl\/es\/wp-json\/wp\/v2\/types\/product"}],"wp:attachment":[{"href":"https:\/\/gevelridder.nl\/es\/wp-json\/wp\/v2\/media?parent=141240"}],"wp:term":[{"taxonomy":"product_brand","embeddable":true,"href":"https:\/\/gevelridder.nl\/es\/wp-json\/wp\/v2\/product_brand?post=141240"},{"taxonomy":"product_cat","embeddable":true,"href":"https:\/\/gevelridder.nl\/es\/wp-json\/wp\/v2\/product_cat?post=141240"},{"taxonomy":"product_tag","embeddable":true,"href":"https:\/\/gevelridder.nl\/es\/wp-json\/wp\/v2\/product_tag?post=141240"}],"curies":[{"name":"wp","href":"https:\/\/api.w.org\/{rel}","templated":true}]}}