
{"id":141239,"date":"2026-03-24T11:39:17","date_gmt":"2026-03-24T11:39:17","guid":{"rendered":"https:\/\/gevelridder.nl\/product\/carro-de-placas-urbanas-glaskar-250kg\/"},"modified":"2026-05-08T12:33:58","modified_gmt":"2026-05-08T12:33:58","slug":"carro-de-placas-urbanas-glaskar-250kg","status":"publish","type":"product","link":"https:\/\/gevelridder.nl\/es\/producto\/carro-de-placas-urbanas-glaskar-250kg\/","title":{"rendered":"Carro de Placas Urbanas Glaskar 250kg"},"content":{"rendered":"\n<p>El Carro para losas urbanas 250 kg de Glaskar ofrece la soluci\u00f3n perfecta con su gran estante superior, ideal para marcos de ventana m\u00e1s anchos y otros materiales. Con una carga m\u00e1xima de 250 kg (distribuidos uniformemente), el Carro de losas es la elecci\u00f3n adecuada para tus necesidades de transporte. Con este carro, las ruedas est\u00e1n un poco m\u00e1s separadas para que tambi\u00e9n se pueda colocar una pinza tensora en el centro. El inconveniente es que este carro es menos maniobrable que el <a href=\"https:\/\/gevelridder.nl\/product\/glaskar-platenwagen-250kg-plus\/\">Glaskar 250 plus.<\/a>   <\/p>\n\n<p><strong>Carro de Placas Urbanas Glaskar 250kg: Transporte Eficiente<\/strong><\/p>\n\n<p>El Carro Gable, de 100\u00d7100 cm con un estante de carga de 18 cm, est\u00e1 dise\u00f1ado para satisfacer tus necesidades. Este carro de aluminio, que s\u00f3lo pesa 12 kg, ofrece durabilidad y portabilidad. La parte inferior del carro tiene 3 tubos montados, que te permiten utilizar abrazaderas de tensi\u00f3n para una mayor estabilidad durante el transporte.  <\/p>\n\n<p><strong>Carro de Platos Urbano Glaskar 250kg : Dise\u00f1ado con Amor, Hecho en Holanda<\/strong><\/p>\n\n<p>Nuestro carro de discos no es un carro m\u00e1s. Te presentamos con orgullo nuestro carro para discos dise\u00f1ado y fabricado a mano, #MadeinHolland. Cada detalle se ha cuidado con mimo, haciendo que este carro destaque como \u00abel Mercedes\u00bb entre los carros.  <\/p>\n\n<p><strong>Abrazaderas y accesorios<\/strong><\/p>\n\n<p>Ten en cuenta que el precio no incluye las pinzas tensoras. Puedes pedirlas por separado para que tu transporte sea a\u00fan m\u00e1s seguro. <\/p>\n\n<p><strong>Dimensiones y opciones<\/strong><\/p>\n\n<p>El estante de carga de la Carretilla de Placas Glaskar tiene 18 cm de ancho, mientras que la anchura total, incluidas las ruedas, es de s\u00f3lo 50 cm. \u00bfBuscas una carretilla de un solo eje? Nuestra de un solo eje tiene un WLL (L\u00edmite de Carga de Trabajo) m\u00e1ximo de 150 kg. Las asas ajustables con mecanismo de enganche r\u00e1pido y el fieltro negro\/antracita completan la experiencia.   <\/p>\n\n<p><strong>Caballero de la Fachada (Gevelridder): Evita problemas de salud con un transporte eficiente<\/strong><\/p>\n\n<p>\u00bfSab\u00edas que levantar y cargar mientras se trabaja es la principal causa de dolencias f\u00edsicas? Dolores de espalda, hombros, cuello, rodillas y caderas pueden ser consecuencia de un levantamiento inadecuado; nuestro carro para losas lo evita. Nuestro carro para fachadas o carro para losas est\u00e1 dise\u00f1ado pensando tanto en la eficacia como en la salud. Con los medios auxiliares de elevaci\u00f3n de Gevelridder, puedes prevenir estas dolencias y trabajar con seguridad y comodidad.   <\/p>\n\n<p><strong>TNO &#8211; Datos sobre la carga de trabajo f\u00edsico 2018<\/strong><\/p>\n\n<p>El esfuerzo f\u00edsico sigue siendo una de las principales causas de enfermedad profesional y absentismo laboral. Nuestros productos est\u00e1n dise\u00f1ados para contribuir a un entorno de trabajo m\u00e1s saludable, de acuerdo con las conclusiones del TNO. Descubre el poder de la carretilla Gable y la carretilla Plate: tus aliadas para un transporte eficaz y unas condiciones de trabajo saludables. \u00a1Haz tu pedido ahora y experimenta la diferencia! Por cierto, \u00bfhas visto <a href=\"https:\/\/gevelridder.nl\/es\/producto\/carro-de-placas-urbanas-glaskar-250kg\/\">al perrito Brammetje<\/a>?    <\/p>\n","protected":false},"excerpt":{"rendered":"<p><strong>\u2714<\/strong> <strong>Para el transporte de vidrio, marcos, piedra, etc.<\/strong> <strong>\u2714<\/strong><strong> Peso ligero, f\u00e1cil de transportar.<\/strong> <strong>\u2714<\/strong><strong> L=100 cm, H=100 cm, A=50 cm.<\/strong> <strong>\u2714<\/strong><strong> Ancho del estante 18 cm (espacio para la rueda 19,5 cm).<\/strong><\/p>\n<p><strong>\u2714<\/strong><strong> WLL250 kg. <\/strong><strong>\u2714<\/strong><strong> Peso propio 12 kg.<\/strong> <strong>\u2714<\/strong><strong> <\/strong><strong>Ruedas neum\u00e1ticas (buena amortiguaci\u00f3n).<\/strong><\/p>\n<p><strong>\u2714<\/strong><strong> <\/strong><strong>No se atasca en la arena ni en la grava.<\/strong><\/p>\n<p><strong>x<\/strong> <strong>Sin<\/strong> <strong>pinzas tensoras<\/strong> \u2660 <strong>Menos maniobrable que el <a href=\"https:\/\/gevelridder.nl\/product\/glaskar-platenwagen-250kg-plus\/\">Carro de vidrio 250 plus<\/a><\/strong> \u2660 <strong>La pinza tensora debe pedirse por separado:<\/strong><\/p>\n<ul>\n<li><a href=\"https:\/\/gevelridder.nl\/es\/producto\/pinza-tensora-para-glaskar-2-0-alu\/\">Pinza tensora de aluminio (punta)<\/a><\/li>\n<li><a href=\"https:\/\/gevelridder.nl\/es\/producto\/pinza-tensora-para-glaskar-1-0-acero\/\">Abrazadera de tensi\u00f3n de acero<\/a><\/li>\n<li><a href=\"https:\/\/gevelridder.nl\/es\/producto\/spanlance-para-el-carro-de-placas\/\">Lanza<\/a><\/li>\n<li style=\"list-style-type: none;\">\n<ul>\n<li style=\"list-style-type: none;\">\n<\/ul>\n<\/li>\n<\/ul>\n","protected":false},"featured_media":0,"template":"","meta":{"_acf_changed":false,"_seopress_robots_primary_cat":"none","_seopress_titles_title":"","_seopress_titles_desc":"","_seopress_robots_index":""},"product_brand":[],"product_cat":[2777,2780,2779],"product_tag":[2885,2876,2887,2795,2915,2878,2799,2890,2917,2788,2908,2914,2916,2874,2782,2888,2892,2886,2918,2919,2822,2793,2909,2880],"class_list":{"0":"post-141239","1":"product","2":"type-product","3":"status-publish","5":"product_cat-carros","6":"product_cat-carros-de-fachada","7":"product_cat-carros-de-transporte-de-vidrio","8":"product_tag-allterraindolly","9":"product_tag-ascensor-de-cristal","10":"product_tag-carro","11":"product_tag-carro-bastidor","12":"product_tag-carro-de-cocina","13":"product_tag-carro-de-cristal","14":"product_tag-carro-de-placas","15":"product_tag-carro-de-placas-glaskar","16":"product_tag-carro-de-placas-offroad","17":"product_tag-carro-de-puerta","18":"product_tag-carro-de-puerta-2","19":"product_tag-carro-encimeras","20":"product_tag-coche-cocina","21":"product_tag-glaser","22":"product_tag-glaskar","23":"product_tag-marco-de-ventana","24":"product_tag-marco-de-ventana-2","25":"product_tag-shopfitters","26":"product_tag-tegels","27":"product_tag-terrastegel-kar","28":"product_tag-transporte-de-vidrio-2","29":"product_tag-transporte-de-vidrio","30":"product_tag-transporte-de-vidrio-a-mano","31":"product_tag-vidriero","32":"product_shipping_class-kar-klein","34":"first","35":"onbackorder","36":"taxable","37":"shipping-taxable","38":"purchasable","39":"product-type-simple"},"acf":[],"_links":{"self":[{"href":"https:\/\/gevelridder.nl\/es\/wp-json\/wp\/v2\/product\/141239","targetHints":{"allow":["GET"]}}],"collection":[{"href":"https:\/\/gevelridder.nl\/es\/wp-json\/wp\/v2\/product"}],"about":[{"href":"https:\/\/gevelridder.nl\/es\/wp-json\/wp\/v2\/types\/product"}],"wp:attachment":[{"href":"https:\/\/gevelridder.nl\/es\/wp-json\/wp\/v2\/media?parent=141239"}],"wp:term":[{"taxonomy":"product_brand","embeddable":true,"href":"https:\/\/gevelridder.nl\/es\/wp-json\/wp\/v2\/product_brand?post=141239"},{"taxonomy":"product_cat","embeddable":true,"href":"https:\/\/gevelridder.nl\/es\/wp-json\/wp\/v2\/product_cat?post=141239"},{"taxonomy":"product_tag","embeddable":true,"href":"https:\/\/gevelridder.nl\/es\/wp-json\/wp\/v2\/product_tag?post=141239"}],"curies":[{"name":"wp","href":"https:\/\/api.w.org\/{rel}","templated":true}]}}