
{"id":141238,"date":"2026-03-24T11:38:06","date_gmt":"2026-03-24T11:38:06","guid":{"rendered":"https:\/\/gevelridder.nl\/product\/asas-de-transporte-glaskar\/"},"modified":"2026-05-08T12:33:49","modified_gmt":"2026-05-08T12:33:49","slug":"asas-de-transporte-glaskar","status":"publish","type":"product","link":"https:\/\/gevelridder.nl\/es\/producto\/asas-de-transporte-glaskar\/","title":{"rendered":"Asas de transporte Glaskar"},"content":{"rendered":"\n<h2 class=\"wp-block-heading\">Soportes de rodamientos<\/h2>\n\n<p>Descubre los c\u00f3modos soportes de transporte para el Carro de Placas Glaskar, tu compa\u00f1ero ideal para transportarlo sin esfuerzo. Tanto si necesitas trasladar una gran caja de herramientas, un haz de lamas de cristal u otros objetos pesados, estas asas de transporte est\u00e1n especialmente dise\u00f1adas para satisfacer tus necesidades. Son el complemento perfecto para el Carro de Placas Glaskar, permiti\u00e9ndote mover grandes cargas sin esfuerzo.  <\/p>\n\n<h2 class=\"wp-block-heading\">El carro de discos de Glaskar<\/h2>\n\n<p>con un generoso estante de carga de 100\u00d7100 cm y una capacidad de carga de 250 kg, ofrece la soluci\u00f3n ideal para tus retos de transporte. En la parte inferior, hay montados 2 tubos que te ofrecen la posibilidad de utilizar pinzas tensoras. Estos tubos se extienden en la parte trasera, lo que te permite aparcar c\u00f3modamente las pinzas tensoras cuando no se utilizan. Con el Carro de Fachada, tienes un compa\u00f1ero fiable para todas tus necesidades de transporte. El Carro de Fachada est\u00e1 fabricado \u00edntegramente en aluminio de alta calidad, por lo que s\u00f3lo pesa unos 10 kg. Esto lo hace extremadamente maniobrable y f\u00e1cil de manejar, incluso con cargas pesadas. Las pinzas tensoras o las lanzas tensoras est\u00e1n disponibles por separado, para que puedas elegir la configuraci\u00f3n que mejor se adapte a tus necesidades. Lo que hace que este carro sea realmente especial es que ha sido dise\u00f1ado con sumo cuidado y fabricado a mano en Holanda. Llevamos con orgullo la etiqueta #MadeinHolland. Nuestros artesanos han acabado cada detalle con precisi\u00f3n y los carros est\u00e1n tapizados a mano, lo que da como resultado una calidad y una artesan\u00eda inigualables. Por eso, no es exagerado decir que este carro es el \u00abAston Martin\u00bb entre los carros de transporte. Ten en cuenta que el precio del Carro de Placas Glaskar no incluye la pinza tensora, que puedes pedir por separado. El estante de carga tiene una anchura de 18 cm y la anchura total del carro, ruedas incluidas, es de s\u00f3lo 50 cm. Tambi\u00e9n est\u00e1 disponible una versi\u00f3n con un eje y una capacidad de carga de 150 kg. Las asas son ajustables con un c\u00f3modo cierre r\u00e1pido y el carro tiene fieltro negro\/antracita para proteger tu carga. Elige comodidad, elige calidad y descubre las capacidades del Carro de Placas Glaskar con asas de transporte. Con este fiable compa\u00f1ero, podr\u00e1s mover grandes cargas sin esfuerzo, incluso en las situaciones m\u00e1s dif\u00edciles. Haz que tus tareas de transporte sean m\u00e1s f\u00e1ciles y eficientes con este carro de alta calidad, dise\u00f1ado y fabricado en Holanda con amor y artesan\u00eda. Ahorra tiempo y esfuerzo con el Carro de Placas Glaskar y las asas de transporte, tu clave para un transporte sin complicaciones.                  <\/p>\n","protected":false},"excerpt":{"rendered":"<h2>Soportes de transporte Carro de discos Glaskar<\/h2>\n<p>Descubre los c\u00f3modos soportes de transporte para el Glaskar o Carro de L\u00e1minas de Fachada Knight (Gevelridder). Ideales para transportar una caja de herramientas grande o un haz de lamas de cristal, por ejemplo. El precio es por par.  <\/p>\n","protected":false},"featured_media":0,"template":"","meta":{"_acf_changed":false,"_seopress_robots_primary_cat":"none","_seopress_titles_title":"","_seopress_titles_desc":"","_seopress_robots_index":""},"product_brand":[],"product_cat":[2777,2780,2779,2778],"product_tag":[2885,2876,2887,2795,2878,2799,2890,2874,2782,2888,2892,2886,2880],"class_list":{"0":"post-141238","1":"product","2":"type-product","3":"status-publish","5":"product_cat-carros","6":"product_cat-carros-de-fachada","7":"product_cat-carros-de-transporte-de-vidrio","8":"product_cat-piezas-2","9":"product_tag-allterraindolly","10":"product_tag-ascensor-de-cristal","11":"product_tag-carro","12":"product_tag-carro-bastidor","13":"product_tag-carro-de-cristal","14":"product_tag-carro-de-placas","15":"product_tag-carro-de-placas-glaskar","16":"product_tag-glaser","17":"product_tag-glaskar","18":"product_tag-marco-de-ventana","19":"product_tag-marco-de-ventana-2","20":"product_tag-shopfitters","21":"product_tag-vidriero","22":"product_shipping_class-pakket-45-35-25","24":"first","25":"instock","26":"taxable","27":"shipping-taxable","28":"purchasable","29":"product-type-simple"},"acf":[],"_links":{"self":[{"href":"https:\/\/gevelridder.nl\/es\/wp-json\/wp\/v2\/product\/141238","targetHints":{"allow":["GET"]}}],"collection":[{"href":"https:\/\/gevelridder.nl\/es\/wp-json\/wp\/v2\/product"}],"about":[{"href":"https:\/\/gevelridder.nl\/es\/wp-json\/wp\/v2\/types\/product"}],"wp:attachment":[{"href":"https:\/\/gevelridder.nl\/es\/wp-json\/wp\/v2\/media?parent=141238"}],"wp:term":[{"taxonomy":"product_brand","embeddable":true,"href":"https:\/\/gevelridder.nl\/es\/wp-json\/wp\/v2\/product_brand?post=141238"},{"taxonomy":"product_cat","embeddable":true,"href":"https:\/\/gevelridder.nl\/es\/wp-json\/wp\/v2\/product_cat?post=141238"},{"taxonomy":"product_tag","embeddable":true,"href":"https:\/\/gevelridder.nl\/es\/wp-json\/wp\/v2\/product_tag?post=141238"}],"curies":[{"name":"wp","href":"https:\/\/api.w.org\/{rel}","templated":true}]}}