
{"id":141236,"date":"2026-03-24T11:33:09","date_gmt":"2026-03-24T11:33:09","guid":{"rendered":"https:\/\/gevelridder.nl\/product\/talla-500-kg-2-0\/"},"modified":"2026-05-08T12:33:49","modified_gmt":"2026-05-08T12:33:49","slug":"talla-500-kg-2-0","status":"publish","type":"product","link":"https:\/\/gevelridder.nl\/es\/producto\/talla-500-kg-2-0\/","title":{"rendered":"Talla 500 kg 2.0"},"content":{"rendered":"\n<h2 class=\"wp-block-heading\">Carro de transporte CARVE de 500 kg: la soluci\u00f3n ideal para chapas, cristales y puertas<\/h2>\n\n<p>\u00bfTrabajas en la industria de la construcci\u00f3n, la construcci\u00f3n de interiores, las reformas o la piedra natural? Buscas la soluci\u00f3n \u00f3ptima para transportar tableros, cristales, puertas, pero sobre todo encimeras y tableros de piedra natural, entonces el carro de transporte CARVE de 500 kg es tu mejor elecci\u00f3n. <\/p>\n\n<p><strong>Por qu\u00e9 el cami\u00f3n de transporte CARVE deber\u00eda ser tu pr\u00f3xima compra:<\/strong><\/p>\n\n<ol class=\"wp-block-list\">\n<li><strong>Maniobrabilidad excepcional:<\/strong> Gracias a un eje fijo en el centro y ruedas dobles delante y detr\u00e1s, la CARVE se mueve sin esfuerzo por espacios reducidos, ideal para encimeras y tableros de piedra natural.<\/li>\n\n\n\n<li><strong>Uso vers\u00e1til:<\/strong> Util\u00edzalo como un trineo o coloca tensores para mayor seguridad; el CARVE ofrece ambas opciones.<\/li>\n\n\n\n<li><strong>Dise\u00f1o elegante y pr\u00e1ctico:<\/strong> El forro de fieltro antracita no s\u00f3lo da al CARVE un aspecto elegante, sino que tambi\u00e9n protege tus materiales de ara\u00f1azos.<\/li>\n\n\n\n<li><strong>M\u00e1s seguridad:<\/strong> Gracias a los topes acolchados de la parte delantera y trasera, no tendr\u00e1s que preocuparte por golpes o ara\u00f1azos.<\/li>\n\n\n\n<li><strong>Compacta y c\u00f3moda:<\/strong> Con una longitud de 140 cm y una luz diurna de 60 mm, el CARVE es f\u00e1cil de transportar y guardar.<\/li>\n\n\n\n<li><strong>Dise\u00f1o Amigable con los Baches:<\/strong> La construcci\u00f3n \u00fanica del CARVE facilita el paso por encima de los baches sin desestabilizar la carga.<\/li>\n<\/ol>\n\n<p>Una hoja informativa del TNO de junio de 2018 muestra que, adem\u00e1s de la carga de trabajo psicosocial, la tensi\u00f3n f\u00edsica sigue siendo la principal causa de enfermedad profesional y absentismo. Las molestias f\u00edsicas, como el dolor de espalda, hombros, cuello, rodillas y caderas, pueden prevenirse con las herramientas adecuadas. Caminar mientras se levanta algo puede provocar estas dolencias. Por eso El Caballero de la Fachada (Gevelridder) ofrece este carro de transporte con ruedas neum\u00e1ticas. Aseg\u00farate siempre de que los carros (as\u00ed como los soportes de cristal) est\u00e9n nivelados para evitar que el cristal se caiga. Elige calidad, durabilidad y estilo. Elige el carro de transporte CARVE de 500 kg. Tu trabajo ser\u00e1 m\u00e1s f\u00e1cil, seguro y eficaz. \u00a1Haz tu pedido ahora y experimenta la diferencia!        <\/p>\n","protected":false},"excerpt":{"rendered":"<p><strong>Las ligeras placas CARVE \/ carro de transporte \/ carro para cristales: Perfecto para montar cristales (triples), puertas y encimeras en espacios reducidos.<\/strong><\/p>\n<p><strong>Novedad: ahora con tope y amortiguador de goma delante y detr\u00e1s<\/strong>. <strong>La Carve 2.0<\/strong><\/p>\n<p><strong>\u2714 L= 150 cm, H=26 cm, A=47 cm<\/strong><\/p>\n<p><strong>\u2714<\/strong><strong> Parachoques (nuevo). <\/strong><strong>\u2714<\/strong><strong> Cuneta de tama\u00f1o diario 6 cm.<\/strong><\/p>\n<p><strong>\u2714<\/strong><strong> <\/strong><strong>WLL500 kg.<\/strong><\/p>\n<p><strong>\u2714 Peso total 9 kg.<\/strong><\/p>\n<p><strong>\u2714<\/strong><strong> Con ruedas neum\u00e1ticas (buena amortiguaci\u00f3n).<\/strong> <strong>\u2714<\/strong><strong> Parachoques de seguridad contra el vuelco del carro.<\/strong> <strong>x<\/strong> <strong>Abrazaderas exclusivas<\/strong> \u2660 <strong>Abrazadera de tensi\u00f3n que debe pedirse por separado:<\/strong><\/p>\n<ul>\n<li><a href=\"https:\/\/gevelridder.nl\/product\/spanklem-2-0-alu\/\">Pinza tensora de aluminio (punta)<\/a><\/li>\n<li><a href=\"https:\/\/gevelridder.nl\/product\/spanklem\/\">Abrazadera de tensi\u00f3n de acero<\/a><\/li>\n<li><a href=\"https:\/\/gevelridder.nl\/es\/producto\/spanlance-para-el-carro-de-placas\/\">Lanza<\/a><\/li>\n<li>\n<ul>\n<li>\n<\/ul>\n<\/li>\n<\/ul>\n","protected":false},"featured_media":0,"template":"","meta":{"_acf_changed":false,"_seopress_robots_primary_cat":"none","_seopress_titles_title":"","_seopress_titles_desc":"","_seopress_robots_index":""},"product_brand":[],"product_cat":[2781,2780,2779],"product_tag":[2791,2795,2790,2792,2788,2789,2782,2794,2822,2793,2912],"class_list":{"0":"post-141236","1":"product","2":"type-product","3":"status-publish","5":"product_cat-ayudas-al-transporte","6":"product_cat-carros-de-fachada","7":"product_cat-carros-de-transporte-de-vidrio","8":"product_tag-camiones-de-placas","9":"product_tag-carro-bastidor","10":"product_tag-carro-de-bastidor","11":"product_tag-carro-de-cristal-triple","12":"product_tag-carro-de-puerta","13":"product_tag-carro-de-vidrio-carro-de-chapa","14":"product_tag-glaskar","15":"product_tag-mano-de-transporte-de-vidrio","16":"product_tag-transporte-de-vidrio-2","17":"product_tag-transporte-de-vidrio","18":"product_tag-transporte-vidrio-triple","19":"product_shipping_class-pakket-160-50-40","21":"first","22":"instock","23":"taxable","24":"shipping-taxable","25":"purchasable","26":"product-type-simple"},"acf":[],"_links":{"self":[{"href":"https:\/\/gevelridder.nl\/es\/wp-json\/wp\/v2\/product\/141236","targetHints":{"allow":["GET"]}}],"collection":[{"href":"https:\/\/gevelridder.nl\/es\/wp-json\/wp\/v2\/product"}],"about":[{"href":"https:\/\/gevelridder.nl\/es\/wp-json\/wp\/v2\/types\/product"}],"wp:attachment":[{"href":"https:\/\/gevelridder.nl\/es\/wp-json\/wp\/v2\/media?parent=141236"}],"wp:term":[{"taxonomy":"product_brand","embeddable":true,"href":"https:\/\/gevelridder.nl\/es\/wp-json\/wp\/v2\/product_brand?post=141236"},{"taxonomy":"product_cat","embeddable":true,"href":"https:\/\/gevelridder.nl\/es\/wp-json\/wp\/v2\/product_cat?post=141236"},{"taxonomy":"product_tag","embeddable":true,"href":"https:\/\/gevelridder.nl\/es\/wp-json\/wp\/v2\/product_tag?post=141236"}],"curies":[{"name":"wp","href":"https:\/\/api.w.org\/{rel}","templated":true}]}}