
{"id":141235,"date":"2026-04-03T09:37:20","date_gmt":"2026-04-03T09:37:20","guid":{"rendered":"https:\/\/gevelridder.nl\/product\/carro-de-planchas-glaskar-bigurban-500kg-15x15-m1\/"},"modified":"2026-05-08T12:33:58","modified_gmt":"2026-05-08T12:33:58","slug":"carro-de-planchas-glaskar-bigurban-500kg-15x15-m1","status":"publish","type":"product","link":"https:\/\/gevelridder.nl\/es\/producto\/carro-de-planchas-glaskar-bigurban-500kg-15x15-m1\/","title":{"rendered":"Carro de planchas Glaskar BigUrban 500kg 1,5\u00d71,5 m1"},"content":{"rendered":"\n<p>El Carro para Fachadas Big-Urban 500 kg de Glaskar ofrece la soluci\u00f3n perfecta con su gran estante superior, ideal para marcos de ventana m\u00e1s anchos y otros materiales. Con una carga m\u00e1xima de 500 kg (distribuidos uniformemente), el Carro para Fachadas es la elecci\u00f3n adecuada para tus necesidades de transporte. <\/p>\n\n<p><strong>Carro de Placas Big-Urban de Glaskar 500kg: Transporte Eficiente<\/strong><\/p>\n\n<p>El Carro Gable, de 150\u00d7150 cm con un estante de carga de 18 cm, est\u00e1 dise\u00f1ado para satisfacer tus necesidades. Este carro de aluminio, con un peso propio de 26 kg (nuestro <a href=\"https:\/\/gevelridder.nl\/product\/glaskar-platenwagen-150kg-dubbel-verlengd\/\">carro est\u00e1ndar y m\u00e1s vendido<\/a> pesa 12 kg) , ofrece durabilidad y portabilidad. La parte inferior del carro tiene 3 tubos montados, que te permiten utilizar abrazaderas de tensi\u00f3n para una mayor estabilidad durante el transporte (tambi\u00e9n en el centro para los cristales m\u00e1s peque\u00f1os). Las ruedas grandes con una carga admisible de 250 kg por rueda (di\u00e1metro de unos 400 mm) hacen que este carro sea adecuado para diversas situaciones, incluso fuera de la carretera.   <\/p>\n\n<p><strong>Glaskar Big-Urban Plate Trolley 500kg : Dise\u00f1ado con Amor, Fabricado en Holanda<\/strong><\/p>\n\n<p>Nuestro carro de discos no es un carro m\u00e1s. Te presentamos con orgullo nuestro carro para discos dise\u00f1ado y fabricado a mano, #MadeinHolland. Cada detalle se ha cuidado con mimo, haciendo que este carro destaque como \u00abel Mercedes\u00bb entre los carros.  <\/p>\n\n<p><strong>Abrazaderas y accesorios<\/strong><\/p>\n\n<p>Ten en cuenta que el precio no incluye las pinzas tensoras. Puedes pedirlas por separado para que tu transporte sea a\u00fan m\u00e1s seguro. <\/p>\n\n<p><strong>Dimensiones y opciones<\/strong><\/p>\n\n<p>El estante de carga del Carro de Placas Glaskar tiene 18 cm de ancho, mientras que la anchura total, incluidas las ruedas, es de s\u00f3lo 57 cm. Para una mayor manejabilidad, tambi\u00e9n hay disponible una versi\u00f3n con ruedas m\u00e1s peque\u00f1as (250 kg de carga). \u00bfBuscas una carretilla de un solo eje? Nuestra carretilla de un solo eje tiene un WLL (L\u00edmite de Carga de Trabajo) m\u00e1ximo de 150 kg. Las asas ajustables con un mecanismo de enganche r\u00e1pido y el fieltro negro\/antracita completan la experiencia.    <\/p>\n\n<p><strong>Caballero de la Fachada (Gevelridder): Evita problemas de salud con un transporte eficiente<\/strong><\/p>\n\n<p>\u00bfSab\u00edas que levantar y cargar mientras se trabaja es la principal causa de dolencias f\u00edsicas? Dolores de espalda, hombros, cuello, rodillas y caderas pueden ser consecuencia de un levantamiento inadecuado; nuestro carro para losas lo evita. Nuestro carro para fachadas o carro para losas est\u00e1 dise\u00f1ado pensando tanto en la eficacia como en la salud. Con los medios auxiliares de elevaci\u00f3n de Gevelridder, puedes prevenir estas dolencias y trabajar con seguridad y comodidad.   <\/p>\n\n<p><strong>TNO &#8211; Datos sobre la carga de trabajo f\u00edsico 2018<\/strong><\/p>\n\n<p>El esfuerzo f\u00edsico sigue siendo una de las principales causas de enfermedad profesional y absentismo laboral. Nuestros productos est\u00e1n dise\u00f1ados para contribuir a un entorno de trabajo m\u00e1s saludable, de acuerdo con las conclusiones del TNO. Descubre el poder de la carretilla Gable y la carretilla Plate: tus aliadas para un transporte eficaz y unas condiciones de trabajo saludables. \u00a1Haz tu pedido ahora y experimenta la diferencia! Por cierto, \u00bfhas visto <a href=\"https:\/\/gevelridder.nl\/en\/product\/bramble-500kg\/\">al perrito Brammetje<\/a>?    <\/p>\n","protected":false},"excerpt":{"rendered":"<p><strong>\u2714<\/strong> <strong>Para el transporte de vidrio, marcos, piedra, etc.<\/strong><\/p>\n<p><strong>\u2714<\/strong><strong> Peso ligero, f\u00e1cil de transportar.<\/strong><\/p>\n<p><strong>\u2714<\/strong><strong> L= 150 cm, H=150 cm, A=58 cm.<\/strong><\/p>\n<p><strong>\u2714<\/strong><strong> Anchura del estante 18 cm (espacio para la rueda 20 cm).<\/strong><\/p>\n<p><strong>\u2714<\/strong><strong> Espacio libre bajo el parachoques 13 cm.<\/strong><\/p>\n<p><strong>\u2714<\/strong> <strong>WLL500 kg.<\/strong><\/p>\n<p><strong>\u2714<\/strong><strong> <\/strong><strong>Peso propio 26 kg.<\/strong><\/p>\n<p><strong>\u2714<\/strong><strong> Ruedas neum\u00e1ticas (buena amortiguaci\u00f3n).<\/strong><\/p>\n<p><strong>\u2714<\/strong><strong> No se atasca en la arena y la grava.<\/strong><\/p>\n<p><strong>x<\/strong> <strong>Sin pinzas tensoras<\/strong><\/p>\n<p>\u2660 <strong>La pinza tensora debe pedirse por separado:<\/strong><\/p>\n<ul>\n<li><a href=\"https:\/\/gevelridder.nl\/es\/producto\/pinza-tensora-para-glaskar-2-0-alu\/\">Abrazadera de tensi\u00f3n de aluminio (punta)<\/a><\/li>\n<li><a href=\"https:\/\/gevelridder.nl\/es\/producto\/pinza-tensora-para-glaskar-1-0-acero\/\">Abrazadera de tensi\u00f3n de acero<\/a><\/li>\n<li><a href=\"https:\/\/gevelridder.nl\/es\/producto\/spanlance-para-el-carro-de-placas\/\">Lanza<\/a><\/li>\n<li style=\"list-style-type: none;\">\n<ul>\n<li style=\"list-style-type: none;\">\n<\/ul>\n<\/li>\n<\/ul>\n","protected":false},"featured_media":0,"template":"","meta":{"_acf_changed":false,"_seopress_robots_primary_cat":"none","_seopress_titles_title":"","_seopress_titles_desc":"","_seopress_robots_index":""},"product_brand":[],"product_cat":[2780,2779],"product_tag":[2885,2876,2887,2795,2878,2799,2890,2908,2788,2789,2910,2782,2892,2888,2900,2886,2911,2822,2793,2909,2907],"class_list":{"0":"post-141235","1":"product","2":"type-product","3":"status-publish","5":"product_cat-carros-de-fachada","6":"product_cat-carros-de-transporte-de-vidrio","7":"product_tag-allterraindolly","8":"product_tag-ascensor-de-cristal","9":"product_tag-carro","10":"product_tag-carro-bastidor","11":"product_tag-carro-de-cristal","12":"product_tag-carro-de-placas","13":"product_tag-carro-de-placas-glaskar","14":"product_tag-carro-de-puerta-2","15":"product_tag-carro-de-puerta","16":"product_tag-carro-de-vidrio-carro-de-chapa","17":"product_tag-carro-para-lapidas","18":"product_tag-glaskar","19":"product_tag-marco-de-ventana-2","20":"product_tag-marco-de-ventana","21":"product_tag-platina-kar","22":"product_tag-shopfitters","23":"product_tag-terrastegels-kar","24":"product_tag-transporte-de-vidrio-2","25":"product_tag-transporte-de-vidrio","26":"product_tag-transporte-de-vidrio-a-mano","27":"product_tag-zarza","28":"product_shipping_class-kar-groot","30":"first","31":"instock","32":"taxable","33":"shipping-taxable","34":"purchasable","35":"product-type-simple"},"acf":[],"_links":{"self":[{"href":"https:\/\/gevelridder.nl\/es\/wp-json\/wp\/v2\/product\/141235","targetHints":{"allow":["GET"]}}],"collection":[{"href":"https:\/\/gevelridder.nl\/es\/wp-json\/wp\/v2\/product"}],"about":[{"href":"https:\/\/gevelridder.nl\/es\/wp-json\/wp\/v2\/types\/product"}],"wp:attachment":[{"href":"https:\/\/gevelridder.nl\/es\/wp-json\/wp\/v2\/media?parent=141235"}],"wp:term":[{"taxonomy":"product_brand","embeddable":true,"href":"https:\/\/gevelridder.nl\/es\/wp-json\/wp\/v2\/product_brand?post=141235"},{"taxonomy":"product_cat","embeddable":true,"href":"https:\/\/gevelridder.nl\/es\/wp-json\/wp\/v2\/product_cat?post=141235"},{"taxonomy":"product_tag","embeddable":true,"href":"https:\/\/gevelridder.nl\/es\/wp-json\/wp\/v2\/product_tag?post=141235"}],"curies":[{"name":"wp","href":"https:\/\/api.w.org\/{rel}","templated":true}]}}