
{"id":141234,"date":"2026-03-24T11:44:02","date_gmt":"2026-03-24T11:44:02","guid":{"rendered":"https:\/\/gevelridder.nl\/product\/bestia-de-carro-tallar-bestia\/"},"modified":"2026-05-08T12:33:49","modified_gmt":"2026-05-08T12:33:49","slug":"bestia-de-carro-tallar-bestia","status":"publish","type":"product","link":"https:\/\/gevelridder.nl\/es\/producto\/bestia-de-carro-tallar-bestia\/","title":{"rendered":"Bestia de carro Tallar-Bestia"},"content":{"rendered":"\n<h3 class=\"wp-block-heading\"><strong>Carro de transporte CARVE 500 &#8211; La soluci\u00f3n ideal para cristales, paneles y puertas correderas<\/strong><\/h3>\n\n<p>\u00bfTrabajas en la construcci\u00f3n, el dise\u00f1o de interiores, las reformas o la industria de la piedra natural? Entonces sabes lo dif\u00edcil que puede ser mover materiales pesados y delicados con seguridad y eficacia. El <strong>Carro de Transporte CARVE 500<\/strong> se ha desarrollado especialmente para este fin, y ahora cuenta con un <strong>canal de 25 cm de ancho<\/strong>, perfecto para <strong>puertas correderas anchas, paneles de cristal y encimeras de piedra natural<\/strong>.  <\/p>\n\n<h3 class=\"wp-block-heading\"><strong>Por qu\u00e9 CARVE 500 debe ser tu pr\u00f3xima inversi\u00f3n:<\/strong><\/h3>\n\n<ul class=\"wp-block-list\">\n<li><strong>Maniobrabilidad excepcional<\/strong><br\/>Con un eje central fijo y ruedas dobles delante y detr\u00e1s, el CARVE se desliza f\u00e1cilmente por espacios reducidos.<\/li>\n\n\n\n<li><strong>Uso flexible<\/strong><br\/>Util\u00edzalo como trineo de transporte plano o col\u00f3cale soportes de sujeci\u00f3n para mayor seguridad. El CARVE se adapta a tus necesidades. <\/li>\n\n\n\n<li><strong>Seguro y sin ara\u00f1azos<\/strong><br\/>El forro de fieltro de color antracita protege las superficies sensibles, mientras que los topes acolchados evitan los golpes y vuelcos accidentales.<\/li>\n\n\n\n<li><strong>Dimensiones pr\u00e1cticas<\/strong><br\/>\u2714 Longitud: 150 cm<br\/>\u2714 Altura: 26 cm<br\/>\u2714 Anchura: 58 cm<br\/>\u2714<strong> Ancho de canal: 25 cm !!<\/strong><br\/>\u2714 Peso neto: 11 kg<br\/>\u2714 L\u00edmite de carga \u00fatil: 500 kg<br\/>\u2714 Ruedas neum\u00e1ticas para un transporte suave y amortiguado<\/li>\n<\/ul>\n\n<hr class=\"wp-block-separator has-alpha-channel-opacity\"\/>\n\n<h3 class=\"wp-block-heading\"><strong>La \u00abbestia\u00bb de la serie Carve puede parecer pesada, \u00a1pero no lo es!<\/strong><\/h3>\n\n<p>Fuerte, estable y sorprendentemente ligera: la CARVE 500 es la elecci\u00f3n de los profesionales por su calidad, seguridad y eficacia.<\/p>\n\n<p><strong>Haz tu pedido ahora y experimenta la diferencia en tu trabajo diario.<\/strong><\/p>\n","protected":false},"excerpt":{"rendered":"<p class=\"ai-optimize-30\"><strong data-start=\"244\" data-end=\"312\">Carro de transporte CARVE 500 &#8211; La \u00abbestia\u00bb sorprendentemente<\/strong> ligera<br data-start=\"312\" data-end=\"315\"\/>Especialmente dise\u00f1ado para puertas correderas anchas, encimeras y paneles de cristal.<\/p>\n<p class=\"ai-optimize-31\"><strong>\u2714 L= 150 cm, H=26 cm, A=58 cm<\/strong><\/p>\n<p class=\"ai-optimize-32\"><strong>\u2714<\/strong><strong> \u00a1\u00a1Canal\u00f3n tama\u00f1o d\u00eda 25 cm!!<\/strong><\/p>\n<p class=\"ai-optimize-33\"><strong>\u2714<\/strong> <strong>WLL500 kg.<\/strong><\/p>\n<p class=\"ai-optimize-34\"><strong>\u2714 Peso propio 12 kg.<\/strong><\/p>\n<p class=\"ai-optimize-35\"><strong>\u2714<\/strong><strong> Con ruedas neum\u00e1ticas (buena amortiguaci\u00f3n).<\/strong><\/p>\n<p class=\"ai-optimize-35\"><strong>\u2714<\/strong><strong> Parachoques de seguridad contra el vuelco del carro.<\/strong><\/p>\n<p class=\"ai-optimize-35\"><strong>x<\/strong> <strong>Pinzas exclusivas<\/strong><\/p>\n<p class=\"ai-optimize-35\">\u2660 <strong>La pinza tensora debe pedirse por separado:<\/strong><\/p>\n<ul>\n<li><a href=\"https:\/\/gevelridder.nl\/en\/product\/new-tension-clamp-for-glaskar-2-0-alu\/\">Pinza tensora de aluminio (punta)<\/a><\/li>\n<li><a href=\"https:\/\/gevelridder.nl\/en\/product\/tension-clamp-for-glaskar-1-0-steel\/\">Abrazadera de tensi\u00f3n de acero<\/a><\/li>\n<li><a href=\"https:\/\/gevelridder.nl\/es\/producto\/spanlance-para-el-carro-de-placas\/\">Lanza<\/a><\/li>\n<\/ul>\n","protected":false},"featured_media":0,"template":"","meta":{"_acf_changed":false,"_seopress_robots_primary_cat":"none","_seopress_titles_title":"","_seopress_titles_desc":"","_seopress_robots_index":""},"product_brand":[],"product_cat":[2781,2780,2779],"product_tag":[2791,2795,2790,2792,2788,2789,2782,2794,2822,2793,2912],"class_list":{"0":"post-141234","1":"product","2":"type-product","3":"status-publish","5":"product_cat-ayudas-al-transporte","6":"product_cat-carros-de-fachada","7":"product_cat-carros-de-transporte-de-vidrio","8":"product_tag-camiones-de-placas","9":"product_tag-carro-bastidor","10":"product_tag-carro-de-bastidor","11":"product_tag-carro-de-cristal-triple","12":"product_tag-carro-de-puerta","13":"product_tag-carro-de-vidrio-carro-de-chapa","14":"product_tag-glaskar","15":"product_tag-mano-de-transporte-de-vidrio","16":"product_tag-transporte-de-vidrio-2","17":"product_tag-transporte-de-vidrio","18":"product_tag-transporte-vidrio-triple","19":"product_shipping_class-pakket-160-50-40","21":"first","22":"instock","23":"taxable","24":"shipping-taxable","25":"purchasable","26":"product-type-simple"},"acf":[],"_links":{"self":[{"href":"https:\/\/gevelridder.nl\/es\/wp-json\/wp\/v2\/product\/141234","targetHints":{"allow":["GET"]}}],"collection":[{"href":"https:\/\/gevelridder.nl\/es\/wp-json\/wp\/v2\/product"}],"about":[{"href":"https:\/\/gevelridder.nl\/es\/wp-json\/wp\/v2\/types\/product"}],"wp:attachment":[{"href":"https:\/\/gevelridder.nl\/es\/wp-json\/wp\/v2\/media?parent=141234"}],"wp:term":[{"taxonomy":"product_brand","embeddable":true,"href":"https:\/\/gevelridder.nl\/es\/wp-json\/wp\/v2\/product_brand?post=141234"},{"taxonomy":"product_cat","embeddable":true,"href":"https:\/\/gevelridder.nl\/es\/wp-json\/wp\/v2\/product_cat?post=141234"},{"taxonomy":"product_tag","embeddable":true,"href":"https:\/\/gevelridder.nl\/es\/wp-json\/wp\/v2\/product_tag?post=141234"}],"curies":[{"name":"wp","href":"https:\/\/api.w.org\/{rel}","templated":true}]}}