
{"id":141232,"date":"2026-03-24T08:17:08","date_gmt":"2026-03-24T08:17:08","guid":{"rendered":"https:\/\/gevelridder.nl\/product\/carro-de-placas-glaskar-250kg\/"},"modified":"2026-05-08T12:33:59","modified_gmt":"2026-05-08T12:33:59","slug":"carro-de-placas-glaskar-250kg","status":"publish","type":"product","link":"https:\/\/gevelridder.nl\/es\/producto\/carro-de-placas-glaskar-250kg\/","title":{"rendered":"Carro de placas Glaskar 250kg"},"content":{"rendered":"\n<p>Si quieres un pr\u00e1ctico y ligero carro para Glaskar o para chapas, con una gran balda adicional, por ejemplo, para marcos de ventana m\u00e1s anchos, el carro para hastiales es el producto adecuado para ti.<\/p>\n\n<h2 class=\"wp-block-heading\">Carro de Placas Glaskar<\/h2>\n\n<p>El Carro Gable 100\u00d7100 cm con un estante de carga de 18 cm, apto para 250 kg, tiene en la parte inferior 2 tubos montados que te dan la posibilidad de utilizar pinzas tensoras, los tubos se extienden en la parte trasera para que puedas colocar c\u00f3modamente las pinzas tensoras aqu\u00ed en posici\u00f3n de aparcamiento. El carro est\u00e1 fabricado totalmente en aluminio, por lo que s\u00f3lo pesa 12 kg. Las pinzas tensoras o las lanzas se pueden pedir por separado. Este pr\u00e1ctico carro est\u00e1 dise\u00f1ado y fabricado en Holanda con mucho amor, estamos orgullosos de ello.    #MadeinHolland. Los carros est\u00e1n hechos a mano y tambi\u00e9n tapizados a mano. Esto lo convierte en \u00abel Aston Martin\u00bb entre los carros. <\/p>\n\n<h3 class=\"wp-block-heading\">Pinza tensora para el carro<\/h3>\n\n<p>El precio no incluye <a href=\"https:\/\/gevelridder.nl\/de\/produkt\/neu-spannklemme-fuer-glaskar-2-0-alu\/\" target=\"_blank\" rel=\"noreferrer noopener\">la pinza tensora<\/a>, p\u00eddela por separado.<\/p>\n\n<h3 class=\"wp-block-heading\">Dimensiones carro<\/h3>\n\n<p>El estante de carga tiene 18 cm de ancho. La anchura total del carro, ruedas incluidas, es de s\u00f3lo 50 cm. El carrito tambi\u00e9n est\u00e1 disponible en una versi\u00f3n con<a href=\"https:\/\/gevelridder.nl\/de\/?post_type=product&amp;p=119920\"> 1 eje para 150 kg<\/a>. Las asas son ajustables con un clip r\u00e1pido, El carrito est\u00e1 equipado con fieltro negro \/ antracita.    <\/p>\n\n<h4 class=\"wp-block-heading\">TNO &#8211; Hoja informativa sobre la carga de trabajo f\u00edsico 2018<\/h4>\n\n<p>El esfuerzo f\u00edsico sigue siendo la principal causa de enfermedad profesional y absentismo, junto con la carga de trabajo psicosocial. Esta es una hoja informativa de <a href=\"https:\/\/www.arboportaal.nl\/onderwerpen\/tillen-en-dragen\/documenten\/publicatie\/2018\/07\/01\/factsheet-fysieke-arbeidsbelasting-2018\">TNO<\/a> con cifras de junio de 2018, por lo tanto, \u00a1utiliza los dispositivos de elevaci\u00f3n de Gevelridder! <\/p>\n\n<h4 class=\"wp-block-heading\">Levantar y transportar<\/h4>\n\n<p>Levantar es coger y dejar una carga con las manos sin moverte t\u00fa en el proceso. Si mueves algo caminando mientras lo levantas, lo llamamos transportar. Utiliza estos consejos para prevenir problemas de salud.  <\/p>\n\n<p>\u00bfQu\u00e9 molestias puedes sufrir? Levantar y transportar objetos durante el trabajo es una de las principales causas de dolencias f\u00edsicas, como dolor en la espalda (baja), los hombros, el cuello, las rodillas y las caderas. Tambi\u00e9n puedes tener dolor de espalda por levantar objetos doblados o con la espalda torcida.  <\/p>\n\n<p><a href=\"https:\/\/www.fnv.nl\/werk-inkomen\/veilig-gezond-werken\/lichamelijke-belasting\/tillen-en-dragen\">ver tambi\u00e9n<\/a><\/p>\n\n<p>En el reino del Caballero de la Fachada (Gevelridder), donde se valoran mucho la artesan\u00eda y el honor, presentamos con orgullo nuestros majestuosos carros de cristal, producto de nuestro propio dise\u00f1o y fabricaci\u00f3n. Vigilantes como un caballero que guarda su castillo, te recomendamos que coloques siempre los carros sobre un suelo nivelado, no sea que se caiga el noble cristal. Y al igual que un escudero atesora su armadura, no dejes los carros cargados a merced de los caprichos del viento y el tiempo. Conserva su esplendor y protege lo que es precioso. \u00a1Que se cumpla tu b\u00fasqueda de la perfecci\u00f3n en el Caballero de la Fachada (Gevelridder)!    <\/p>\n","protected":false},"excerpt":{"rendered":"<p><b>\u2714<\/b> <strong>Para transportar vidrio, marcos, piedra, etc.<\/strong><\/p>\n<p><strong>\u2714 Peso ligero, f\u00e1cil de transportar.<\/strong><\/p>\n<p><strong>\u2714 L=100 cm, H=100 cm, A=50 cm.<\/strong><\/p>\n<p><strong>\u2714 <\/strong><strong>Anchura del estante 18 cm (espacio para la rueda 19,5 cm).<\/strong><\/p>\n<p><strong>\u2714<\/strong> <strong>WLL250 kg.<\/strong><\/p>\n<p><strong>\u2714 Peso propio 12 kg.<\/strong><\/p>\n<p><strong>\u2714<\/strong><strong> Ruedas neum\u00e1ticas (buena amortiguaci\u00f3n).<\/strong><\/p>\n<p><strong>\u2714<\/strong><strong> No se atasca en la arena y la grava<\/strong><strong>.<\/strong><\/p>\n<p><strong>\u2714<\/strong><strong> Parachoques de seguridad contra el vuelco del carro.<\/strong><\/p>\n<p><strong>x<\/strong> <strong>Sin pinzas tensoras<\/strong><\/p>\n<p>\u2660 <strong>La pinza debe pedirse por separado:<\/strong><\/p>\n<ul>\n<li><a href=\"https:\/\/gevelridder.nl\/es\/producto\/pinza-tensora-para-glaskar-2-0-alu\/\">Pinza tensora de aluminio (punta)<\/a><\/li>\n<li><a href=\"https:\/\/gevelridder.nl\/es\/producto\/pinza-tensora-para-glaskar-1-0-acero\/\">Abrazadera de tensi\u00f3n de acero<\/a><\/li>\n<li><a href=\"https:\/\/gevelridder.nl\/es\/producto\/spanlance-para-el-carro-de-placas\/\">Lanza<\/a><\/li>\n<\/ul>\n","protected":false},"featured_media":0,"template":"","meta":{"_acf_changed":false,"_seopress_robots_primary_cat":"none","_seopress_titles_title":"","_seopress_titles_desc":"","_seopress_robots_index":""},"product_brand":[],"product_cat":[2906],"product_tag":[2885,2876,2887,2795,2878,2799,2890,2891,2874,2782,2888,2892,2886,2822,2793,2880],"class_list":{"0":"post-141232","1":"product","2":"type-product","3":"status-publish","5":"product_cat-salida","6":"product_tag-allterraindolly","7":"product_tag-ascensor-de-cristal","8":"product_tag-carro","9":"product_tag-carro-bastidor","10":"product_tag-carro-de-cristal","11":"product_tag-carro-de-placas","12":"product_tag-carro-de-placas-glaskar","13":"product_tag-colocacion-del-vidrio","14":"product_tag-glaser","15":"product_tag-glaskar","16":"product_tag-marco-de-ventana","17":"product_tag-marco-de-ventana-2","18":"product_tag-shopfitters","19":"product_tag-transporte-de-vidrio-2","20":"product_tag-transporte-de-vidrio","21":"product_tag-vidriero","22":"product_shipping_class-65-euros","24":"first","25":"instock","26":"sale","27":"taxable","28":"shipping-taxable","29":"purchasable","30":"product-type-simple"},"acf":[],"_links":{"self":[{"href":"https:\/\/gevelridder.nl\/es\/wp-json\/wp\/v2\/product\/141232","targetHints":{"allow":["GET"]}}],"collection":[{"href":"https:\/\/gevelridder.nl\/es\/wp-json\/wp\/v2\/product"}],"about":[{"href":"https:\/\/gevelridder.nl\/es\/wp-json\/wp\/v2\/types\/product"}],"wp:attachment":[{"href":"https:\/\/gevelridder.nl\/es\/wp-json\/wp\/v2\/media?parent=141232"}],"wp:term":[{"taxonomy":"product_brand","embeddable":true,"href":"https:\/\/gevelridder.nl\/es\/wp-json\/wp\/v2\/product_brand?post=141232"},{"taxonomy":"product_cat","embeddable":true,"href":"https:\/\/gevelridder.nl\/es\/wp-json\/wp\/v2\/product_cat?post=141232"},{"taxonomy":"product_tag","embeddable":true,"href":"https:\/\/gevelridder.nl\/es\/wp-json\/wp\/v2\/product_tag?post=141232"}],"curies":[{"name":"wp","href":"https:\/\/api.w.org\/{rel}","templated":true}]}}