
{"id":141230,"date":"2026-03-24T11:43:39","date_gmt":"2026-03-24T11:43:39","guid":{"rendered":"https:\/\/gevelridder.nl\/product\/carry-roll-la-ayuda-de-elevacion-inteligente-para-cristales-y-paneles\/"},"modified":"2026-05-08T12:33:35","modified_gmt":"2026-05-08T12:33:35","slug":"carry-roll-la-ayuda-de-elevacion-inteligente-para-cristales-y-paneles","status":"publish","type":"product","link":"https:\/\/gevelridder.nl\/es\/producto\/carry-roll-la-ayuda-de-elevacion-inteligente-para-cristales-y-paneles\/","title":{"rendered":"Carry &#038; Roll &#8211; La ayuda de elevaci\u00f3n inteligente para cristales y paneles"},"content":{"rendered":"\n<p><strong>Carry &amp; Roll &#8211; La ayuda de elevaci\u00f3n inteligente para cristales y paneles<\/strong><\/p>\n\n<p>\u00bfBuscas un carro para vidrio o paneles que sea f\u00e1cil de usar en espacios estrechos o complicados? El <strong>Carry &amp; Roll<\/strong> es la soluci\u00f3n innovadora para transportar <strong>y<\/strong> elevar con seguridad materiales de vidrio y paneles, incluso por escaleras o pasillos estrechos. <\/p>\n\n<p>Este auxiliar de elevaci\u00f3n de <strong>acero inoxidable<\/strong> fabricado a mano est\u00e1 dise\u00f1ado espec\u00edficamente para los profesionales de la industria del vidrio y la construcci\u00f3n. Gracias a la combinaci\u00f3n de acero inoxidable duradero y tejido protector del vidrio de alta calidad, el Carry &amp; Roll ofrece una excelente estabilidad y protecci\u00f3n de la superficie. En la parte superior, dos <strong>separadores de goma<\/strong> evitan que el cristal se da\u00f1e durante el transporte o al depositarlo brevemente.  <\/p>\n\n<p>Lo que hace \u00fanico al Carry &amp; Roll es su <strong>trineo<\/strong> inteligente con muelle de presi\u00f3n bloqueable. Esto te permite colocar el trineo en varias posiciones, para que puedas subir o bajar f\u00e1cilmente unos pelda\u00f1os y seguir rodando sin levantarte ni arrastrarte. <\/p>\n\n<hr class=\"wp-block-separator has-alpha-channel-opacity\"\/>\n\n<p><strong>Beneficios clave:<\/strong><\/p>\n\n<ul class=\"wp-block-list\">\n<li>Ideal para levantar y mover placas de cristal, madera, Trespa o pl\u00e1stico<\/li>\n\n\n\n<li>M\u00f3vil y apto para escaleras: lev\u00e1ntate para dar unos pasos y luego sigue rodando<\/li>\n\n\n\n<li>Dise\u00f1o compacto y robusto de acero inoxidable: hecho para el uso diario<\/li>\n\n\n\n<li>Forrado con tejido protector especial para proteger los materiales delicados<\/li>\n\n\n\n<li>Separadores de goma para evitar ara\u00f1azos en el cristal<\/li>\n\n\n\n<li>Trineo de trinchar flexible y bloqueable: ajustable para cualquier situaci\u00f3n<\/li>\n<\/ul>\n","protected":false},"excerpt":{"rendered":"<p class=\"\" data-start=\"1801\" data-end=\"2186\"><strong data-start=\"1801\" data-end=\"1991\">El Carry &#038; Roll es un \u00fatil de elevaci\u00f3n inteligente y artesanal fabricado en acero inoxidable, dise\u00f1ado para la manipulaci\u00f3n segura y eficaz de materiales de vidrio y paneles, incluso en escaleras o espacios estrechos.<\/strong><br data-start=\"1991\" data-end=\"1994\"\/>Gracias a su tejido protector del vidrio, sus separadores de goma y su trinquete con mecanismo de bloqueo apto para escaleras, esta herramienta compacta es ideal para los profesionales de los sectores del vidrio y la construcci\u00f3n.<\/p>\n<p class=\"\" data-start=\"2188\" data-end=\"2344\">\u2714 Precio por juego<br data-start=\"2203\" data-end=\"2206\"\/>\u2714 Totalmente fabricado en acero inoxidable<br data-start=\"2239\" data-end=\"2242\"\/>\u2714 Construido para una gran durabilidad y un uso diario intenso<br data-start=\"2284\" data-end=\"2287\"\/>\u2714 Altura: 75 cm<br data-start=\"2302\" data-end=\"2305\"\/>\u2714 Anchura: 30 cm<br data-start=\"2319\" data-end=\"2322\"\/>\u2714 Anchura del canal: 45 mm<\/p>\n","protected":false},"featured_media":0,"template":"","meta":{"_acf_changed":false,"_seopress_robots_primary_cat":"none","_seopress_titles_title":"","_seopress_titles_desc":"","_seopress_robots_index":""},"product_brand":[],"product_cat":[2781,2777,2780,2779],"product_tag":[2885,2876,2887,2795,2878,2799,2890,2898,2891,2874,2782,2888,2892,2886,2822,2793,2880],"class_list":{"0":"post-141230","1":"product","2":"type-product","3":"status-publish","5":"product_cat-ayudas-al-transporte","6":"product_cat-carros","7":"product_cat-carros-de-fachada","8":"product_cat-carros-de-transporte-de-vidrio","9":"product_tag-allterraindolly","10":"product_tag-ascensor-de-cristal","11":"product_tag-carro","12":"product_tag-carro-bastidor","13":"product_tag-carro-de-cristal","14":"product_tag-carro-de-placas","15":"product_tag-carro-de-placas-glaskar","16":"product_tag-carryroll","17":"product_tag-colocacion-del-vidrio","18":"product_tag-glaser","19":"product_tag-glaskar","20":"product_tag-marco-de-ventana","21":"product_tag-marco-de-ventana-2","22":"product_tag-shopfitters","23":"product_tag-transporte-de-vidrio-2","24":"product_tag-transporte-de-vidrio","25":"product_tag-vidriero","26":"product_shipping_class-25-euros","28":"first","29":"instock","30":"taxable","31":"shipping-taxable","32":"purchasable","33":"product-type-simple"},"acf":[],"_links":{"self":[{"href":"https:\/\/gevelridder.nl\/es\/wp-json\/wp\/v2\/product\/141230","targetHints":{"allow":["GET"]}}],"collection":[{"href":"https:\/\/gevelridder.nl\/es\/wp-json\/wp\/v2\/product"}],"about":[{"href":"https:\/\/gevelridder.nl\/es\/wp-json\/wp\/v2\/types\/product"}],"wp:attachment":[{"href":"https:\/\/gevelridder.nl\/es\/wp-json\/wp\/v2\/media?parent=141230"}],"wp:term":[{"taxonomy":"product_brand","embeddable":true,"href":"https:\/\/gevelridder.nl\/es\/wp-json\/wp\/v2\/product_brand?post=141230"},{"taxonomy":"product_cat","embeddable":true,"href":"https:\/\/gevelridder.nl\/es\/wp-json\/wp\/v2\/product_cat?post=141230"},{"taxonomy":"product_tag","embeddable":true,"href":"https:\/\/gevelridder.nl\/es\/wp-json\/wp\/v2\/product_tag?post=141230"}],"curies":[{"name":"wp","href":"https:\/\/api.w.org\/{rel}","templated":true}]}}