
{"id":141227,"date":"2026-03-24T11:37:16","date_gmt":"2026-03-24T11:37:16","guid":{"rendered":"https:\/\/gevelridder.nl\/product\/carro-de-montaje-giratorio-250\/"},"modified":"2026-05-08T12:33:38","modified_gmt":"2026-05-08T12:33:38","slug":"carro-de-montaje-giratorio-250","status":"publish","type":"product","link":"https:\/\/gevelridder.nl\/es\/producto\/carro-de-montaje-giratorio-250\/","title":{"rendered":"Carro de montaje giratorio 250"},"content":{"rendered":"\n<h2 class=\"wp-block-heading\"><strong>Carro de Montaje Giratorio 250 Carro de Placas: Formato \u00d3ptimo, Comodidad \u00d3ptima<\/strong><\/h2>\n\n<p>El carro de montaje Zwenk 250 Carro de planchas: Si alguna vez has buscado un carro de planchas o de vidrio fiable, sabr\u00e1s que no todos los carros son iguales. Afortunadamente, Facade Knight (Gevelridder) presenta el Carro de montaje de cristales Zwenk 250, que ofrece todo lo que necesitas para transportar y almacenar cristales y placas. Con un equilibrio perfecto entre forma y funcionalidad, este carro est\u00e1 dise\u00f1ado para hacerte la vida m\u00e1s f\u00e1cil. <strong>Versatilidad y facilidad de uso<\/strong>: Gracias al innovador dise\u00f1o del carro para cristal Glaskridder, tienes garantizada la comodidad incluso en los espacios m\u00e1s reducidos. Con un peso de s\u00f3lo unos 14 kg, este carro para planchas es excepcionalmente ligero y port\u00e1til. Tanto si transportas tableros de mesa, encimeras u obras de arte valiosas, con Gevelridder tienes garantizado un transporte seguro. <strong>Especificaciones<\/strong>: \u00bfQu\u00e9 diferencia a nuestro Carro para Placas Zwenk 250 Glaskar del resto? La barra de empuje de doble cara, ajustable en tres posiciones, las palas Carve para una maniobrabilidad suave y las ruedas con freno de pie. Adem\u00e1s, el exclusivo acolchado de grano fino proporciona agarre y protecci\u00f3n contra ara\u00f1azos. <strong>Caracter\u00edsticas adicionales<\/strong>: Este carro para discos va m\u00e1s all\u00e1 del transporte. El carrito tiene una pr\u00e1ctica tira para colgar herramientas el\u00e9ctricas y una bandeja para herramientas para los suministros esenciales. Con la posibilidad de colocar clips, tambi\u00e9n puedes colgar c\u00f3modamente tus bater\u00edas. <strong>Por qu\u00e9 elegir el Caballero de la Fachada (Gevelridder)<\/strong>: Cada carro de chapa de vidrio Zwenk 250 est\u00e1 soldado y forrado a mano, lo que garantiza que tienes en tus manos un producto de la m\u00e1xima calidad. Cuando se trata de durabilidad y artesan\u00eda, Facade Knight (Gevelridder) es el nombre en el que puedes confiar. <strong>Resumen de caracter\u00edsticas<\/strong>:         <\/p>\n\n<ul class=\"wp-block-list\">\n<li>Ligero (s\u00f3lo 12 kg)<\/li>\n\n\n\n<li>Barra de empuje ajustable de doble cara<\/li>\n\n\n\n<li>Talla las palas para mayor maniobrabilidad<\/li>\n\n\n\n<li>Ruedas con freno de pie<\/li>\n\n\n\n<li>Cubierta de polvo fino para mayor agarre y protecci\u00f3n<\/li>\n\n\n\n<li>Regleta de suspensi\u00f3n para herramientas el\u00e9ctricas<\/li>\n\n\n\n<li>Bandeja de herramientas para suministros esenciales<\/li>\n\n\n\n<li>C\u00f3moda posici\u00f3n de estacionamiento para la pinza tensora<\/li>\n\n\n\n<li>En el list\u00f3n hay orificios est\u00e1ndar para dos pinzas para la Markita 18V LXT<\/li>\n<\/ul>\n\n<p>Conclusi\u00f3n: Para quienes busquen el carro para losas o el carro para vidrio definitivo, Facade Knight (Gevelridder) ofrece una soluci\u00f3n inigualable. Con sus caracter\u00edsticas \u00fanicas y su construcci\u00f3n de alta calidad, este carro es perfecto para cualquier trabajo, grande o peque\u00f1o. Invierte en calidad, invierte en Gevelridder.  <\/p>\n","protected":false},"excerpt":{"rendered":"<p><strong>\u2714<\/strong> <strong>Ideal para trabajos de interior, mantenimiento y reparaci\u00f3n.<\/strong><strong>\u2714<\/strong><strong> Tus herramientas siempre a mano.<\/strong><\/p>\n<p><strong>\u2714<\/strong><strong> Ruedas giratorias con freno de pie. <\/strong><strong>\u2714<\/strong><strong> Peso ligero, muy maniobrable.<\/strong><strong>\u2714<\/strong><strong> L=100 cm, H=100 cm, A=60 cm<\/strong><\/p>\n<p><strong>\u2714<\/strong><strong> Ancho de balda 18 cm.<\/strong> <strong>\u2714<\/strong><strong> WLL250 kg. <\/strong><strong>\u2714<\/strong><\/p>\n<p><strong>Peso propio 14 kg.<\/strong><strong>\u2714<\/strong><strong> Parachoques de seguridad contra el vuelco del carro.<\/strong><strong>x<\/strong> <strong>Excluyendo pinzas tensoras y herramientas.<\/strong> <strong>\u2660 Las pinzas deben pedirse por separado:<\/strong><\/p>\n<ul>\n<li><a href=\"https:\/\/gevelridder.nl\/product\/spanklem-2-0-alu\/\">Abrazadera de tensi\u00f3n de aluminio (punta)<\/a><\/li>\n<li><a href=\"https:\/\/gevelridder.nl\/product\/spanklem\/\">Abrazadera de tensi\u00f3n de acero<\/a><\/li>\n<li><a href=\"https:\/\/gevelridder.nl\/es\/producto\/spanlance-para-el-carro-de-placas\/\">Lanza<\/a><\/li>\n<\/ul>\n","protected":false},"featured_media":0,"template":"","meta":{"_acf_changed":false,"_seopress_robots_primary_cat":"none","_seopress_titles_title":"","_seopress_titles_desc":"","_seopress_robots_index":""},"product_brand":[],"product_cat":[2777,2780,2779],"product_tag":[2885,2876,2887,2795,2878,2799,2890,2874,2782,2896,2888,2892,2886,2897,2822,2880],"class_list":{"0":"post-141227","1":"product","2":"type-product","3":"status-publish","5":"product_cat-carros","6":"product_cat-carros-de-fachada","7":"product_cat-carros-de-transporte-de-vidrio","8":"product_tag-allterraindolly","9":"product_tag-ascensor-de-cristal","10":"product_tag-carro","11":"product_tag-carro-bastidor","12":"product_tag-carro-de-cristal","13":"product_tag-carro-de-placas","14":"product_tag-carro-de-placas-glaskar","15":"product_tag-glaser","16":"product_tag-glaskar","17":"product_tag-mano-de-transporte-de-vidrio-2","18":"product_tag-marco-de-ventana","19":"product_tag-marco-de-ventana-2","20":"product_tag-shopfitters","21":"product_tag-transporte-de-la-platina","22":"product_tag-transporte-de-vidrio-2","23":"product_tag-vidriero","24":"product_shipping_class-kar-groot","26":"first","27":"instock","28":"taxable","29":"shipping-taxable","30":"purchasable","31":"product-type-simple"},"acf":[],"_links":{"self":[{"href":"https:\/\/gevelridder.nl\/es\/wp-json\/wp\/v2\/product\/141227","targetHints":{"allow":["GET"]}}],"collection":[{"href":"https:\/\/gevelridder.nl\/es\/wp-json\/wp\/v2\/product"}],"about":[{"href":"https:\/\/gevelridder.nl\/es\/wp-json\/wp\/v2\/types\/product"}],"wp:attachment":[{"href":"https:\/\/gevelridder.nl\/es\/wp-json\/wp\/v2\/media?parent=141227"}],"wp:term":[{"taxonomy":"product_brand","embeddable":true,"href":"https:\/\/gevelridder.nl\/es\/wp-json\/wp\/v2\/product_brand?post=141227"},{"taxonomy":"product_cat","embeddable":true,"href":"https:\/\/gevelridder.nl\/es\/wp-json\/wp\/v2\/product_cat?post=141227"},{"taxonomy":"product_tag","embeddable":true,"href":"https:\/\/gevelridder.nl\/es\/wp-json\/wp\/v2\/product_tag?post=141227"}],"curies":[{"name":"wp","href":"https:\/\/api.w.org\/{rel}","templated":true}]}}