
{"id":141226,"date":"2026-03-24T11:44:49","date_gmt":"2026-03-24T11:44:49","guid":{"rendered":"https:\/\/gevelridder.nl\/product\/tooltray-aluminio-bandeja-de-herramientas-ligera-para-carros-gevelridder\/"},"modified":"2026-05-08T12:33:35","modified_gmt":"2026-05-08T12:33:35","slug":"tooltray-aluminio-bandeja-de-herramientas-ligera-para-carros-gevelridder","status":"publish","type":"product","link":"https:\/\/gevelridder.nl\/es\/producto\/tooltray-aluminio-bandeja-de-herramientas-ligera-para-carros-gevelridder\/","title":{"rendered":"ToolTray Aluminio | Bandeja de herramientas ligera para carros Gevelridder"},"content":{"rendered":"\n<p>El <strong>ToolTray de Gevelridder<\/strong> est\u00e1 dise\u00f1ado para mejorar la eficacia y la ergonom\u00eda al trabajar con carros de aluminio en las obras. Buscar herramientas hace perder tiempo y aumenta el esfuerzo f\u00edsico. El ToolTray mantiene las herramientas esenciales <strong>organizadas y al alcance de la mano<\/strong>.  <\/p>\n\n<p>Fabricado <strong>en aluminio ligero<\/strong>, el portaherramientas es f\u00e1cil de instalar con los <strong>remaches incluidos<\/strong>. Esto garantiza una conexi\u00f3n segura y duradera al carro sin necesidad de complejos procedimientos de instalaci\u00f3n. <\/p>\n\n<p>Con unas dimensiones de <strong>100 cm de longitud<\/strong>, <strong>10 cm de anchura<\/strong> y <strong>8 cm de altura<\/strong>, la bandeja ToolTray ofrece un amplio espacio para herramientas manuales, llanas, distanciadores y peque\u00f1os accesorios, sin dejar de ser compacta. La bandeja es compatible con el <strong>carro de 150 kg<\/strong>, el <strong>carro de 250 kg<\/strong> y el <strong>Urban 1\u00d71 metros<\/strong>. <\/p>\n\n<p>Al tener las herramientas a mano, se reducen las caminatas y agachamientos innecesarios, lo que favorece <strong>unas condiciones de trabajo ergon\u00f3micas<\/strong> y mejora la productividad. Un accesorio sencillo pero muy eficaz para usuarios profesionales. <\/p>\n","protected":false},"excerpt":{"rendered":"<p>La ToolTray es una <strong data-start=\"2984\" data-end=\"3019\">ligera bandeja portaherramientas de aluminio<\/strong> que se monta f\u00e1cilmente en los carros de aluminio Gevelridder mediante los <strong data-start=\"3091\" data-end=\"3110\">remaches suministrados<\/strong>. Con una longitud de <strong data-start=\"3129\" data-end=\"3139\">100 cm<\/strong>, se adapta al <strong data-start=\"3153\" data-end=\"3207\">carro de 150 kg, al carro de 250 kg y al Urban de 1\u00d71 metro<\/strong>. <\/p>\n<p><strong>\u2714 Peso ligero, f\u00e1cil de transportar.<\/strong><\/p>\n<p><strong>\u2714 L=100 cm, H=8 cm, A=10 cm.<\/strong><\/p>\n<p><strong>x<\/strong> <strong>Tarjeta excluida<\/strong><\/p>\n","protected":false},"featured_media":0,"template":"","meta":{"_acf_changed":false,"_seopress_robots_primary_cat":"none","_seopress_titles_title":"","_seopress_titles_desc":"","_seopress_robots_index":""},"product_brand":[],"product_cat":[2780,2779],"product_tag":[2885,2876,2894,2887,2795,2878,2799,2890,2891,2893,2874,2782,2892,2888,2886,2822,2793,2880],"class_list":{"0":"post-141226","1":"product","2":"type-product","3":"status-publish","5":"product_cat-carros-de-fachada","6":"product_cat-carros-de-transporte-de-vidrio","7":"product_tag-allterraindolly","8":"product_tag-ascensor-de-cristal","9":"product_tag-bandeja-de-herramientas","10":"product_tag-carro","11":"product_tag-carro-bastidor","12":"product_tag-carro-de-cristal","13":"product_tag-carro-de-placas","14":"product_tag-carro-de-placas-glaskar","15":"product_tag-colocacion-del-vidrio","16":"product_tag-gereedschapbak","17":"product_tag-glaser","18":"product_tag-glaskar","19":"product_tag-marco-de-ventana-2","20":"product_tag-marco-de-ventana","21":"product_tag-shopfitters","22":"product_tag-transporte-de-vidrio-2","23":"product_tag-transporte-de-vidrio","24":"product_tag-vidriero","25":"product_shipping_class-kar-klein","27":"first","28":"instock","29":"taxable","30":"shipping-taxable","31":"purchasable","32":"product-type-simple"},"acf":[],"_links":{"self":[{"href":"https:\/\/gevelridder.nl\/es\/wp-json\/wp\/v2\/product\/141226","targetHints":{"allow":["GET"]}}],"collection":[{"href":"https:\/\/gevelridder.nl\/es\/wp-json\/wp\/v2\/product"}],"about":[{"href":"https:\/\/gevelridder.nl\/es\/wp-json\/wp\/v2\/types\/product"}],"wp:attachment":[{"href":"https:\/\/gevelridder.nl\/es\/wp-json\/wp\/v2\/media?parent=141226"}],"wp:term":[{"taxonomy":"product_brand","embeddable":true,"href":"https:\/\/gevelridder.nl\/es\/wp-json\/wp\/v2\/product_brand?post=141226"},{"taxonomy":"product_cat","embeddable":true,"href":"https:\/\/gevelridder.nl\/es\/wp-json\/wp\/v2\/product_cat?post=141226"},{"taxonomy":"product_tag","embeddable":true,"href":"https:\/\/gevelridder.nl\/es\/wp-json\/wp\/v2\/product_tag?post=141226"}],"curies":[{"name":"wp","href":"https:\/\/api.w.org\/{rel}","templated":true}]}}