
{"id":141225,"date":"2026-03-24T08:17:09","date_gmt":"2026-03-24T08:17:09","guid":{"rendered":"https:\/\/gevelridder.nl\/product\/carro-para-vidrio-y-placas-150kg-2-0\/"},"modified":"2026-05-08T12:33:38","modified_gmt":"2026-05-08T12:33:38","slug":"carro-para-vidrio-y-placas-150kg-2-0","status":"publish","type":"product","link":"https:\/\/gevelridder.nl\/es\/producto\/carro-para-vidrio-y-placas-150kg-2-0\/","title":{"rendered":"Carro para Vidrio y Placas 150kg 2.0"},"content":{"rendered":"\n<h2 class=\"wp-block-heading\"><strong>Carro de cristal y carro de discos<\/strong><\/h2>\n\n<h3 class=\"wp-block-heading\">Precioso carro de discos<\/h3>\n\n<p>Una vez acostumbrado a este pr\u00e1ctico y ligero carrito de cristal, no querr\u00e1s vivir sin \u00e9l. El carro de cristal 100\u00d7100 cm, con un estante de carga de 18 cm, es adecuado para 150 kg. El pr\u00e1ctico carro tiene 2 tubos montados en la parte inferior, que te dan la opci\u00f3n de utilizar abrazaderas de tensi\u00f3n. El remolque de un solo eje est\u00e1 hecho totalmente de aluminio ligero y pesa s\u00f3lo 10 kg.   <\/p>\n\n<h3 class=\"wp-block-heading\">Ruedas Glaskar montadas sobre rodamientos<\/h3>\n\n<p>El carro de cristal tiene ejes con ruedas neum\u00e1ticas, una elecci\u00f3n consciente por nuestra parte. Las ruedas neum\u00e1ticas ofrecen m\u00e1s amortiguaci\u00f3n y, por tanto, son m\u00e1s f\u00e1ciles de conducir sobre un bache. Tambi\u00e9n vendemos este carro de planchas con ruedas macizas separadas, que se utilizan m\u00e1s a menudo en los talleres. Este carro para chapas y cristales est\u00e1 fabricado con mucho cari\u00f1o en Holanda, de lo que nos sentimos orgullosos. El precio no incluye la pinza ni la lanza tensora. Se piden por separado. Las <a href=\"https:\/\/gevelridder.nl\/de\/produkt\/neu-spannklemme-fuer-glaskar-2-0-alu\/\">pinzas<\/a> evitan que el cristal se caiga hacia delante. Por supuesto, no dejes el carro solo en el exterior cuando est\u00e9 cargado, porque el viento puede volcarlo. La tabla de carga tiene 18 cm de ancho y est\u00e1 bellamente forrada a mano.        <\/p>\n\n<h3 class=\"wp-block-heading\">Varilla de empuje Glaskar<\/h3>\n\n<p>El carrito est\u00e1 equipado con una barra de empuje ajustable que puedes utilizar en ambos lados del carrito. Tambi\u00e9n tenemos el carro en una versi\u00f3n de 250 kg con doble eje: <a href=\"https:\/\/gevelridder.nl\/product\/glaskar-250-platenwagen\/\">Carro de 250 kg para fachadas (Gevelridder)<\/a>. Nuestro llamado 4\u00d74 tiene la ventaja de que la tabla de carga siempre est\u00e1 horizontal, lo que facilita empujar un veh\u00edculo de doble eje por encima de un umbral. En cambio, el veh\u00edculo de un eje es ligeramente m\u00e1s maniobrable.   <\/p>\n\n<h3 class=\"wp-block-heading\">Estr\u00e9s f\u00edsico y seguridad<\/h3>\n\n<p>Los empleados que levantan o transportan objetos o personas casi a diario corren un alto riesgo de sufrir lesiones (permanentes) de espalda. Por eso es importante limitar al m\u00e1ximo esta forma de esfuerzo f\u00edsico o realizarlo de forma responsable. Los empresarios est\u00e1n obligados a tomar medidas para garantizar que levantar o transportar no suponga riesgos para la salud. Si quieres saber m\u00e1s sobre levantamiento y transporte, echa un vistazo a la p\u00e1gina web sobre condiciones de trabajo.   <\/p>\n","protected":false},"excerpt":{"rendered":"<p>El carro para front\u00f3n, con una capacidad de carga de 150 kg, es una soluci\u00f3n pr\u00e1ctica y ligera para transportar cristales y chapas. En la versi\u00f3n 2.0, ahora es m\u00e1s f\u00e1cil aparcar las pinzas tensoras en la parte trasera del bastidor. Con ruedas neum\u00e1ticas para una mejor amortiguaci\u00f3n y maniobrabilidad, este carro para chapas es ideal para su uso en situaciones en las que el espacio es limitado. Por ejemplo, en ascensores, en galer\u00edas de pisos y en talleres. La barra de empuje ajustable a ambos lados facilita las maniobras. Tambi\u00e9n ofrecemos una <a href=\"https:\/\/gevelridder.nl\/product\/glaskar-250-platenwagen\/\">versi\u00f3n de 250 kg<\/a> con ejes dobles para una capacidad de carga a\u00fan mayor. La seguridad es lo primero, y el uso de pinzas evita que se caigan los cristales. El precio no incluye las pinzas tensoras, para las que ofrecemos tres tipos diferentes:       <\/p>\n<ul>\n<li><a href=\"https:\/\/gevelridder.nl\/product\/spanklem-2-0-alu\/\">Pinza tensora de aluminio<\/a> (la m\u00e1s vendida)<\/li>\n<li><a href=\"https:\/\/gevelridder.nl\/product\/spanklem\/\">abrazadera de acero<\/a> (m\u00e1s cara y pesada)<\/li>\n<li><a href=\"https:\/\/gevelridder.nl\/es\/producto\/spanlance-para-el-carro-de-placas\/\">Lanza tensora<\/a> (para vidrios m\u00e1s peque\u00f1os).<\/li>\n<\/ul>\n","protected":false},"featured_media":0,"template":"","meta":{"_acf_changed":false,"_seopress_robots_primary_cat":"none","_seopress_titles_title":"","_seopress_titles_desc":"","_seopress_robots_index":""},"product_brand":[],"product_cat":[2780,2779],"product_tag":[2885,2876,2887,2878,2889,2784,2874,2782,2882,2888,2884,2886,2880],"class_list":{"0":"post-141225","1":"product","2":"type-product","3":"status-publish","5":"product_cat-carros-de-fachada","6":"product_cat-carros-de-transporte-de-vidrio","7":"product_tag-allterraindolly","8":"product_tag-ascensor-de-cristal","9":"product_tag-carro","10":"product_tag-carro-de-cristal","11":"product_tag-elevador-de-aluminio","12":"product_tag-gevelridderkar","13":"product_tag-glaser","14":"product_tag-glaskar","15":"product_tag-glazierslife","16":"product_tag-marco-de-ventana","17":"product_tag-miroiterie","18":"product_tag-shopfitters","19":"product_tag-vidriero","20":"product_shipping_class-kar-klein","22":"first","23":"instock","24":"taxable","25":"shipping-taxable","26":"purchasable","27":"product-type-simple"},"acf":[],"_links":{"self":[{"href":"https:\/\/gevelridder.nl\/es\/wp-json\/wp\/v2\/product\/141225","targetHints":{"allow":["GET"]}}],"collection":[{"href":"https:\/\/gevelridder.nl\/es\/wp-json\/wp\/v2\/product"}],"about":[{"href":"https:\/\/gevelridder.nl\/es\/wp-json\/wp\/v2\/types\/product"}],"wp:attachment":[{"href":"https:\/\/gevelridder.nl\/es\/wp-json\/wp\/v2\/media?parent=141225"}],"wp:term":[{"taxonomy":"product_brand","embeddable":true,"href":"https:\/\/gevelridder.nl\/es\/wp-json\/wp\/v2\/product_brand?post=141225"},{"taxonomy":"product_cat","embeddable":true,"href":"https:\/\/gevelridder.nl\/es\/wp-json\/wp\/v2\/product_cat?post=141225"},{"taxonomy":"product_tag","embeddable":true,"href":"https:\/\/gevelridder.nl\/es\/wp-json\/wp\/v2\/product_tag?post=141225"}],"curies":[{"name":"wp","href":"https:\/\/api.w.org\/{rel}","templated":true}]}}