
{"id":141203,"date":"2026-03-24T11:33:09","date_gmt":"2026-03-24T11:33:09","guid":{"rendered":"https:\/\/gevelridder.nl\/product\/tallar-x\/"},"modified":"2026-05-08T12:29:06","modified_gmt":"2026-05-08T12:29:06","slug":"tallar-x","status":"publish","type":"product","link":"https:\/\/gevelridder.nl\/es\/producto\/tallar-x\/","title":{"rendered":"Tallar X"},"content":{"rendered":"\n<h2 class=\"wp-block-heading\"><strong>el carro para puertas y cristales CARVE-X 250 kg<\/strong><\/h2>\n\n<h2 class=\"wp-block-heading\">\u00a1La herramienta de transporte para losas, cristales, puertas y encimeras y tableros de piedra natural!<\/h2>\n\n<p>\u00bfEst\u00e1s buscando una forma eficaz y fiable de transportar platos, cristales, puertas, pero tambi\u00e9n encimeras de piedra natural y tableros de mesa en los que el objeto debe transportarse lo m\u00e1s cerca posible del suelo debido a su altura? \u00bfincluso en los espacios m\u00e1s reducidos? \u00a1Entonces tenemos buenas noticias para ti! <strong>Te presentamos los carros para platos Carve X 250<\/strong><br\/>Dise\u00f1ados pensando en el profesional. Estos carros para planchas o carros de planchas combinan resistencia, flexibilidad y estilo para ofrecerte la soluci\u00f3n de transporte perfecta. Con una bonita asa recubierta de cuero, el carro o perrito es f\u00e1cil de transportar.    <\/p>\n\n<p><strong>Por qu\u00e9 el CARVE X deber\u00eda ser tu pr\u00f3xima compra:<\/strong><\/p>\n\n<ol class=\"wp-block-list\">\n<li><strong>Maniobrabilidad excepcional:<\/strong> Con cuatro ruedas giratorias provistas de un disco de goma tanto en la parte delantera como en la trasera, la CARVE X maniobra sin esfuerzo por espacios reducidos, ideal para transportar encimeras y tableros de piedra natural.<\/li>\n\n\n\n<li><strong>Vers\u00e1til de usar:<\/strong> Tanto si quieres utilizarlo como trineo como si sientes la necesidad de colocar pinzas tensoras para mayor seguridad; \u00a1el CARVE te ofrece ambas opciones!<\/li>\n\n\n\n<li><strong>Dise\u00f1o elegante y pr\u00e1ctico:<\/strong> La tapicer\u00eda de fieltro antracita no s\u00f3lo confiere al CARVE un aspecto elegante, sino que tambi\u00e9n protege tus materiales de ara\u00f1azos y da\u00f1os.<\/li>\n\n\n\n<li><strong>M\u00e1s seguridad:<\/strong> No te preocupes por golpes o ara\u00f1azos gracias al parachoques de goma.<\/li>\n\n\n\n<li><strong>Compacidad y comodidad:<\/strong> Con su peque\u00f1o tama\u00f1o, la CARVE X es f\u00e1cil de transportar y guardar.<\/li>\n\n\n\n<li><strong>\u00bfPlatos grandes<\/strong>? : entonces utiliza s\u00f3lo dos <\/li>\n<\/ol>\n\n<p><strong>Conclusi\u00f3n:<\/strong><br\/>Tanto si trabajas en la construcci\u00f3n, el interiorismo, las reformas o en la industria de la piedra natural, el carro para planchas y cristales CARVE-X es una herramienta indispensable. \u00c1gil, duradero y elegante; con este carro, el transporte se convierte en un juego de ni\u00f1os. <\/p>\n\n<h4 class=\"wp-block-heading\">TNO &#8211; Hoja informativa sobre la carga de trabajo f\u00edsico 2018<\/h4>\n\n<p>Adem\u00e1s de la carga psicosocial, el esfuerzo f\u00edsico sigue siendo la principal causa de enfermedad profesional y absentismo. Esta es una hoja informativa de la TNO con cifras de junio de 2018, \u00a1as\u00ed que aprovecha las ayudas a la elevaci\u00f3n de Gevelridder! <\/p>\n\n<h4 class=\"wp-block-heading\">Levantar y transportar<\/h4>\n\n<p>Levantar es coger y dejar una carga con las manos, sin moverte. Si mueves algo andando mientras lo levantas, lo llamamos transportar. Estos consejos pueden ayudarte a evitar problemas de salud. \u00bfQu\u00e9 dolencias puedes sufrir? Levantar y cargar mientras se trabaja es una de las principales causas de dolencias f\u00edsicas, como dolor en la espalda (baja), los hombros, el cuello, las rodillas y las caderas. Tambi\u00e9n puedes tener problemas de espalda por levantar objetos con la espalda doblada o torcida.     <\/p>\n\n<p><a href=\"https:\/\/www.fnv.nl\/werk-inkomen\/veilig-gezond-werken\/lichamelijke-belasting\/tillen-en-dragen\">ver tambi\u00e9n<\/a><\/p>\n\n<p>Por lo tanto, para este carro de planchas sobre ruedas neum\u00e1ticas, has venido al lugar adecuado en Gevelridder. \u00a1Aseg\u00farate de que los carros (as\u00ed como los soportes de cristal) est\u00e9n siempre nivelados para evitar que el cristal se caiga! <\/p>\n","protected":false},"excerpt":{"rendered":"<p><strong>El Carro de Transporte CARVE X: \u00a1Perfecto para losas, puertas, vidrio y piedra natural!<\/strong><\/p>\n<p><b>\u2714<\/b> <strong>Para el transporte de vidrio alto, marcos, piedra, etc.<\/strong><\/p>\n<p><strong>\u2714 \u00a1\u00a1\u00a1Muy ligero, f\u00e1cil de transportar!!!<\/strong><\/p>\n<p><strong>\u2714 A 15 mm del suelo<\/strong><\/p>\n<p><strong>\u2714 Canal\u00f3n de tama\u00f1o diario 85 mm cm, 38 cm de largo<\/strong><\/p>\n<p><strong>\u2714<\/strong><strong> <\/strong><strong>WLL250 kg.<\/strong><\/p>\n<p><strong>\u2714 Peso propio 6 kg.<\/strong><\/p>\n<p><strong>\u2714<\/strong><strong> Ruedas con muelle.<\/strong> <\/p>\n<p><strong>\u2714<\/strong><strong> Parachoques de goma.<\/strong> <strong>x<\/strong> <strong>\u00a1Excluidas las pinzas tensoras!<\/strong><\/p>\n<p><strong>\u2660<\/strong> <strong>La pinza tensora debe pedirse por separado:<\/strong><\/p>\n<ul>\n<li><a href=\"https:\/\/gevelridder.nl\/product\/spanklem-2-0-alu\/\">Pinza tensora de aluminio (punta)<\/a><\/li>\n<li><a href=\"https:\/\/gevelridder.nl\/product\/spanklem\/\">Abrazadera de tensi\u00f3n de acero<\/a><\/li>\n<li><a href=\"https:\/\/gevelridder.nl\/es\/producto\/spanlance-para-el-carro-de-placas\/\">Lanza<\/a><\/li>\n<\/ul>\n","protected":false},"featured_media":0,"template":"","meta":{"_acf_changed":false,"_seopress_robots_primary_cat":"none","_seopress_titles_title":"","_seopress_titles_desc":"","_seopress_robots_index":""},"product_brand":[],"product_cat":[2781,2777,2780,2779],"product_tag":[2823,2791,2795,2790,2792,2788,2789,2782,2794,2814,2787,2793,2822,2796,2797],"class_list":{"0":"post-141203","1":"product","2":"type-product","3":"status-publish","5":"product_cat-ayudas-al-transporte","6":"product_cat-carros","7":"product_cat-carros-de-fachada","8":"product_cat-carros-de-transporte-de-vidrio","9":"product_tag-camion-de-placas","10":"product_tag-camiones-de-placas","11":"product_tag-carro-bastidor","12":"product_tag-carro-de-bastidor","13":"product_tag-carro-de-cristal-triple","14":"product_tag-carro-de-puerta","15":"product_tag-carro-de-vidrio-carro-de-chapa","16":"product_tag-glaskar","17":"product_tag-mano-de-transporte-de-vidrio","18":"product_tag-perrito","19":"product_tag-talla","20":"product_tag-transporte-de-vidrio","21":"product_tag-transporte-de-vidrio-2","22":"product_tag-triple","23":"product_tag-vidrio-pesado","24":"product_shipping_class-pakket-160-50-40","26":"first","27":"instock","28":"taxable","29":"shipping-taxable","30":"purchasable","31":"product-type-simple"},"acf":[],"_links":{"self":[{"href":"https:\/\/gevelridder.nl\/es\/wp-json\/wp\/v2\/product\/141203","targetHints":{"allow":["GET"]}}],"collection":[{"href":"https:\/\/gevelridder.nl\/es\/wp-json\/wp\/v2\/product"}],"about":[{"href":"https:\/\/gevelridder.nl\/es\/wp-json\/wp\/v2\/types\/product"}],"wp:attachment":[{"href":"https:\/\/gevelridder.nl\/es\/wp-json\/wp\/v2\/media?parent=141203"}],"wp:term":[{"taxonomy":"product_brand","embeddable":true,"href":"https:\/\/gevelridder.nl\/es\/wp-json\/wp\/v2\/product_brand?post=141203"},{"taxonomy":"product_cat","embeddable":true,"href":"https:\/\/gevelridder.nl\/es\/wp-json\/wp\/v2\/product_cat?post=141203"},{"taxonomy":"product_tag","embeddable":true,"href":"https:\/\/gevelridder.nl\/es\/wp-json\/wp\/v2\/product_tag?post=141203"}],"curies":[{"name":"wp","href":"https:\/\/api.w.org\/{rel}","templated":true}]}}