
{"id":141200,"date":"2026-03-24T08:17:09","date_gmt":"2026-03-24T08:17:09","guid":{"rendered":"https:\/\/gevelridder.nl\/product\/espaciador-gevelridder-pie\/"},"modified":"2026-05-08T12:43:45","modified_gmt":"2026-05-08T12:43:45","slug":"espaciador-gevelridder-pie","status":"publish","type":"product","link":"https:\/\/gevelridder.nl\/es\/producto\/espaciador-gevelridder-pie\/","title":{"rendered":"Espaciador Gevelridder Pie"},"content":{"rendered":"\n<p>\u00bf Utilizas ya el espaciador Gevelridder Base para el <a href=\"https:\/\/gevelridder.nl\/product\/gevelridder-s-incl-afstandhouder\/\">Gevelridder S<\/a> y el <a href=\"https:\/\/gevelridder.nl\/es\/producto\/gevelridder-m-hibrido\/\">Gevelridder<\/a><a href=\"https:\/\/gevelridder.nl\/?post_type=product&amp;p=131321\">M <\/a>?<\/p>\n\n<h2 class=\"wp-block-heading\">Juego de aguij\u00f3n con el Pastel Gevelridder Spacer<\/h2>\n\n<p>La justa es un juego favorito para ti, si la lanza es m\u00e1s larga que el competidor durante la justa a caballo, las posibilidades de ganar el juego son mayores. Lo mismo ocurre con el uso de herramientas en la construcci\u00f3n. \u00a1Con la #construcci\u00f3ndelgada estar\u00e1s por delante de la competencia! Nosotros, los Caballeros de la Mesa Redonda, \u00a1rompemos la lanza por los productos del Caballero de la Fachada! Los tubos de la base espaciadora son de aluminio y, por tanto, ligeros. Los espaciadores sirven para colocar el gancho del Caballero de la Fachada (Gevelridder) m\u00e1s lejos de la fachada. Esto es necesario en la situaci\u00f3n en la que, por ejemplo, un efecto solar sobresale por fuera de la fachada. Los distanciadores tambi\u00e9n son \u00fatiles en caso de que no haya espacio por encima del marco para sostener el Facade Knight (Gevelridder). El Caballero de la Fachada (Gevelridder) puede colocarse entonces en el tejado por encima con estos soportes. El travesa\u00f1o de este espaciador tambi\u00e9n est\u00e1 pensado para colocarlo contra los montantes de una anguila de descanso o un estante para cristales. As\u00ed que puedes colocar cristales con el Caballero de la Fachada (Gevelridder) en nuestro <a href=\"https:\/\/gevelridder.nl\/product\/glaskar-250-platenwagen\/\">carro para cristales<\/a>. \u00bfDe d\u00f3nde procede el t\u00e9rmino romper una lanza por algo? Seg\u00fan nuestra lengua, de <a href=\"https:\/\/onzetaal.nl\/schatkamer\/lezen\/uitdrukkingen\/ergens-een-lans-voor-breken\">lo siguiente:<\/a> <em>Romper<\/em> una lanza <em>por algo<\/em> significa \u00abdefender algo\u00bb, \u00abelogiar algo\u00bb. Tambi\u00e9n puede alancear a <em>alguien<\/em>; significa defender o alzarse en defensa de alguien. Para leer m\u00e1s sobre seguridad, utiliza <a href=\"https:\/\/www.nlarbeidsinspectie.nl\/onderwerpen\/arbocatalogus\" target=\"_blank\" rel=\"noreferrer noopener\">el Cat\u00e1logo de Salud y Seguridad.<\/a> Este dicho se encuentra en muchos idiomas, por ejemplo: <em>f\u00fcr jemanden\/etwas eine Lanze brechen\/einlegen<\/em> (alem\u00e1n), <em>rompre des lances pour quelqu&#8217;un(e)<\/em> (franc\u00e9s), <em>romper una lanza por alguien\/algo<\/em> (ingl\u00e9s) y <em>spezzare una lancia a\/in favore di qualcuno\/qualcosa<\/em> (italiano). Para que lo sepas&#8230; El espaciador de base Gevelridder s\u00f3lo es adecuado para la <a href=\"https:\/\/gevelridder.nl\/product\/gevelridder-s-incl-afstandhouder\/\">Gevelridder S<\/a> y la <a href=\"https:\/\/gevelridder.nl\/es\/producto\/gevelridder-m-hibrido\/\">Gevelridder M<\/a>.               <\/p>\n","protected":false},"excerpt":{"rendered":"<p>Estimados Caballeros, \u00bfutiliz\u00e1is ya la base espaciadora Gevelridder con la <a href=\"https:\/\/gevelridder.nl\/es\/producto\/gevelridder-m-hibrido\/\">Gevelridder M<\/a> o la <a href=\"https:\/\/gevelridder.nl\/product\/gevelridder-s-incl-afstandhouder\/\">Gevelridder S<\/a>? Esta base espaciadora tambi\u00e9n es adecuada para levantar el cristal del cubilete. La justa es un juego favorito para ti, si la lanza es m\u00e1s larga que el competidor durante la justa a caballo, las posibilidades de ganar el juego son mayores. Lo mismo ocurre con el uso de herramientas en la construcci\u00f3n. \u00a1Con la #construcci\u00f3ndelgada estar\u00e1s por delante de la competencia! Nosotros, los Caballeros de la Mesa Redonda, \u00a1rompemos la lanza por los productos del Caballero de la Fachada! Este espaciador viene de serie con el Gevelridder M y S, por lo que no necesitas pedirlo por separado.      <\/p>\n","protected":false},"featured_media":0,"template":"","meta":{"_acf_changed":false,"_seopress_robots_primary_cat":"none","_seopress_titles_title":"","_seopress_titles_desc":"","_seopress_robots_index":""},"product_brand":[],"product_cat":[2682],"product_tag":[2821,2819,2688,2820],"class_list":{"0":"post-141200","1":"product","2":"type-product","3":"status-publish","5":"product_cat-piezas","6":"product_tag-cabrestantes","7":"product_tag-distancia","8":"product_tag-elevador","9":"product_tag-espaciador-caballero-de-la-fachada-gevelridder","10":"product_shipping_class-40-euros","12":"first","13":"instock","14":"taxable","15":"shipping-taxable","16":"purchasable","17":"product-type-simple"},"acf":[],"_links":{"self":[{"href":"https:\/\/gevelridder.nl\/es\/wp-json\/wp\/v2\/product\/141200","targetHints":{"allow":["GET"]}}],"collection":[{"href":"https:\/\/gevelridder.nl\/es\/wp-json\/wp\/v2\/product"}],"about":[{"href":"https:\/\/gevelridder.nl\/es\/wp-json\/wp\/v2\/types\/product"}],"wp:attachment":[{"href":"https:\/\/gevelridder.nl\/es\/wp-json\/wp\/v2\/media?parent=141200"}],"wp:term":[{"taxonomy":"product_brand","embeddable":true,"href":"https:\/\/gevelridder.nl\/es\/wp-json\/wp\/v2\/product_brand?post=141200"},{"taxonomy":"product_cat","embeddable":true,"href":"https:\/\/gevelridder.nl\/es\/wp-json\/wp\/v2\/product_cat?post=141200"},{"taxonomy":"product_tag","embeddable":true,"href":"https:\/\/gevelridder.nl\/es\/wp-json\/wp\/v2\/product_tag?post=141200"}],"curies":[{"name":"wp","href":"https:\/\/api.w.org\/{rel}","templated":true}]}}