
{"id":141198,"date":"2026-03-24T08:17:11","date_gmt":"2026-03-24T08:17:11","guid":{"rendered":"https:\/\/gevelridder.nl\/product\/abrazadera-del-bastidor-sobre-ruedas-neumaticas170-mm\/"},"modified":"2026-05-08T12:25:44","modified_gmt":"2026-05-08T12:25:44","slug":"abrazadera-del-bastidor-sobre-ruedas-neumaticas170-mm","status":"publish","type":"product","link":"https:\/\/gevelridder.nl\/es\/producto\/abrazadera-del-bastidor-sobre-ruedas-neumaticas170-mm\/","title":{"rendered":"Abrazadera del bastidor sobre ruedas neum\u00e1ticas170 mm"},"content":{"rendered":"\n<h2 class=\"wp-block-heading\">La abrazadera del bastidor sobre ruedas neum\u00e1ticas170 mm<\/h2>\n\n<p>La pinza para bastidor sobre neum\u00e1ticos170 mm tiene una anchura de 170 mm, pero tambi\u00e9n puede suministrarse con una anchura de 70 y 125 mm. El interior est\u00e1 forrado con material protector contra golpes y ara\u00f1azos.<br\/>Tama\u00f1o aproximado 20\u00d720 cm, peso 2 kg. <\/p>\n\n<h2 class=\"wp-block-heading\">\u00bfQu\u00e9 otros carros peque\u00f1os tenemos?<\/h2>\n\n<p>Tenemos los siguientes pr\u00e1cticos carritos para ampliar la gama:<\/p>\n\n<ul class=\"wp-block-list\">\n<li>Malle <a href=\"https:\/\/gevelridder.nl\/product\/malle-jantje\/\">Jantje <\/a>El Malle Jantje es un pr\u00e1ctico carro para marcos que todo artesano disfruta utilizando. Con una sonrisa, Malle Jantje transporta al trabajo marcos de ventanas, vigas y persianas. El carro tiene una dimensi\u00f3n diurna de 250 mm, por lo que es adecuado para marcos anchos con triple acristalamiento. El carro mide 500 mm de largo.   <\/li>\n\n\n\n<li><a href=\"https:\/\/gevelridder.nl\/product\/kozijn-klem-op-luchtbanden-125-mm\/\">Pinza de cuadro sobre ruedas neum\u00e1ticas 125 mm<\/a> La pinza tiene una anchura de 125 mm. Adem\u00e1s, el interior est\u00e1 forrado con material protector contra golpes y ara\u00f1azos.<br\/>Tama\u00f1o aproximado 40\u00d736 cm, peso 2 kg. <\/li>\n\n\n\n<li><a href=\"https:\/\/gevelridder.nl\/es\/producto\/abrazadera-del-bastidor-sobre-ruedas-neumaticas-70-mm\/\">Pinza de cuadro sobre ruedas neum\u00e1ticas 70 mm<\/a> La pinza tiene una anchura de 70 mm. El interior est\u00e1 forrado con material protector contra golpes y ara\u00f1azos.<br\/>Tama\u00f1o aproximado 40\u00d730 cm, peso 2 kg. <\/li>\n<\/ul>\n\n<h3 class=\"wp-block-heading\">Comprar una abrazadera de cuadro<\/h3>\n\n<p>\u00bfQu\u00e9 debes tener en cuenta al comprar una pinza para cuadros? Es importante hacer un buen inventario de para qu\u00e9 piensas utilizar la pinza. \u00bfQu\u00e9 materiales y dimensiones? A menudo, nuestros clientes siguen eligiendo un <a href=\"https:\/\/gevelridder.nl\/product\/glaskar-250-platenwagen\/\">Glaskar<\/a>, porque este carro tambi\u00e9n puede valerse por s\u00ed mismo. Por cierto, \u00bfsab\u00edas que el Glaskar est\u00e1 recomendado en el <a href=\"https:\/\/arbovriendelijkehulpmiddelen.volandis.nl\/taken\/glaszetwerk\/fysieke-belasting\/gevelridder\/index.html\" target=\"_blank\" rel=\"noreferrer noopener\">Cat\u00e1logo de Salud y Seguridad para la Reparaci\u00f3n de Cristales?<\/a>    <\/p>\n","protected":false},"excerpt":{"rendered":"<p>La pinza tiene una anchura de 170 mm, pero tambi\u00e9n puede suministrarse con una anchura de 70 y 125 mm. El interior est\u00e1 forrado con material protector contra golpes y ara\u00f1azos.<br \/>\nTama\u00f1o aproximado 20\u00d720 cm, peso 2 kg. <\/p>\n","protected":false},"featured_media":0,"template":"","meta":{"_acf_changed":false,"_seopress_robots_primary_cat":"none","_seopress_titles_title":"","_seopress_titles_desc":"","_seopress_robots_index":""},"product_brand":[],"product_cat":[2781,2780],"product_tag":[2815,2799,2807,2782,2814,2809,2811,2810,2808,2816],"class_list":{"0":"post-141198","1":"product","2":"type-product","3":"status-publish","5":"product_cat-ayudas-al-transporte","6":"product_cat-carros-de-fachada","7":"product_tag-carro-de-discos","8":"product_tag-carro-de-placas","9":"product_tag-encimera","10":"product_tag-glaskar","11":"product_tag-perrito","12":"product_tag-portapuertas","13":"product_tag-portavasos","14":"product_tag-puerta","15":"product_tag-todo-para-el-vidrio","16":"product_tag-wagen","17":"product_shipping_class-pakket-50-50-60","19":"first","20":"instock","21":"taxable","22":"shipping-taxable","23":"purchasable","24":"product-type-simple"},"acf":[],"_links":{"self":[{"href":"https:\/\/gevelridder.nl\/es\/wp-json\/wp\/v2\/product\/141198","targetHints":{"allow":["GET"]}}],"collection":[{"href":"https:\/\/gevelridder.nl\/es\/wp-json\/wp\/v2\/product"}],"about":[{"href":"https:\/\/gevelridder.nl\/es\/wp-json\/wp\/v2\/types\/product"}],"wp:attachment":[{"href":"https:\/\/gevelridder.nl\/es\/wp-json\/wp\/v2\/media?parent=141198"}],"wp:term":[{"taxonomy":"product_brand","embeddable":true,"href":"https:\/\/gevelridder.nl\/es\/wp-json\/wp\/v2\/product_brand?post=141198"},{"taxonomy":"product_cat","embeddable":true,"href":"https:\/\/gevelridder.nl\/es\/wp-json\/wp\/v2\/product_cat?post=141198"},{"taxonomy":"product_tag","embeddable":true,"href":"https:\/\/gevelridder.nl\/es\/wp-json\/wp\/v2\/product_tag?post=141198"}],"curies":[{"name":"wp","href":"https:\/\/api.w.org\/{rel}","templated":true}]}}