
{"id":141193,"date":"2026-03-24T08:17:11","date_gmt":"2026-03-24T08:17:11","guid":{"rendered":"https:\/\/gevelridder.nl\/product\/abrazadera-del-bastidor-sobre-ruedas-neumaticas-70-mm\/"},"modified":"2026-05-08T12:25:44","modified_gmt":"2026-05-08T12:25:44","slug":"abrazadera-del-bastidor-sobre-ruedas-neumaticas-70-mm","status":"publish","type":"product","link":"https:\/\/gevelridder.nl\/es\/producto\/abrazadera-del-bastidor-sobre-ruedas-neumaticas-70-mm\/","title":{"rendered":"Abrazadera del bastidor sobre ruedas neum\u00e1ticas 70 mm"},"content":{"rendered":"\n<h2 class=\"wp-block-heading\">La abrazadera del bastidor sobre ruedas neum\u00e1ticas70 mm<\/h2>\n\n<p>La abrazadera de bastidor sobre ruedas neum\u00e1ticas70 mm tiene una anchura de galga de 70 mm, pero tambi\u00e9n puede suministrarse con una anchura de 70 y 170 mm. El interior est\u00e1 recubierto de material protector contra golpes y ara\u00f1azos.<br\/>Tama\u00f1o aproximado 20\u00d720 cm, peso 2 kg. <\/p>\n\n<h2 class=\"wp-block-heading\">\u00bfQu\u00e9 otros carros peque\u00f1os tenemos adem\u00e1s de la pinza Frame sobre ruedas neum\u00e1ticas de 70 mm?<\/h2>\n\n<p>Tenemos los siguientes pr\u00e1cticos carritos para ampliar la gama:<\/p>\n\n<ul class=\"wp-block-list\">\n<li>Malle <a href=\"https:\/\/gevelridder.nl\/product\/malle-jantje\/\">Jantje<\/a> El Malle Jantje es un pr\u00e1ctico carro para marcos que todo artesano disfruta utilizando. Con una sonrisa, Malle Jantje transporta al trabajo marcos de ventanas, vigas y persianas. El carro tiene una dimensi\u00f3n diurna de 250 mm, por lo que es adecuado para marcos anchos con triple acristalamiento. El carro mide 500 mm de largo.   <\/li>\n\n\n\n<li><a href=\"https:\/\/gevelridder.nl\/product\/kozijn-klem-op-luchtbanden170-mm\/\">Pinza de cuadro sobre ruedas neum\u00e1ticas 170 mm<\/a> La pinza tiene una anchura de 170 mm. El interior tambi\u00e9n est\u00e1 forrado con material protector contra golpes y ara\u00f1azos.<br\/>Tama\u00f1o aproximado 40\u00d736 cm, peso 2 kg. <\/li>\n\n\n\n<li><a href=\"https:\/\/gevelridder.nl\/product\/kozijn-klem-op-luchtbanden-125-mm\/\">Pinza de cuadro sobre ruedas neum\u00e1ticas 125 mm<\/a> La pinza tiene una anchura de 125 mm. El interior est\u00e1 forrado con material protector contra golpes y ara\u00f1azos.<br\/>Tama\u00f1o aproximado 40\u00d730 cm, peso 2 kg. <\/li>\n<\/ul>\n\n<h3 class=\"wp-block-heading\">\u00bfComprando una abrazadera de cuadro?<\/h3>\n\n<p>\u00bfQu\u00e9 debes tener en cuenta al comprar una pinza para cuadros? Es importante hacer un buen inventario de para qu\u00e9 piensas utilizar la pinza. \u00bfQu\u00e9 materiales y dimensiones? A menudo, nuestros clientes siguen eligiendo un <a href=\"https:\/\/gevelridder.nl\/product\/glaskar-platenwagen-150kg\/\">Glaskar<\/a> <a href=\"https:\/\/gevelridder.nl\/product\/kozijn-klem-op-luchtbanden-125-mm\/\">250 kg<\/a> o un Glaskar 150 kg porque este carro tambi\u00e9n puede sostenerse por s\u00ed solo. \u00bfConoces los riesgos de levantar y transportar? Echa un vistazo a este <a href=\"https:\/\/www.arboportaal.nl\/onderwerpen\/tillen-en-dragen\/wat-zijn-de-risico%E2%80%99s-van-tillen-en-dragen\">sitio<\/a>.     <\/p>\n","protected":false},"excerpt":{"rendered":"<div class=\"woocommerce-product-details__short-description\">\n<p>La pinza de bastidor sobre ruedas neum\u00e1ticas70 mm es un carro resistente y pr\u00e1ctico para transportar placas de hormig\u00f3nplex y otras placas pesadas.<\/p>\n<\/div>\n","protected":false},"featured_media":0,"template":"","meta":{"_acf_changed":false,"_seopress_robots_primary_cat":"none","_seopress_titles_title":"","_seopress_titles_desc":"","_seopress_robots_index":""},"product_brand":[],"product_cat":[2781,2780],"product_tag":[2815,2799,2807,2782,2814,2809,2811,2810,2808,2816],"class_list":{"0":"post-141193","1":"product","2":"type-product","3":"status-publish","5":"product_cat-ayudas-al-transporte","6":"product_cat-carros-de-fachada","7":"product_tag-carro-de-discos","8":"product_tag-carro-de-placas","9":"product_tag-encimera","10":"product_tag-glaskar","11":"product_tag-perrito","12":"product_tag-portapuertas","13":"product_tag-portavasos","14":"product_tag-puerta","15":"product_tag-todo-para-el-vidrio","16":"product_tag-wagen","17":"product_shipping_class-pakket-50-50-60","19":"first","20":"instock","21":"taxable","22":"shipping-taxable","23":"purchasable","24":"product-type-simple"},"acf":[],"_links":{"self":[{"href":"https:\/\/gevelridder.nl\/es\/wp-json\/wp\/v2\/product\/141193","targetHints":{"allow":["GET"]}}],"collection":[{"href":"https:\/\/gevelridder.nl\/es\/wp-json\/wp\/v2\/product"}],"about":[{"href":"https:\/\/gevelridder.nl\/es\/wp-json\/wp\/v2\/types\/product"}],"wp:attachment":[{"href":"https:\/\/gevelridder.nl\/es\/wp-json\/wp\/v2\/media?parent=141193"}],"wp:term":[{"taxonomy":"product_brand","embeddable":true,"href":"https:\/\/gevelridder.nl\/es\/wp-json\/wp\/v2\/product_brand?post=141193"},{"taxonomy":"product_cat","embeddable":true,"href":"https:\/\/gevelridder.nl\/es\/wp-json\/wp\/v2\/product_cat?post=141193"},{"taxonomy":"product_tag","embeddable":true,"href":"https:\/\/gevelridder.nl\/es\/wp-json\/wp\/v2\/product_tag?post=141193"}],"curies":[{"name":"wp","href":"https:\/\/api.w.org\/{rel}","templated":true}]}}