
{"id":141192,"date":"2026-03-24T11:34:16","date_gmt":"2026-03-24T11:34:16","guid":{"rendered":"https:\/\/gevelridder.nl\/product\/spanlance-para-el-carro-de-placas\/"},"modified":"2026-05-08T12:25:43","modified_gmt":"2026-05-08T12:25:43","slug":"spanlance-para-el-carro-de-placas","status":"publish","type":"product","link":"https:\/\/gevelridder.nl\/es\/producto\/spanlance-para-el-carro-de-placas\/","title":{"rendered":"SpanLance para el carro de placas"},"content":{"rendered":"\n<h2 class=\"wp-block-heading\">SpanLance<\/h2>\n\n<p>La lanza SpanLance para el carro GableRiver evita que tu plancha (de vidrio) se caiga hacia delante. En principio basta con una lanza, pero para placas (de cristal) grandes recomendamos dos lanzas. Si transportas cristales de grandes dimensiones en el <a href=\"https:\/\/gevelridder.nl\/product\/glaskar-250-platenwagen\/\">carro para cristales Gevelridder<\/a>, te recomendamos la <a href=\"https:\/\/gevelridder.nl\/de\/product\/klemme-fuer-glaskar-1-0-stahl\/\">SpanLance<\/a>. La SpanLance est\u00e1 fabricada en acero inoxidable de alta calidad y, por supuesto: Fabricada en Holanda. El precio es por pieza.    <\/p>\n\n<h2 class=\"wp-block-heading\">Espa\u00f1oles en la <a href=\"https:\/\/nl.wikipedia.org\/wiki\/Lans_(wapen)\">Edad<\/a> Media.<\/h2>\n\n<p>En la Edad Media, las principales armas del caballero armado a caballo eran la espada y la lanza. Si era necesario, pod\u00eda utilizar adem\u00e1s una daga y una maza con herrajes. Para protegerse, el caballero llevaba una cota de malla que no le proporcionaba una protecci\u00f3n completa, por lo que fue cubriendo cada vez m\u00e1s partes de su cuerpo con placas de hierro y, finalmente, surgi\u00f3 la armadura. Esto hizo que despu\u00e9s del a\u00f1o 1000 tambi\u00e9n cambiara el uso de la lanza. El asta de madera con la punta de hierro de unos 15 cm permaneci\u00f3, pero la gente empez\u00f3 a manejar la lanza de forma diferente. Hasta entonces, la gente levantaba la lanza por encima de la cabeza para apu\u00f1alar o lanzar, o la sujetaba bajo el brazo derecho para mantenerla en equilibrio. Las investigaciones muestran que a partir del \u00faltimo cuarto del siglo XI se utilizaron lanzas m\u00e1s pesadas, que se sujetaban bajo la axila con la mano derecha justo detr\u00e1s de una anilla para apu\u00f1alar. La anilla punzante se colocaba para ofrecer resistencia en un enfrentamiento. La lanza apuntaba en diagonal a trav\u00e9s del cuello del caballo hacia el lado izquierdo. Al ganar velocidad con su caballo, el caballero pod\u00eda asestar un golpe mortal de esta manera. Esto se denomina <em>t\u00e9cnica de la lanza couch\u00e9<\/em>. <a href=\"https:\/\/nl.wikipedia.org\/w\/index.php?title=Maurice_Keen&amp;action=edit&amp;redlink=1\">Maurice Keen<\/a> llamaba \u00abproyectil humano\u00bb al caballero que utilizaba esta t\u00e9cnica. Para esta t\u00e9cnica, el caballero ten\u00eda que estar especialmente entrenado. Ten\u00eda que sujetar simult\u00e1neamente su escudo con la mano izquierda, manejar las riendas y permanecer en la silla de montar. Las sillas de montar estaban especialmente adaptadas para esta t\u00e9cnica.             <\/p>\n\n<p><sup><a href=\"https:\/\/nl.wikipedia.org\/wiki\/Lans_(wapen)#cite_note-1\">[1]<\/a><\/sup><\/p>\n","protected":false},"excerpt":{"rendered":"<p>La pinza tensora se adapta al carro Gable Cart 150 kg y al carro Gable Cart 4\u00d74.<br \/>\nEst\u00e1 fabricada en acero de alta calidad bien inoxidable con revestimiento de goma para no da\u00f1ar los cristales ni las placas.<\/p>\n","protected":false},"featured_media":0,"template":"","meta":{"_acf_changed":false,"_seopress_robots_primary_cat":"none","_seopress_titles_title":"","_seopress_titles_desc":"","_seopress_robots_index":""},"product_brand":[],"product_cat":[2780,2778],"product_tag":[2806,2782,2804,2805],"class_list":{"0":"post-141192","1":"product","2":"type-product","3":"status-publish","5":"product_cat-carros-de-fachada","6":"product_cat-piezas-2","7":"product_tag-fijacion-del-cristal","8":"product_tag-glaskar","9":"product_tag-lanza","10":"product_tag-puertas-sobre-carro-de-cristal","11":"product_shipping_class-25-euros","13":"first","14":"instock","15":"taxable","16":"shipping-taxable","17":"purchasable","18":"product-type-simple"},"acf":[],"_links":{"self":[{"href":"https:\/\/gevelridder.nl\/es\/wp-json\/wp\/v2\/product\/141192","targetHints":{"allow":["GET"]}}],"collection":[{"href":"https:\/\/gevelridder.nl\/es\/wp-json\/wp\/v2\/product"}],"about":[{"href":"https:\/\/gevelridder.nl\/es\/wp-json\/wp\/v2\/types\/product"}],"wp:attachment":[{"href":"https:\/\/gevelridder.nl\/es\/wp-json\/wp\/v2\/media?parent=141192"}],"wp:term":[{"taxonomy":"product_brand","embeddable":true,"href":"https:\/\/gevelridder.nl\/es\/wp-json\/wp\/v2\/product_brand?post=141192"},{"taxonomy":"product_cat","embeddable":true,"href":"https:\/\/gevelridder.nl\/es\/wp-json\/wp\/v2\/product_cat?post=141192"},{"taxonomy":"product_tag","embeddable":true,"href":"https:\/\/gevelridder.nl\/es\/wp-json\/wp\/v2\/product_tag?post=141192"}],"curies":[{"name":"wp","href":"https:\/\/api.w.org\/{rel}","templated":true}]}}