
{"id":141191,"date":"2026-03-24T11:41:17","date_gmt":"2026-03-24T11:41:17","guid":{"rendered":"https:\/\/gevelridder.nl\/product\/rueda-polyfill-400-100-con-tapa-de-sujecion\/"},"modified":"2026-05-08T12:25:44","modified_gmt":"2026-05-08T12:25:44","slug":"rueda-polyfill-400-100-con-tapa-de-sujecion","status":"publish","type":"product","link":"https:\/\/gevelridder.nl\/es\/producto\/rueda-polyfill-400-100-con-tapa-de-sujecion\/","title":{"rendered":"Rueda Polyfill 400\/100 con tapa de sujeci\u00f3n"},"content":{"rendered":"\n<h2 class=\"wp-block-heading\">Rueda con acolchado Polyfill 400\/100 con tapa de sujeci\u00f3n<\/h2>\n\n<p><strong>Ruedas de la Serie 54: Una fusi\u00f3n de innovaci\u00f3n y funcionalidad<\/strong>  En un sector en el que la calidad y la durabilidad son la clave del \u00e9xito, nos enorgullece presentar nuestras ruedas de la serie 54 con llanta de pl\u00e1stico y neum\u00e1tico negro. Vienen con rodamiento de rodillos. Las ruedas est\u00e1n rellenas de Polyfill MD2.0 para una suspensi\u00f3n \u00f3ptima, y; \u00a1NUNCA NUNCA UNA LLANTA POCA! Estas ruedas, con una impresionante capacidad de carga de 250 kg, son tu compa\u00f1ero de confianza para cualquier tarea, pesada o ligera. Su robusta construcci\u00f3n, con una anchura de rueda de 100 mm y un di\u00e1metro de rueda de 400 mm, las hace ideales para diversas aplicaciones, desde carros industriales hasta carros de jard\u00edn. La longitud del cubo es de 75 mm. Las ruedas neum\u00e1ticas proporcionan una conducci\u00f3n suave y c\u00f3moda, absorben los golpes y minimizan las vibraciones, lo que supone menos esfuerzo para el usuario y una mayor vida \u00fatil de tu equipo. Ten en cuenta que el dise\u00f1o real de la rueda puede diferir del de la foto mostrada. Sin embargo, lo que no cambia es nuestro compromiso con la excelencia y la satisfacci\u00f3n del cliente. Tambi\u00e9n destacamos la importancia del rodamiento; el rodamiento de rodillos proporciona una rotaci\u00f3n m\u00e1s suave. Con un n\u00famero EAN 8718116089995, esta rueda no es s\u00f3lo un producto, sino una promesa de calidad y eficacia. En el mundo de las ruedas, nuestra Serie 54 es sin\u00f3nimo de innovaci\u00f3n, funcionalidad y fiabilidad, una herramienta indispensable para cualquier profesional. Utilizamos estas ruedas para el <a href=\"https:\/\/gevelridder.nl\/nieuws\/glaskar-urban-platenwagen-350kg\/\">carro urbano<\/a> y el <a href=\"https:\/\/gevelridder.nl\/de\/produkt\/schnitzen-500kg-2-0\/\">carro carve 500<\/a>. <\/p>\n","protected":false},"excerpt":{"rendered":"<p>Es una inversi\u00f3n, pero con este neum\u00e1tico polyfill tienes la garant\u00eda de no volver a pinchar nunca m\u00e1s. El manejo es el mismo que el de las ruedas neum\u00e1ticas, pero ten en cuenta que son relativamente pesadas (\u00a1\u00a18,7 kg cada una!!). Por eso siempre recomendamos los neum\u00e1ticos. Plazo de entrega: dos semanas. <b>\u2714<\/b> Neum\u00e1tico Polyfill: se acabaron los pinchazos.   <\/p>\n<div class=\"markdown prose w-full break-words dark:prose-invert light\">\n<p><b>\u2714 <\/b>Di\u00e1metro de la rueda (mm)400 <b>\u2714 <\/b>Anchura de la rueda (mm)100 <b>\u2714 <\/b>Capacidad de carga (kg)250 <b>\u2714 <\/b>Tipo de rodamiento Rodamiento de rodillos <b>\u2714 <\/b>Material de la rueda de n\u00facleo de poliamida 6 <b>\u2714 <\/b>Longitud del cubo (mm) 75 <b>\u2714 <\/b>\u00d8 del agujero (mm) 20 <b>\u2714 <\/b>Uso en interiores y exteriores <b>\u2714<\/b> Peso propio 8,7 kg.<\/p>\n<\/div>\n","protected":false},"featured_media":0,"template":"","meta":{"_acf_changed":false,"_seopress_robots_primary_cat":"none","_seopress_titles_title":"","_seopress_titles_desc":"","_seopress_robots_index":""},"product_brand":[],"product_cat":[2780,2778],"product_tag":[2799,2801,2800,2803,2802],"class_list":{"0":"post-141191","1":"product","2":"type-product","3":"status-publish","5":"product_cat-carros-de-fachada","6":"product_cat-piezas-2","7":"product_tag-carro-de-placas","8":"product_tag-carro-neumatico-para-vidrio","9":"product_tag-neumatico-400","10":"product_tag-tillen","11":"product_tag-transporte","12":"product_shipping_class-pakket-50-50-60","14":"first","15":"instock","16":"taxable","17":"shipping-taxable","18":"purchasable","19":"product-type-simple"},"acf":[],"_links":{"self":[{"href":"https:\/\/gevelridder.nl\/es\/wp-json\/wp\/v2\/product\/141191","targetHints":{"allow":["GET"]}}],"collection":[{"href":"https:\/\/gevelridder.nl\/es\/wp-json\/wp\/v2\/product"}],"about":[{"href":"https:\/\/gevelridder.nl\/es\/wp-json\/wp\/v2\/types\/product"}],"wp:attachment":[{"href":"https:\/\/gevelridder.nl\/es\/wp-json\/wp\/v2\/media?parent=141191"}],"wp:term":[{"taxonomy":"product_brand","embeddable":true,"href":"https:\/\/gevelridder.nl\/es\/wp-json\/wp\/v2\/product_brand?post=141191"},{"taxonomy":"product_cat","embeddable":true,"href":"https:\/\/gevelridder.nl\/es\/wp-json\/wp\/v2\/product_cat?post=141191"},{"taxonomy":"product_tag","embeddable":true,"href":"https:\/\/gevelridder.nl\/es\/wp-json\/wp\/v2\/product_tag?post=141191"}],"curies":[{"name":"wp","href":"https:\/\/api.w.org\/{rel}","templated":true}]}}