
{"id":141190,"date":"2026-03-24T08:17:10","date_gmt":"2026-03-24T08:17:10","guid":{"rendered":"https:\/\/gevelridder.nl\/product\/rueda-con-neumatico-260-85-con-tapon-de-sujecion\/"},"modified":"2026-05-08T12:25:44","modified_gmt":"2026-05-08T12:25:44","slug":"rueda-con-neumatico-260-85-con-tapon-de-sujecion","status":"publish","type":"product","link":"https:\/\/gevelridder.nl\/es\/producto\/rueda-con-neumatico-260-85-con-tapon-de-sujecion\/","title":{"rendered":"Rueda con neum\u00e1tico 260\/85 con tap\u00f3n de sujeci\u00f3n"},"content":{"rendered":"\n<p><strong>La llanta Knightly 4\u2033 ROJA NL.75 RO.20: \u00a1La elecci\u00f3n imbatible para los maestros de la construcci\u00f3n, la mudanza y el transporte! <\/strong><\/p>\n\n<p>Los caballeros de la era moderna -constructores, mudanzas y transportistas- se unen en torno al impresionante VELG 4\u2033 ROJO NL.75 RO.20. Dise\u00f1ada como aliada indispensable para tu ligero <a href=\"https:\/\/gevelridder.nl\/product\/glaskar-250-platenwagen\/\" target=\"_blank\" rel=\"noreferrer noopener\">carro Gable<\/a>, esta rueda promete no s\u00f3lo sencillez en el montaje, sino tambi\u00e9n una fuerza incisiva capaz de superar cualquier reto. Con una banda de rodadura de bloque indestructible y un n\u00facleo de rueda fabricado en poliamida resistente, la rueda neum\u00e1tica garantiza una experiencia silenciosa y amortiguadora de las vibraciones. Adem\u00e1s, gracias al rodamiento de rodillos, puedes contar con movimientos suaves e impecables. \u00bfPor qu\u00e9 deber\u00edas elegir este caballero de la rueda? La respuesta es sencilla: es perfecta para el transporte semipesado, especialmente de productos sensibles a los golpes o cuando se circula por superficies rugosas o sin asfaltar. Oficinas, almacenes, tiendas, instituciones: esta rueda encaja perfectamente en cualquier entorno y ofrece un rendimiento inigualable. Con un di\u00e1metro de rueda de 260 mm y una anchura de 85 mm, este gigante de la rueda puede transportar hasta 150 kg. Adem\u00e1s, con un eje de 20 y una longitud de buje de 75 mm, es duradera y fiable. \u00bfNuestro sabio consejo? Opta siempre por una rueda neum\u00e1tica, sobre todo si tienes que cruzar umbrales con frecuencia. Y ten cuidado, porque las ruedas macizas pueden atascarse en la arena o la grava, lo que puede provocar el vuelco de la carretilla. Pero con la FELG 4\u2033 ROJA NL.75 RO.20, siempre triunfar\u00e1s, tanto si te enfrentas a superficies irregulares como adoquines, suelos da\u00f1ados o incluso obst\u00e1culos como umbrales. A por el oro, caballeros de la construcci\u00f3n, la mudanza y el transporte. \u00a1Elige la FELG 4\u2033 ROJA NL.75 RO.20 y experimenta el poder de la verdadera caballer\u00eda en cada rueda!                 <\/p>\n","protected":false},"excerpt":{"rendered":"<div class=\"woocommerce-product-details__short-description\">\n<p>La FELG 4\u2033 ROJA NL.75 RO.20 es una rueda indispensable para los profesionales de la construcci\u00f3n, las mudanzas y el transporte. Dise\u00f1ada para el carro ligero Gable Cart, esta rueda neum\u00e1tica con banda de rodadura de bloques y n\u00facleo de poliamida ofrece una experiencia silenciosa y amortiguadora de las vibraciones. Con una capacidad de carga de 150 kg y unas especificaciones de 260 mm de di\u00e1metro y 85 mm de anchura, es ideal para una gran variedad de superficies y entornos. \u00a1Elige una fiabilidad caballeresca con esta rueda! La rueda pesa s\u00f3lo 1,1 kg. \u00bfPinchazos frecuentes? Entonces tenemos la rueda polyfil con una amortiguaci\u00f3n similar a la de la rueda neum\u00e1tica.       <\/p>\n<\/div>\n","protected":false},"featured_media":0,"template":"","meta":{"_acf_changed":false,"_seopress_robots_primary_cat":"none","_seopress_titles_title":"","_seopress_titles_desc":"","_seopress_robots_index":""},"product_brand":[],"product_cat":[2780,2778],"product_tag":[2784,2782,2783,2786],"class_list":{"0":"post-141190","1":"product","2":"type-product","3":"status-publish","5":"product_cat-carros-de-fachada","6":"product_cat-piezas-2","7":"product_tag-gevelridderkar","8":"product_tag-glaskar","9":"product_tag-neumatico","10":"product_tag-wiel","12":"first","13":"instock","14":"taxable","15":"shipping-taxable","16":"purchasable","17":"product-type-simple"},"acf":[],"_links":{"self":[{"href":"https:\/\/gevelridder.nl\/es\/wp-json\/wp\/v2\/product\/141190","targetHints":{"allow":["GET"]}}],"collection":[{"href":"https:\/\/gevelridder.nl\/es\/wp-json\/wp\/v2\/product"}],"about":[{"href":"https:\/\/gevelridder.nl\/es\/wp-json\/wp\/v2\/types\/product"}],"wp:attachment":[{"href":"https:\/\/gevelridder.nl\/es\/wp-json\/wp\/v2\/media?parent=141190"}],"wp:term":[{"taxonomy":"product_brand","embeddable":true,"href":"https:\/\/gevelridder.nl\/es\/wp-json\/wp\/v2\/product_brand?post=141190"},{"taxonomy":"product_cat","embeddable":true,"href":"https:\/\/gevelridder.nl\/es\/wp-json\/wp\/v2\/product_cat?post=141190"},{"taxonomy":"product_tag","embeddable":true,"href":"https:\/\/gevelridder.nl\/es\/wp-json\/wp\/v2\/product_tag?post=141190"}],"curies":[{"name":"wp","href":"https:\/\/api.w.org\/{rel}","templated":true}]}}