
{"id":141165,"date":"2026-03-24T08:17:10","date_gmt":"2026-03-24T08:17:10","guid":{"rendered":"https:\/\/gevelridder.nl\/product\/distanciador-gevelridder-1-metro\/"},"modified":"2026-05-08T12:13:10","modified_gmt":"2026-05-08T12:13:10","slug":"distanciador-gevelridder-1-metro","status":"publish","type":"product","link":"https:\/\/gevelridder.nl\/es\/producto\/distanciador-gevelridder-1-metro\/","title":{"rendered":"Distanciador Gevelridder 1 metro"},"content":{"rendered":"\n<p>Queridos Caballeros, \u00bfutiliz\u00e1is ya el separador Gevelridder 1 metro con el <a href=\"https:\/\/gevelridder.nl\/product\/gevelridder-l\/\">Gevelridder L<\/a>?<\/p>\n\n<h2 class=\"wp-block-heading\">Puntadas con el espaciador Gevelridder 1 metro<\/h2>\n\n<p>La justa es un juego favorito para ti, si la lanza es m\u00e1s larga que el competidor durante la justa a caballo, las posibilidades de ganar el juego son mayores. Lo mismo ocurre con el uso de herramientas en la construcci\u00f3n. \u00a1Con la #construcci\u00f3ndelgada estar\u00e1s por delante de la competencia! Nosotros, los Caballeros de la Mesa Redonda, \u00a1rompemos la lanza por los productos de Fachada Caballero! Los tubos son de aluminio y, por tanto, ligeros. Los distanciadores sirven para colocar el gancho del Caballero de la Fachada (Gevelridder) m\u00e1s lejos de la fachada. Esto es necesario en la situaci\u00f3n en la que, por ejemplo, un efecto solar sobresale por fuera de la fachada. Los distanciadores tambi\u00e9n son \u00fatiles en caso de que no haya espacio por encima del marco para sostener el Facade Knight (Gevelridder). El Caballero de la Fachada (Gevelridder) puede colocarse entonces en el tejado por encima con estos soportes. \u00bfDe d\u00f3nde procede el t\u00e9rmino romper una lanza por algo? Seg\u00fan nuestra lengua, de <a href=\"https:\/\/onzetaal.nl\/schatkamer\/lezen\/uitdrukkingen\/ergens-een-lans-voor-breken\">lo siguiente:<\/a> <em>Romper<\/em> una lanza <em>por algo<\/em> significa \u00abdefender algo\u00bb, \u00abelogiar algo\u00bb. Tambi\u00e9n puede alancear a <em>alguien<\/em>; significa defender o alzarse en defensa de alguien. El <em>Gran Diccionario de Expresiones<\/em> de Van Dale (2006) menciona que esta expresi\u00f3n se remonta a la Edad Media. Cuando los caballeros romp\u00edan una lanza por alguien, significaba que luchaban por esa persona en una justa (durante un torneo). Tambi\u00e9n seg\u00fan <a href=\"https:\/\/www.dbnl.org\/tekst\/stoe002nede01_01\/stoe002nede01_01_1358.php\" target=\"_blank\" rel=\"noreferrer noopener\">F.A. Stoett<\/a>, <em>romper una lanza<\/em> procede de la caballer\u00eda; <em>romper una lanza por alguien<\/em> significaba originalmente \u00abir a la batalla por esa persona\u00bb. Este dicho aparece en muchos idiomas, por ejemplo: <em>f\u00fcr jemanden\/etwas eine Lanze brechen\/einlegen<\/em> (alem\u00e1n), <em>rompre des lances pour quelqu&#8217;un(e)<\/em> (franc\u00e9s), <em>to break a lance for someone\/something<\/em> (ingl\u00e9s) y <em>spezzare una lancia a\/in favore di qualcuno\/qualcosa<\/em> (italiano). Para que lo sepas&#8230; El espaciador tambi\u00e9n es adecuado para la <a href=\"https:\/\/gevelridder.nl\/?post_type=product&amp;p=131321\">Gevelridder<\/a> <a href=\"https:\/\/gevelridder.nl\/product\/gevelridder-s-incl-afstandhouder\/\">S<\/a> y la Gevelridder M.                <\/p>\n","protected":false},"excerpt":{"rendered":"<p>Queridos Caballeros, \u00bfutiliz\u00e1is ya el separador Caballero <a href=\"https:\/\/gevelridder.nl\/product\/gevelridder-l\/\">de Fachada 1 metro con el Caballero de Fachada L?<\/a> La justa es un juego favorito para ti, si la lanza es m\u00e1s larga que el competidor durante la justa a caballo, las posibilidades de ganar el juego son mayores. Lo mismo ocurre con el uso de herramientas en la construcci\u00f3n. \u00a1Con la #construcci\u00f3ndelgada estar\u00e1s por delante de la competencia! La lanza tambi\u00e9n es adecuada para la Gevelridder <a href=\"https:\/\/gevelridder.nl\/product\/gevelridder-s-incl-afstandhouder\/\">S<\/a> y la <a href=\"https:\/\/gevelridder.nl\/?post_type=product&#038;p=131321\">Gevelridder<\/a> M \u00a1Nosotros, los Caballeros de la Mesa Redonda, rompemos la lanza por los productos de Gevelridder!   <\/p>\n","protected":false},"featured_media":0,"template":"","meta":{"_acf_changed":false,"_seopress_robots_primary_cat":"none","_seopress_titles_title":"","_seopress_titles_desc":"","_seopress_robots_index":""},"product_brand":[],"product_cat":[2682],"product_tag":[2706],"class_list":{"0":"post-141165","1":"product","2":"type-product","3":"status-publish","5":"product_cat-piezas","6":"product_tag-espaciador-fachada-caballero-1-metro","7":"product_shipping_class-40-euros","9":"first","10":"instock","11":"taxable","12":"shipping-taxable","13":"purchasable","14":"product-type-simple"},"acf":[],"_links":{"self":[{"href":"https:\/\/gevelridder.nl\/es\/wp-json\/wp\/v2\/product\/141165","targetHints":{"allow":["GET"]}}],"collection":[{"href":"https:\/\/gevelridder.nl\/es\/wp-json\/wp\/v2\/product"}],"about":[{"href":"https:\/\/gevelridder.nl\/es\/wp-json\/wp\/v2\/types\/product"}],"wp:attachment":[{"href":"https:\/\/gevelridder.nl\/es\/wp-json\/wp\/v2\/media?parent=141165"}],"wp:term":[{"taxonomy":"product_brand","embeddable":true,"href":"https:\/\/gevelridder.nl\/es\/wp-json\/wp\/v2\/product_brand?post=141165"},{"taxonomy":"product_cat","embeddable":true,"href":"https:\/\/gevelridder.nl\/es\/wp-json\/wp\/v2\/product_cat?post=141165"},{"taxonomy":"product_tag","embeddable":true,"href":"https:\/\/gevelridder.nl\/es\/wp-json\/wp\/v2\/product_tag?post=141165"}],"curies":[{"name":"wp","href":"https:\/\/api.w.org\/{rel}","templated":true}]}}