
{"id":141164,"date":"2026-04-03T09:37:20","date_gmt":"2026-04-03T09:37:20","guid":{"rendered":"https:\/\/gevelridder.nl\/product\/cabrestante-manual-para-el-gevelridder\/"},"modified":"2026-05-08T12:13:10","modified_gmt":"2026-05-08T12:13:10","slug":"cabrestante-manual-para-el-gevelridder","status":"publish","type":"product","link":"https:\/\/gevelridder.nl\/es\/producto\/cabrestante-manual-para-el-gevelridder\/","title":{"rendered":"Cabrestante manual para el Gevelridder"},"content":{"rendered":"\n<p>Hola miembros de la Orden de Caballer\u00eda, por supuesto que puede ocurrir que el Cabrestante de Mano se estropee despu\u00e9s de un largo torneo, una l\u00e1stima. Los Caballeros de Fachada (Gevelridder) pueden ayudarte a volver a la batalla en tu cruzada lo antes posible con un nuevo cabrestante de mano. Este cabestrante de mano es apto para todo tipo de Caballeros de Fachada (Gevelridder) y est\u00e1 formado por engranajes endurecidos en un gran fuego de le\u00f1a, por lo que el caballo tuvo que esperar un tiempo para tener nuevos hierros para los cascos. Ahorra dinero encargando enseguida otras <a href=\"https:\/\/gevelridder.nl\/product\/glaskar-250-platenwagen\/\">armas de Caballero<\/a> de nuestra colecci\u00f3n. El engranaje de este cabrestante est\u00e1 protegido. Ten en cuenta que si el cabrestante no traquetea al hacer el cabestrante, el freno est\u00e1 defectuoso. Deja de hacer el cabestrante y ll\u00e9valo a reparar. Tenemos los siguientes Caballeros de Fachada (Gevelridder) para los que es adecuado este Cabrestante manual.       <\/p>\n\n<p><a href=\"https:\/\/gevelridder.nl\/product\/gevelridder-s-incl-afstandhouder\/\">-1. Gevelridder S<\/a><\/p>\n\n<p><a href=\"https:\/\/gevelridder.nl\/?post_type=product&amp;p=131321\">-2. Gevelridder M<\/a><\/p>\n\n<p><a href=\"https:\/\/gevelridder.nl\/product\/gevelridder-l\/\">-3. Gevelridder L<\/a><\/p>\n\n<p><a href=\"https:\/\/gevelridder.nl\/?post_type=product&amp;p=131339\">-4. Gevelridder XL<\/a><\/p>\n\n<h2 class=\"wp-block-heading\">Papel de los fabricantes en el marcado CE Cabrestante manual<\/h2>\n\n<p>Los fabricantes deben determinar si un producto cumple los requisitos.<\/p>\n\n<h2 class=\"wp-block-heading\">Marcado CE en productos de fuera del EEE<\/h2>\n\n<p>\u00bfEl producto est\u00e1 fabricado fuera del EEE? Entonces el importador del producto debe comprobar si el producto cumple los requisitos. Y, por tanto, si el producto debe llevar el marcado CE. \u00bfComercializa el importador los productos bajo su propio nombre? Entonces asume la responsabilidad del fabricante. En ese caso, tambi\u00e9n debe colocar \u00e9l mismo el marcado CE.     <\/p>\n\n<h2 class=\"wp-block-heading\">Se requiere el marcado CE para m\u00e1s de 20 grupos de productos<\/h2>\n\n<p>El marcado CE se aplica a m\u00e1s de 20 grupos de productos. Entre ellos se incluyen: <\/p>\n\n<ul class=\"wp-block-list\">\n<li>productos de construcci\u00f3n;<\/li>\n\n\n\n<li>aparatos de gas;<\/li>\n\n\n\n<li>juguetes;<\/li>\n\n\n\n<li>instrumentos de medida;<\/li>\n\n\n\n<li>tel\u00e9fonos m\u00f3viles;<\/li>\n\n\n\n<li>ascensores.<\/li>\n<\/ul>\n\n<p>Aconsejamos a nuestros clientes que sigan el <a href=\"https:\/\/www.nlarbeidsinspectie.nl\/onderwerpen\/arbocatalogus\" target=\"_blank\" rel=\"noreferrer noopener\">Cat\u00e1logo de Salud y Seguridad<\/a>. El Cat\u00e1logo de Salud y Seguridad se considera una \u00abreceta\u00bb reconocida, ampliamente respaldada y redactada por los propios interlocutores sociales para promover unas condiciones de trabajo saludables y seguras. <\/p>\n","protected":false},"excerpt":{"rendered":"<p>Hola miembros de la Orden de Caballer\u00eda, por supuesto que puede ocurrir que el cabrestante de mano se estropee tras un uso prolongado. Gevelridder puede ayudarte a volver a la guerra lo antes posible con un nuevo cabrestante de mano. Este cabrestante de mano es apto para todo tipo de Caballeros de la Fachada (Gevelridder) y consta de engranajes endurecidos en un gran fuego de le\u00f1a con un freno autom\u00e1tico de presi\u00f3n de carga. \u00a1P\u00eddelo aqu\u00ed! Ahorra dinero encargando ahora mismo otras <a href=\"https:\/\/gevelridder.nl\/product\/glaskar-250-platenwagen\/\">armas de Caballero de<\/a> nuestra colecci\u00f3n.    <\/p>\n","protected":false},"featured_media":0,"template":"","meta":{"_acf_changed":false,"_seopress_robots_primary_cat":"none","_seopress_titles_title":"","_seopress_titles_desc":"","_seopress_robots_index":""},"product_brand":[],"product_cat":[2701,2702,2682],"product_tag":[2690,2703,2688,2704],"class_list":{"0":"post-141164","1":"product","2":"type-product","3":"status-publish","5":"product_cat-herramientas","6":"product_cat-herramientas-de-vidrio","7":"product_cat-piezas","8":"product_tag-caballero-de-la-fachada-gevelridder","9":"product_tag-cabrestante-manual","10":"product_tag-elevador","11":"product_tag-veilig-heffen","13":"first","14":"instock","15":"taxable","16":"shipping-taxable","17":"purchasable","18":"product-type-simple"},"acf":[],"_links":{"self":[{"href":"https:\/\/gevelridder.nl\/es\/wp-json\/wp\/v2\/product\/141164","targetHints":{"allow":["GET"]}}],"collection":[{"href":"https:\/\/gevelridder.nl\/es\/wp-json\/wp\/v2\/product"}],"about":[{"href":"https:\/\/gevelridder.nl\/es\/wp-json\/wp\/v2\/types\/product"}],"wp:attachment":[{"href":"https:\/\/gevelridder.nl\/es\/wp-json\/wp\/v2\/media?parent=141164"}],"wp:term":[{"taxonomy":"product_brand","embeddable":true,"href":"https:\/\/gevelridder.nl\/es\/wp-json\/wp\/v2\/product_brand?post=141164"},{"taxonomy":"product_cat","embeddable":true,"href":"https:\/\/gevelridder.nl\/es\/wp-json\/wp\/v2\/product_cat?post=141164"},{"taxonomy":"product_tag","embeddable":true,"href":"https:\/\/gevelridder.nl\/es\/wp-json\/wp\/v2\/product_tag?post=141164"}],"curies":[{"name":"wp","href":"https:\/\/api.w.org\/{rel}","templated":true}]}}