
{"id":141161,"date":"2026-03-24T08:17:09","date_gmt":"2026-03-24T08:17:09","guid":{"rendered":"https:\/\/gevelridder.nl\/product\/cable-de-acero-gancho-pequeno-gevelridder-m\/"},"modified":"2026-05-08T12:12:39","modified_gmt":"2026-05-08T12:12:39","slug":"cable-de-acero-gancho-pequeno-gevelridder-m","status":"publish","type":"product","link":"https:\/\/gevelridder.nl\/es\/producto\/cable-de-acero-gancho-pequeno-gevelridder-m\/","title":{"rendered":"Cable de acero gancho peque\u00f1o Gevelridder M"},"content":{"rendered":"\n<h2 class=\"wp-block-heading\">Cable de acero gancho peque\u00f1o Gevelridder M<\/h2>\n\n<p>Miembros de la Orden de Caballer\u00eda, por supuesto que puede ocurrir que el cable de acero con peque\u00f1o gancho para el Gevelridder M se estropee tras un largo y arduo torneo, l\u00e1stima. El Caballero de la Fachada (Gevelridder) puede ayudarte a volver a la batalla lo antes posible en tu cruzada con un cable nuevo. Este cable es adecuado para el <a href=\"https:\/\/gevelridder.nl\/?post_type=product&amp;p=131321\">Gevelridder M<\/a>. Ahorra dinero encargando ahora mismo otras <a href=\"https:\/\/gevelridder.nl\/product\/glaskar-250-platenwagen\/\">armas de Caballero de<\/a> nuestra colecci\u00f3n. El<a href=\"https:\/\/gevelridder.nl\/?post_type=product&amp;p=131321\"> Gevelridder<\/a> M est\u00e1 equipado con un cable de acero con peque\u00f1o gancho de seguridad y contrapeso en el que se pueden colgar objetos. El gancho peque\u00f1o de cable de acero para el Gevelridder M es caro de adquirir, en realidad es un despilfarro de ducados. \u00bfC\u00f3mo se puede prolongar la vida \u00fatil del cable? Despu\u00e9s de un trabajo con el Caballero de la Fachada (Gevelridder), por supuesto que quieres volver a casa lo antes posible, para que mam\u00e1 la esposa pueda ayudarte a quitarte la pesada cota de malla, al fin y al cabo, la vida de un Caballero sin dolor de espalda no consiste s\u00f3lo en torneos. Sin embargo, a menudo el cable se sube demasiado r\u00e1pido y se descarga. Esto puede crear bucles en el tambor que causen torceduras y, por tanto, da\u00f1os. Aseg\u00farate de que el cable se enrolla con cuidado y firmemente para prolongar su vida \u00fatil. El cable est\u00e1 hecho de acero de alta calidad. Tambi\u00e9n es fino y flexible. Durante el torneo, recuerda asegurarte de que tu equipo de protecci\u00f3n personal tambi\u00e9n est\u00e1 en buen estado&#8230;             <\/p>\n\n<h2 class=\"wp-block-heading\"><strong>Equipo de protecci\u00f3n Cable de acero gancho peque\u00f1o Gevelridder M<\/strong><\/h2>\n\n<p>La Ley de Condiciones de Trabajo (Arbowet) obliga al empresario a proporcionar los equipos de protecci\u00f3n individual (EPI) necesarios. En el Inventario y Evaluaci\u00f3n de Riesgos (IR&amp;E) debe figurar cu\u00e1ndo debe llevarse cada EPI. El trabajador tiene La obligaci\u00f3n de llevar el EPI proporcionado por el empresario. El Caballero de la Caballer\u00eda, puede adquirir na turalmente este equipo de protecci\u00f3n en Fa\u00e7ade Knight. Un <a href=\"https:\/\/gevelridder.nl\/product\/werkhandschoenen-activgrip-omega-maat-xl\/\">guante<\/a> y un <a href=\"https:\/\/gevelridder.nl\/product\/polsbescherming\/\">protector de mu\u00f1eca<\/a>.    <\/p>\n\n<ul class=\"wp-block-list\">\n<li>La ropa de trabajo y el calzado de seguridad (clase S3: son obligatorios al esmaltar\/montar debido al riesgo de lesiones por corte. que hay que llevar. La lluvia requiere prendas impermeables.  <\/li>\n<\/ul>\n\n<ul class=\"wp-block-list\">\n<li>Protecci\u00f3n auditiva (con atenuaci\u00f3n adecuada) durante el clavado y la retirada del sellador.<\/li>\n\n\n\n<li>Las gafas de seguridad protegen de las astillas de vidrio cuando se trabaja manualmente y se retira el vidrio.<\/li>\n\n\n\n<li>Casco de seguridad si hay riesgo de ser golpeado por objetos que caen o impactos en la cabeza.<\/li>\n\n\n\n<li>Protecci\u00f3n contra ca\u00eddas, como un arn\u00e9s con l\u00ednea de seguridad, cuando se trabaje en altura, si no se han tomado medidas t\u00e9cnicas que impidan las ca\u00eddas.<\/li>\n\n\n\n<li>Los guantes resistentes a los cortes (al menos de clase de corte 3) proporcionan protecci\u00f3n contra las lesiones provocadas por cortes con cristales. Los guantes c\u00f3modos para trabajar est\u00e1n hechos de kevlar, fibras de aramida, hilo dyneema o hilo spectra. Estos guantes son muy resistentes a los cortes y flexibles. Un revestimiento de goma garantiza un agarre \u00f3ptimo. Un buen ajuste, la ausencia de costuras y la protecci\u00f3n de las mu\u00f1ecas son importantes. Ver explicaci\u00f3n en el cuadro de texto.     <\/li>\n\n\n\n<li>El protector de mu\u00f1eca proporciona protecci\u00f3n contra lesiones por cortes con el cristal.<\/li>\n<\/ul>\n\n<p>Para m\u00e1s informaci\u00f3n, haz clic <a href=\"https:\/\/www.volandis.nl\/media\/1125\/16063832-a-blad-glaszetten-hr.pdf\">aqu\u00ed.<\/a><\/p>\n","protected":false},"excerpt":{"rendered":"<p>Gancho de carga con aleta y cable de acero flexible especial para el Gevelridder M. Cable de 21 metros de longitud. Se monta un cilindro de lastre encima del gancho para facilitar el desenrollado del cable. La novedad es que el lastre est\u00e1 protegido con goma.  <\/p>\n","protected":false},"featured_media":0,"template":"","meta":{"_acf_changed":false,"_seopress_robots_primary_cat":"none","_seopress_titles_title":"","_seopress_titles_desc":"","_seopress_robots_index":""},"product_brand":[],"product_cat":[2682],"product_tag":[2695],"class_list":{"0":"post-141161","1":"product","2":"type-product","3":"status-publish","5":"product_cat-piezas","6":"product_tag-caballero-de-la-fachada-gevelridder-cable","8":"first","9":"instock","10":"taxable","11":"shipping-taxable","12":"purchasable","13":"product-type-simple"},"acf":[],"_links":{"self":[{"href":"https:\/\/gevelridder.nl\/es\/wp-json\/wp\/v2\/product\/141161","targetHints":{"allow":["GET"]}}],"collection":[{"href":"https:\/\/gevelridder.nl\/es\/wp-json\/wp\/v2\/product"}],"about":[{"href":"https:\/\/gevelridder.nl\/es\/wp-json\/wp\/v2\/types\/product"}],"wp:attachment":[{"href":"https:\/\/gevelridder.nl\/es\/wp-json\/wp\/v2\/media?parent=141161"}],"wp:term":[{"taxonomy":"product_brand","embeddable":true,"href":"https:\/\/gevelridder.nl\/es\/wp-json\/wp\/v2\/product_brand?post=141161"},{"taxonomy":"product_cat","embeddable":true,"href":"https:\/\/gevelridder.nl\/es\/wp-json\/wp\/v2\/product_cat?post=141161"},{"taxonomy":"product_tag","embeddable":true,"href":"https:\/\/gevelridder.nl\/es\/wp-json\/wp\/v2\/product_tag?post=141161"}],"curies":[{"name":"wp","href":"https:\/\/api.w.org\/{rel}","templated":true}]}}