
{"id":141160,"date":"2026-03-24T08:17:08","date_gmt":"2026-03-24T08:17:08","guid":{"rendered":"https:\/\/gevelridder.nl\/product\/rodillos-de-aguilon-juego-de-2-piezas\/"},"modified":"2026-05-08T12:12:39","modified_gmt":"2026-05-08T12:12:39","slug":"rodillos-de-aguilon-juego-de-2-piezas","status":"publish","type":"product","link":"https:\/\/gevelridder.nl\/es\/producto\/rodillos-de-aguilon-juego-de-2-piezas\/","title":{"rendered":"Rodillos de aguil\u00f3n, juego de 2 piezas"},"content":{"rendered":"\n<h2 class=\"wp-block-heading\">Rodillos de aguil\u00f3n, juego de 2 piezas<\/h2>\n\n<p>En el din\u00e1mico mundo de la construcci\u00f3n, es crucial que se observen todos los detalles para garantizar una seguridad y eficacia \u00f3ptimas en la obra. Uno de esos detalles, que puede marcar un mundo de diferencia en tus operaciones diarias, son los revolucionarios rodillos de fachada montados en el cabezal del Caballero de la Fachada. Esta ingeniosa pieza desempe\u00f1a un papel clave en la protecci\u00f3n tanto de la fachada como del Caballero de las Fachadas durante el funcionamiento. A continuaci\u00f3n te explicamos por qu\u00e9 estos rodillos de fachada son una parte indispensable de tu caja de herramientas.   <\/p>\n\n<h2 class=\"wp-block-heading\">Antideslizante<\/h2>\n\n<p>Los rodillos antideslizantes para fachadas son un verdadero cambio de juego en el sector de la construcci\u00f3n. Estos rodillos se ofrecen en un juego y su finalidad principal es permitir que el Caballero de las Fachadas ruede contra la fachada sin esfuerzo y sin da\u00f1arla. Su exclusivo dise\u00f1o antideslizante garantiza un movimiento firme y estable, reduciendo significativamente la posibilidad de da\u00f1ar la fachada. Esto garantiza un entorno de trabajo m\u00e1s seguro y controlado, lo que a su vez contribuye a una mayor productividad y menos tiempo de inactividad debido a da\u00f1os. El uso de rodillos de fachada tambi\u00e9n facilita un posicionamiento m\u00e1s suave del Caballero de la Fachada en diversas situaciones de trabajo. En un sector en el que el tiempo equivale a dinero, esos pocos minutos ahorrados al final de la jornada pueden suponer una diferencia significativa. El suave balanceo del Caballero de Fachada (Gevelridder) significa que los trabajadores tienen que hacer menos esfuerzo f\u00edsico, lo que reduce el riesgo de lesiones laborales. Adem\u00e1s, estos rodillos para frontones se fabrican con la durabilidad como prioridad, lo que les permite soportar las rigurosas exigencias de una obra. El uso de materiales de alta calidad en la fabricaci\u00f3n garantiza una vida \u00fatil m\u00e1s larga y un rendimiento fiable una y otra vez. En pocas palabras, los rodillos para hastiales no s\u00f3lo son una inversi\u00f3n en la protecci\u00f3n de tus fachadas, sino tambi\u00e9n en eficacia y seguridad en tu obra. Son un peque\u00f1o complemento con un gran impacto, que no debes pasar por alto al planificar tu pr\u00f3ximo proyecto. As\u00ed que aseg\u00farate de estar a la cabeza del sector de la construcci\u00f3n invirtiendo en esta innovadora herramienta, un valioso complemento para tu equipo Facade Knight. Visita ahora nuestro sitio web para pedir tu juego de rodillos para fachadas y experimenta por ti mismo las ventajas de un proceso de trabajo m\u00e1s suave, seguro y eficaz.            <\/p>\n","protected":false},"excerpt":{"rendered":"<div class=\"woocommerce-product-details__short-description\">\n<p>Los rodillos de front\u00f3n para el Caballero de las Fachadas (Gevelridder) son una herramienta indispensable en el sector de la construcci\u00f3n. Montados en el cabezal del Caballero de Fachadas, estos rodillos antideslizantes proporcionan un movimiento sin esfuerzo y seguro contra la fachada, evitando da\u00f1os. Facilitan un posicionamiento suave en diversas situaciones y reducen el esfuerzo f\u00edsico de los trabajadores. Fabricados pensando en la durabilidad, los rodillos para fachadas ofrecen una mayor vida \u00fatil y un rendimiento fiable. Una peque\u00f1a inversi\u00f3n para una mayor eficacia y seguridad en la obra. Incluye pernos y tuercas de mariposa.     <\/p>\n<\/div>\n","protected":false},"featured_media":0,"template":"","meta":{"_acf_changed":false,"_seopress_robots_primary_cat":"none","_seopress_titles_title":"","_seopress_titles_desc":"","_seopress_robots_index":""},"product_brand":[],"product_cat":[2682],"product_tag":[2690,2696,2697,2698,2699],"class_list":{"0":"post-141160","1":"product","2":"type-product","3":"status-publish","5":"product_cat-piezas","6":"product_tag-caballero-de-la-fachada-gevelridder","7":"product_tag-fachada-de-proteccion","8":"product_tag-mover","9":"product_tag-rollen","10":"product_tag-wielen","12":"first","13":"instock","14":"taxable","15":"shipping-taxable","16":"purchasable","17":"product-type-simple"},"acf":[],"_links":{"self":[{"href":"https:\/\/gevelridder.nl\/es\/wp-json\/wp\/v2\/product\/141160","targetHints":{"allow":["GET"]}}],"collection":[{"href":"https:\/\/gevelridder.nl\/es\/wp-json\/wp\/v2\/product"}],"about":[{"href":"https:\/\/gevelridder.nl\/es\/wp-json\/wp\/v2\/types\/product"}],"wp:attachment":[{"href":"https:\/\/gevelridder.nl\/es\/wp-json\/wp\/v2\/media?parent=141160"}],"wp:term":[{"taxonomy":"product_brand","embeddable":true,"href":"https:\/\/gevelridder.nl\/es\/wp-json\/wp\/v2\/product_brand?post=141160"},{"taxonomy":"product_cat","embeddable":true,"href":"https:\/\/gevelridder.nl\/es\/wp-json\/wp\/v2\/product_cat?post=141160"},{"taxonomy":"product_tag","embeddable":true,"href":"https:\/\/gevelridder.nl\/es\/wp-json\/wp\/v2\/product_tag?post=141160"}],"curies":[{"name":"wp","href":"https:\/\/api.w.org\/{rel}","templated":true}]}}