
{"id":141158,"date":"2026-03-24T08:17:10","date_gmt":"2026-03-24T08:17:10","guid":{"rendered":"https:\/\/gevelridder.nl\/product\/gevelridder-juego-de-gomas-para-pies-1\/"},"modified":"2026-05-08T12:12:39","modified_gmt":"2026-05-08T12:12:39","slug":"gevelridder-juego-de-gomas-para-pies-1","status":"publish","type":"product","link":"https:\/\/gevelridder.nl\/es\/producto\/gevelridder-juego-de-gomas-para-pies-1\/","title":{"rendered":"Gevelridder Juego de gomas para pies 1"},"content":{"rendered":"\n<h2 class=\"wp-block-heading\">Gevelridder Juego de gomas para pies 1<\/h2>\n\n<p>Sustituye regularmente el Juego de Gomas para Pies de Gevelridder 1. Un Caballero sabe mejor que nadie lo importante que es mantener correctamente su armamento, y esto tambi\u00e9n se aplica al Juego de Gomas para Pies de Gevelridder 1 . A menudo depende de los detalles. Esto debe hacerse tanto con la inspecci\u00f3n anual como durante el uso del Caballero de la Fachada (Gevelridder). Debes hacer inspeccionar el Gevelridder todos los a\u00f1os. Antes de utilizar el Gevelridder tambi\u00e9n debes comprobar visualmente las gomas de los pies. Si el perfil est\u00e1 desgastado, las gomas de los pies deben sustituirse en ambos lados, para que el Gevelridder se mantenga estable y no pueda moverse. El Juego de Gomas de Pie 1 para Gevelridder es adecuado para los Caballeros de Fachada (Gevelridder) adquiridos antes de 2022. Nota: Set 1= Caballero de Fachada (Gevelridder) comprado antes de 2021 Set 2= para Caballero de Fachada (Gevelridder) comprado en 2022 o despu\u00e9s El set est\u00e1 disponible para los siguientes Caballeros de Fachada (Gevelridder)s, <a href=\"https:\/\/gevelridder.nl\/gevelridders\/gevelridders-gevelridders\/\">haz clic aqu\u00ed. <\/a>\u00a1Necesitas un conjunto para un Caballero de Fachada! El Gevelridder viene con marcado CE. El propio Gevelridder es el fabricante del Gevelridder y, por tanto, experto para emitir una CE. Un experto debe inspeccionar el Gevelridder cada a\u00f1o.           <\/p>\n\n<p>CE significa \u00abConformit\u00e9 Europ\u00e9enne\u00bb. El marcado CE es una etiqueta que indica que un producto cumple los requisitos de las directivas europeas. Las directivas cubren los requisitos legales de seguridad, salud y medio ambiente.  <\/p>\n\n<h2 class=\"wp-block-heading\">Juego de gomas para pies de Gevelridder con marcado CE 1<\/h2>\n\n<p>El objetivo del marcado CE es promover el libre comercio de mercanc\u00edas entre los Estados miembros de la UE y la armonizaci\u00f3n de la legislaci\u00f3n de los pa\u00edses de la UE sobre seguridad y salud de los productos. Un producto con marcado CE tiene acceso al mercado internacional dentro de Europa. El marcado CE -reconocible por las letras C y E- debe figurar en el producto o en una placa de datos sobre el mismo.  <\/p>\n\n<h2 class=\"wp-block-heading\">Solicitud o aplicaci\u00f3n del marcado CE<\/h2>\n\n<p>No es posible solicitar el marcado CE; est\u00e1 previsto que lo apliquen los propios fabricantes o importadores. Con \u00e9l, el fabricante o importador declara que el producto cumple los requisitos. Los productos para los que existe una directiva europea deben cumplir siempre la directiva y llevar el marcado CE. La comercializaci\u00f3n del producto s\u00f3lo es posible si se ha establecido con una evaluaci\u00f3n de conformidad que cumple la directiva, por lo que un Caballero de Fachada (Gevelridder) tambi\u00e9n debe tener buenas gomas. El fabricante o importador declara con una declaraci\u00f3n CE de conformidad que el producto cumple los requisitos y puede aplicar el marcado CE.    <\/p>\n\n<p><a href=\"https:\/\/kader-advies.nl\/begrippen\/ce-markering\/\">Ver tambi\u00e9n<\/a><\/p>\n","protected":false},"excerpt":{"rendered":"<div class=\"woocommerce-product-details__short-description\">\n<p>Queridos Artesanos de la Caballer\u00eda, Queridos Caballeros, Un Caballero sabe mejor que nadie lo importante que es mantener adecuadamente su armamento. A menudo depende de los detalles. Por ejemplo, en la inspecci\u00f3n anual es importante que se compruebe adecuadamente el desgaste de las gomas de los pies, antes de utilizar el Caballero de Fachada (Gevelridder) tambi\u00e9n debe comprobarse adecuadamente. Si el perfil est\u00e1 desgastado, las gomas de los pies deben sustituirse en ambos lados, para que el Gevelridder permanezca estable y no pueda moverse. Atenci\u00f3n: Juego 1= Caballeros de Fachada (Gevelridder) adquiridos antes de 2021 Juego 2= para Caballeros de Fachada (Gevelridder) adquiridos en 2022 o despu\u00e9s \u00a1Necesitas 1 juego para un Caballero de Fachada!    <\/p>\n<\/div>\n","protected":false},"featured_media":0,"template":"","meta":{"_acf_changed":false,"_seopress_robots_primary_cat":"none","_seopress_titles_title":"","_seopress_titles_desc":"","_seopress_robots_index":""},"product_brand":[],"product_cat":[2682],"product_tag":[2694],"class_list":{"0":"post-141158","1":"product","2":"type-product","3":"status-publish","5":"product_cat-piezas","6":"product_tag-pie-goma-aguilon-caballero","8":"first","9":"instock","10":"taxable","11":"shipping-taxable","12":"purchasable","13":"product-type-simple"},"acf":[],"_links":{"self":[{"href":"https:\/\/gevelridder.nl\/es\/wp-json\/wp\/v2\/product\/141158","targetHints":{"allow":["GET"]}}],"collection":[{"href":"https:\/\/gevelridder.nl\/es\/wp-json\/wp\/v2\/product"}],"about":[{"href":"https:\/\/gevelridder.nl\/es\/wp-json\/wp\/v2\/types\/product"}],"wp:attachment":[{"href":"https:\/\/gevelridder.nl\/es\/wp-json\/wp\/v2\/media?parent=141158"}],"wp:term":[{"taxonomy":"product_brand","embeddable":true,"href":"https:\/\/gevelridder.nl\/es\/wp-json\/wp\/v2\/product_brand?post=141158"},{"taxonomy":"product_cat","embeddable":true,"href":"https:\/\/gevelridder.nl\/es\/wp-json\/wp\/v2\/product_cat?post=141158"},{"taxonomy":"product_tag","embeddable":true,"href":"https:\/\/gevelridder.nl\/es\/wp-json\/wp\/v2\/product_tag?post=141158"}],"curies":[{"name":"wp","href":"https:\/\/api.w.org\/{rel}","templated":true}]}}