
{"id":141154,"date":"2026-03-24T08:17:10","date_gmt":"2026-03-24T08:17:10","guid":{"rendered":"https:\/\/gevelridder.nl\/product\/correa-de-sujecion-gevelridder-s-y-m\/"},"modified":"2026-05-08T12:12:38","modified_gmt":"2026-05-08T12:12:38","slug":"correa-de-sujecion-gevelridder-s-y-m","status":"publish","type":"product","link":"https:\/\/gevelridder.nl\/es\/producto\/correa-de-sujecion-gevelridder-s-y-m\/","title":{"rendered":"Correa de sujeci\u00f3n Gevelridder S y M"},"content":{"rendered":"\n<h2 class=\"wp-block-heading\"><strong>La Cinta Extensora para el Nuevo Caballero de la Fachada (Gevelridder): La Mayor Facilidad de Elevaci\u00f3n<\/strong><\/h2>\n\n<p>Con la correa de tracci\u00f3n en la mano, el Caballero de la Fachada (Gevelridder) se levanta f\u00e1cilmente desde su posici\u00f3n de apoyo. Este ingenioso accesorio est\u00e1 especialmente dise\u00f1ado para los nuevos modelos Gevelridder S y M.   <em>\u00bfQu\u00e9 hace tan especial al nuevo Caballero de la Fachada (Gevelridder)?<\/em>  La \u00faltima versi\u00f3n del Caballero de la Fachada (Gevelridder) est\u00e1 equipada con un cabrestante ultraligero que puede accionarse manualmente con una manivela o el\u00e9ctricamente con un taladro inal\u00e1mbrico. Esto significa que los nuevos Caballeros de las Fachadas (Gevelridder) ahora tienen fuerza de elevaci\u00f3n el\u00e9ctrica. El cabrestante est\u00e1 convenientemente montado en el exterior del Gevelridder, creando m\u00e1s espacio de trabajo bajo el Gevelridder.  <\/p>\n\n<h3 class=\"wp-block-heading\"><strong>Ideal para interior y exterior<\/strong><\/h3>\n\n<p>El Caballero de Fachada (Gevelridder) es el compa\u00f1ero ideal para levantar objetos pesados, tanto en interiores como en exteriores. Con el espaciador incluido, puedes elevar el Gevelridder sin esfuerzo por encima del alf\u00e9izar de una ventana, por ejemplo, o colocarlo a cierta distancia de la pared, lo que te da espacio para pasar un carro de cristal por en medio. Una novedad es la posibilidad de colocar tambi\u00e9n un cabezal de pluma (opcional) en el Gevelridder M H\u00edbrido, creando espacio para colocar andamios entre el Gevelridder y la fachada.  <\/p>\n\n<h3 class=\"wp-block-heading\"><strong>Funcionamiento c\u00f3modo con taladro inal\u00e1mbrico<\/strong><\/h3>\n\n<p>La empu\u00f1adura puede retirarse f\u00e1cilmente del cabrestante, lo que te permite manejar el Caballero de Fachada (Gevelridder) con un taladro inal\u00e1mbrico. Adem\u00e1s, el contrapeso situado sobre el gancho est\u00e1 ahora protegido con una cubierta de goma para proteger tu carga de elevaci\u00f3n. <\/p>\n\n<h4 class=\"wp-block-heading\"><strong>Compacto y port\u00e1til<\/strong><\/h4>\n\n<p>Su dise\u00f1o compacto permite transportar f\u00e1cilmente este tipo de Caballero de Fachada (Gevelridder) en un coche o furgoneta peque\u00f1a. El Gevelridder est\u00e1 recomendado en el Cat\u00e1logo de Salud y Seguridad para la Reparaci\u00f3n de Cristales. Al utilizar este producto, mantienes las manos libres durante el montaje y eliminas el riesgo de trabajar en escaleras y pelda\u00f1os. <em>Especificaciones clave<\/em>:  <\/p>\n\n<ul class=\"wp-block-list\">\n<li>Longitud de transporte: 2400 mm<\/li>\n\n\n\n<li>Anchura del pie: 850 mm<\/li>\n\n\n\n<li>Extensible hasta 4 metros en 2 partes (WLL 200 kg)<\/li>\n\n\n\n<li>Con el uso de la tercera parte, extensible hasta 5850 mm (WLL 200 kg)<\/li>\n<\/ul>\n\n<h6 class=\"wp-block-heading\"><strong>\u00bfTrabajar sin Fachada Knight M H\u00edbrido?<\/strong><\/h6>\n\n<p>Levantar peso es una tarea agotadora, sobre todo si debe repetirse a menudo. Puede causar da\u00f1os en los m\u00fasculos de la espalda, en los ligamentos del tejido conjuntivo que rodea la columna vertebral y en los discos intervertebrales. El Caballero de Fachada (Gevelridder) est\u00e1 dise\u00f1ado para realizar trabajos verticales de forma eficaz y segura, haciendo que tu trabajo no suponga ning\u00fan esfuerzo.    <em>Facilidad de elevaci\u00f3n y seguridad, eso es lo que representa el Caballero de la Fachada (Gevelridder).<\/em><\/p>\n","protected":false},"excerpt":{"rendered":"<div class=\"woocommerce-product-details__short-description\">\n<p>Con la correa de tracci\u00f3n, el Caballero de la Fachada (Gevelridder) se puede levantar f\u00e1cilmente de su soporte. Esta correa de tracci\u00f3n es adecuada para el Gevelridder S y M. <\/p>\n<\/div>\n","protected":false},"featured_media":0,"template":"","meta":{"_acf_changed":false,"_seopress_robots_primary_cat":"none","_seopress_titles_title":"","_seopress_titles_desc":"","_seopress_robots_index":""},"product_brand":[],"product_cat":[2682],"product_tag":[2684],"class_list":{"0":"post-141154","1":"product","2":"type-product","3":"status-publish","5":"product_cat-piezas","6":"product_tag-cinturon-pull-up-gable-knight","8":"first","9":"instock","10":"taxable","11":"shipping-taxable","12":"purchasable","13":"product-type-simple"},"acf":[],"_links":{"self":[{"href":"https:\/\/gevelridder.nl\/es\/wp-json\/wp\/v2\/product\/141154","targetHints":{"allow":["GET"]}}],"collection":[{"href":"https:\/\/gevelridder.nl\/es\/wp-json\/wp\/v2\/product"}],"about":[{"href":"https:\/\/gevelridder.nl\/es\/wp-json\/wp\/v2\/types\/product"}],"wp:attachment":[{"href":"https:\/\/gevelridder.nl\/es\/wp-json\/wp\/v2\/media?parent=141154"}],"wp:term":[{"taxonomy":"product_brand","embeddable":true,"href":"https:\/\/gevelridder.nl\/es\/wp-json\/wp\/v2\/product_brand?post=141154"},{"taxonomy":"product_cat","embeddable":true,"href":"https:\/\/gevelridder.nl\/es\/wp-json\/wp\/v2\/product_cat?post=141154"},{"taxonomy":"product_tag","embeddable":true,"href":"https:\/\/gevelridder.nl\/es\/wp-json\/wp\/v2\/product_tag?post=141154"}],"curies":[{"name":"wp","href":"https:\/\/api.w.org\/{rel}","templated":true}]}}