
{"id":141366,"date":"2023-09-01T09:19:15","date_gmt":"2023-09-01T09:19:15","guid":{"rendered":"https:\/\/gevelridder.nl\/?page_id=141366"},"modified":"2026-05-08T13:08:11","modified_gmt":"2026-05-08T13:08:11","slug":"contacto","status":"publish","type":"page","link":"https:\/\/gevelridder.nl\/es\/contacto\/","title":{"rendered":"Contacto"},"content":{"rendered":"\n<h2 class=\"wp-block-heading\"><strong>Gevelridder B.V.<\/strong><\/h2>\n\n\n\n<p>Nasze biuro sprzeda\u017cy, dzia\u0142 wysy\u0142ek oraz showroom znajduj\u0105 si\u0119 w Tiel, na terenie przemys\u0142owym Kellen, w samym centrum Holandii. Tam mog\u0105 Pa\u0144stwo skontaktowa\u0107 si\u0119 z nami osobi\u015bcie. Wi\u0119kszo\u015b\u0107 produkt\u00f3w w naszym sklepie internetowym jest dost\u0119pna w du\u017cych ilo\u015bciach na magazynie. Wysoka jako\u015b\u0107, szybki serwis i dba\u0142o\u015b\u0107 o klienta to nasze priorytety.<\/p>\n\n\n\n<p>Nie mog\u0105 Pa\u0144stwo znale\u017a\u0107 produktu na naszej stronie? Prosimy o kontakt! Chc\u0105 Pa\u0144stwo najpierw obejrze\u0107 lub wypr\u00f3bowa\u0107 nasze produkty? Prosimy o telefon w celu um\u00f3wienia si\u0119 na spotkanie lub wizyt\u0119 naszego specjalisty u Pa\u0144stwa na miejscu.<\/p>\n","protected":false},"excerpt":{"rendered":"<p>Gevelridder B.V. Nasze biuro sprzeda\u017cy, dzia\u0142 wysy\u0142ek oraz showroom znajduj\u0105 si\u0119 w Tiel, na terenie przemys\u0142owym Kellen, w samym centrum [&hellip;]<\/p>\n","protected":false},"author":80,"featured_media":0,"parent":0,"menu_order":0,"comment_status":"closed","ping_status":"closed","template":"contact-page.php","meta":{"_acf_changed":false,"_seopress_robots_primary_cat":"","_seopress_titles_title":"","_seopress_titles_desc":"","_seopress_robots_index":"","footnotes":""},"class_list":["post-141366","page","type-page","status-publish","hentry"],"acf":[],"_links":{"self":[{"href":"https:\/\/gevelridder.nl\/es\/wp-json\/wp\/v2\/pages\/141366","targetHints":{"allow":["GET"]}}],"collection":[{"href":"https:\/\/gevelridder.nl\/es\/wp-json\/wp\/v2\/pages"}],"about":[{"href":"https:\/\/gevelridder.nl\/es\/wp-json\/wp\/v2\/types\/page"}],"author":[{"embeddable":true,"href":"https:\/\/gevelridder.nl\/es\/wp-json\/wp\/v2\/users\/80"}],"replies":[{"embeddable":true,"href":"https:\/\/gevelridder.nl\/es\/wp-json\/wp\/v2\/comments?post=141366"}],"version-history":[{"count":1,"href":"https:\/\/gevelridder.nl\/es\/wp-json\/wp\/v2\/pages\/141366\/revisions"}],"predecessor-version":[{"id":141367,"href":"https:\/\/gevelridder.nl\/es\/wp-json\/wp\/v2\/pages\/141366\/revisions\/141367"}],"wp:attachment":[{"href":"https:\/\/gevelridder.nl\/es\/wp-json\/wp\/v2\/media?parent=141366"}],"curies":[{"name":"wp","href":"https:\/\/api.w.org\/{rel}","templated":true}]}}