
{"id":133666,"date":"2026-03-24T11:34:39","date_gmt":"2026-03-24T11:34:39","guid":{"rendered":"https:\/\/gevelridder.nl\/product\/gevelridder-foot-rubber-set-2\/"},"modified":"2026-04-06T15:27:35","modified_gmt":"2026-04-06T15:27:35","slug":"gable-knight-foot-rubber-set-2","status":"publish","type":"product","link":"https:\/\/gevelridder.nl\/en\/product\/gable-knight-foot-rubber-set-2\/","title":{"rendered":"Gevelridder Foot Rubber Set 2"},"content":{"rendered":"\n<h2 class=\"wp-block-heading\">Gevelridder Foot Rubber Set 2<\/h2>\n\n\n\n<p>Replace the Gevelridder Foot Rubber Set 2 regularly. A Knight knows better than anyone how important it is to properly maintain his weaponry, this also applies to Gevelridder Foot Rubber Set 2. It often depends on the details. This should be done both during the annual inspection and while using the Facade Knight (Gevelridder). Annually, you should have the Facade Knight (Gevelridder) inspected. Before using the Facade Knight (Gevelridder), you should also visually inspect the foot rubbers. If the tread is worn out, the foot rubbers should be replaced on both sides so that the Gevelridder remains stable and cannot shift. The Gevelridder Foot Rubber Set 2 is suitable for Facade Knight (Gevelridder) purchased as of 2022. Note: Set 1 = Fa\u00e7ade Knight purchased before 2021 Set 2= for Fa\u00e7ade Knight purchased in or after 2022 The set is available for the following Fa\u00e7ade Knights,&nbsp;<a href=\"https:\/\/gevelridder.nl\/product-categorie\/gevelridders\/gevelridders-gevelridders\/\">click here<\/a>. For a Gableknight, you need a set! The Gevelridder is CE marked. Gevelridder is itself manufacturer of the Gevelridder and therefore expert in issuing a CE. Every year an expert must inspect the Gevelridder. CE stands for \u201cConformit\u00e9 Europ\u00e9enne.\u201d CE marking is a label indicating that a product meets the requirements of European directives. The directives cover legal requirements for safety, health and the environment.<\/p>\n\n\n\n<h2 class=\"wp-block-heading\">Purpose CE marking Gevelridder Foot Rubber Set 2<\/h2>\n\n\n\n<p>The purpose of CE marking is to promote free trade of goods between EU member states and harmonization of EU countries\u2019 legislation on product safety and health. A product with CE marking has access to the international market within Europe. The CE marking \u2013 recognizable by the letters C and E \u2013 must be on the product or on a data plate thereon.<\/p>\n\n\n\n<h2 class=\"wp-block-heading\">CE marking application or application<\/h2>\n\n\n\n<p>Applying for CE marking is not possible; it is intended to be applied by manufacturers or importers themselves. With this, the manufacturer or importer declares that the product meets the requirements. Products for which there is a European directive must always comply with the directive and have CE marking. Placing the product on the market is only possible if it has been established with a conformity assessment that it complies with the directive, so a Facade Knight (Gevelridder) must also have good rubbers. The manufacturer or importer declares with an EC declaration of conformity that the product meets the requirements and can apply CE marking.<\/p>\n\n\n\n<p><a href=\"https:\/\/kader-advies.nl\/begrippen\/ce-markering\/\">see also.<\/a><\/p>\n","protected":false},"excerpt":{"rendered":"<div class=\"woocommerce-product-details__short-description\">\n<p>Dear Craftsmen of the Knighthood, Dear Knights, A Knight knows better than anyone how important it is to properly maintain his weaponry. It often depends on the details. For example, it is important that the foot rubbers are properly checked for wear and tear during the annual inspection. This should also be checked properly before using the Facade Knight (Gevelridder). If the profile is worn out, the foot rubbers should be replaced on both sides so that the Facade Knight (Gevelridder) remains stable and cannot shift. Note: Set 1 = Fa\u00e7ade Knight purchased before 2021 Set 2= for Fa\u00e7ade Knight purchased in or after 2022 For a Fa\u00e7ade Knight you need 1 set!<\/p>\n<\/div>\n","protected":false},"featured_media":131756,"template":"","meta":{"_acf_changed":false,"_seopress_robots_primary_cat":"none","_seopress_titles_title":"","_seopress_titles_desc":"","_seopress_robots_index":""},"product_brand":[],"product_cat":[874],"product_tag":[996,1730],"class_list":{"0":"post-133666","1":"product","2":"type-product","3":"status-publish","4":"has-post-thumbnail","6":"product_cat-parts","7":"product_tag-gable-knight","8":"product_tag-voetrubber","10":"first","11":"instock","12":"taxable","13":"shipping-taxable","14":"purchasable","15":"product-type-simple"},"acf":[],"_links":{"self":[{"href":"https:\/\/gevelridder.nl\/en\/wp-json\/wp\/v2\/product\/133666","targetHints":{"allow":["GET"]}}],"collection":[{"href":"https:\/\/gevelridder.nl\/en\/wp-json\/wp\/v2\/product"}],"about":[{"href":"https:\/\/gevelridder.nl\/en\/wp-json\/wp\/v2\/types\/product"}],"wp:featuredmedia":[{"embeddable":true,"href":"https:\/\/gevelridder.nl\/en\/wp-json\/wp\/v2\/media\/131756"}],"wp:attachment":[{"href":"https:\/\/gevelridder.nl\/en\/wp-json\/wp\/v2\/media?parent=133666"}],"wp:term":[{"taxonomy":"product_brand","embeddable":true,"href":"https:\/\/gevelridder.nl\/en\/wp-json\/wp\/v2\/product_brand?post=133666"},{"taxonomy":"product_cat","embeddable":true,"href":"https:\/\/gevelridder.nl\/en\/wp-json\/wp\/v2\/product_cat?post=133666"},{"taxonomy":"product_tag","embeddable":true,"href":"https:\/\/gevelridder.nl\/en\/wp-json\/wp\/v2\/product_tag?post=133666"}],"curies":[{"name":"wp","href":"https:\/\/api.w.org\/{rel}","templated":true}]}}