
{"id":134488,"date":"2026-04-08T13:24:42","date_gmt":"2026-04-08T13:24:42","guid":{"rendered":"https:\/\/gevelridder.nl\/?post_type=product&#038;p=134488"},"modified":"2026-04-08T13:24:44","modified_gmt":"2026-04-08T13:24:44","slug":"glas-vakuumlifter-rotante-akku","status":"publish","type":"product","link":"https:\/\/gevelridder.nl\/de\/produkt\/glas-vakuumlifter-rotante-akku\/","title":{"rendered":"Glass Vaku\u00fcmlifter Rotante V250T"},"content":{"rendered":"\n<p><strong>Dieses Vakuum-Hebeger\u00e4t basiert auf unserem erfolgreichen kleinen Akku-Hebeger\u00e4t.<\/strong><\/p>\n\n\n\n<p>Dieses Modell kann jedoch <strong>um 360 Grad gedreht werden<\/strong> und verf\u00fcgt zus\u00e4tzlich \u00fcber ein verl\u00e4ngertes, abnehmbares Hebeauge (das verl\u00e4ngerte Hebeauge ist nicht auf dem Foto abgebildet). Das Eigengewicht betr\u00e4gt nur 20 kg und die Abmessungen sind 620 \u00d7 270 mm (L x B). Die H\u00f6he variiert zwischen 450 und 580 mm.<\/p>\n","protected":false},"excerpt":{"rendered":"<p><b><span style=\"color: #5bbc3a;\">\u2714\u00a0<\/span>\u00a0WLL 250 kg<\/b><\/p>\n<p><b><span style=\"color: #5bbc3a;\">\u2714<\/span>\u00a0 mit 360-Grad-Drehung<\/b><\/p>\n<p><b><span style=\"color: #5bbc3a;\">\u2714\u00a0<\/span> abnehmbares Hebeauge<\/b><\/p>\n<p><span style=\"color: #5bbc3a;\">.<\/span><b><span style=\"color: #5bbc3a;\">\u2714<\/span>\u00a0 Leichtgewicht (20 kg)<\/b><\/p>\n","protected":false},"featured_media":132529,"template":"","meta":{"_acf_changed":false,"_seopress_robots_primary_cat":"","_seopress_titles_title":"","_seopress_titles_desc":"Kompaktes Vakuum-Hebeger\u00e4t mit 360-Grad-Drehung, basierend auf dem basic. Leichtgewicht (20 kg) mit abnehmbarem, verl\u00e4ngertem Hebeauge. Perfekt f\u00fcr pr\u00e4zise Hebeaufgaben.","_seopress_robots_index":""},"product_brand":[],"product_cat":[924,929],"product_tag":[1187,1013,1638,1810],"class_list":{"0":"post-134488","1":"product","2":"type-product","3":"status-publish","4":"has-post-thumbnail","6":"product_cat-saugheber","7":"product_cat-vakuum-heber","8":"product_tag-drehbare-kolben","9":"product_tag-glas-de","10":"product_tag-orte","11":"product_tag-sirliftalot-drehbar-150-kg","13":"first","14":"instock","15":"taxable","16":"shipping-taxable","17":"purchasable","18":"product-type-simple"},"acf":[],"_links":{"self":[{"href":"https:\/\/gevelridder.nl\/de\/wp-json\/wp\/v2\/product\/134488","targetHints":{"allow":["GET"]}}],"collection":[{"href":"https:\/\/gevelridder.nl\/de\/wp-json\/wp\/v2\/product"}],"about":[{"href":"https:\/\/gevelridder.nl\/de\/wp-json\/wp\/v2\/types\/product"}],"wp:featuredmedia":[{"embeddable":true,"href":"https:\/\/gevelridder.nl\/de\/wp-json\/wp\/v2\/media\/132529"}],"wp:attachment":[{"href":"https:\/\/gevelridder.nl\/de\/wp-json\/wp\/v2\/media?parent=134488"}],"wp:term":[{"taxonomy":"product_brand","embeddable":true,"href":"https:\/\/gevelridder.nl\/de\/wp-json\/wp\/v2\/product_brand?post=134488"},{"taxonomy":"product_cat","embeddable":true,"href":"https:\/\/gevelridder.nl\/de\/wp-json\/wp\/v2\/product_cat?post=134488"},{"taxonomy":"product_tag","embeddable":true,"href":"https:\/\/gevelridder.nl\/de\/wp-json\/wp\/v2\/product_tag?post=134488"}],"curies":[{"name":"wp","href":"https:\/\/api.w.org\/{rel}","templated":true}]}}