
{"id":134487,"date":"2026-04-08T13:27:49","date_gmt":"2026-04-08T13:27:49","guid":{"rendered":"https:\/\/gevelridder.nl\/?post_type=product&#038;p=134487"},"modified":"2026-04-08T13:27:52","modified_gmt":"2026-04-08T13:27:52","slug":"glas-vakuumlifter-doppio-girevole","status":"publish","type":"product","link":"https:\/\/gevelridder.nl\/de\/produkt\/glas-vakuumlifter-doppio-girevole\/","title":{"rendered":"Glass Vaku\u00fcmlifter V350 TT Doppio girevole"},"content":{"rendered":"\n<p><strong>Akku-Vakuum-Hebeger\u00e4t | 350 kg<\/strong><\/p>\n\n\n\n<p>Perfekt f\u00fcr Glas, Stahl und alle glatten Oberfl\u00e4chen \u2013 Heben, Kippen und Drehen leicht gemacht. Dieses Vakuum-Hebeger\u00e4t ist einzigartig: kompakt, leicht (nur 28 kg Eigengewicht) und dennoch stark genug f\u00fcr Lasten bis zu 350 kg.<\/p>\n\n\n\n<p><strong>Was k\u00f6nnen Sie erwarten?<\/strong><\/p>\n\n\n\n<ul class=\"wp-block-list\">\n<li><strong>Kompakt und transportabel<\/strong>: Passt problemlos in Ihren Transporter oder Kleinbus.<\/li>\n\n\n\n<li><strong>Einfach zu bedienen<\/strong>: Schnelle Bedienung und einfaches Aufladen.<\/li>\n\n\n\n<li><strong>Sicher und langlebig<\/strong>: Ausgestattet mit einem gro\u00dfen Tank, langlebigen Batterien und einer leistungsstarken Pumpe.<\/li>\n\n\n\n<li><strong>Hochwertige Materialien<\/strong>: Gefertigt aus robustem Stahl, garantiert f\u00fcr eine lange Lebensdauer.<\/li>\n\n\n\n<li><strong>\u00d6lbest\u00e4ndige Saugn\u00e4pfe<\/strong>: Perfekt geeignet f\u00fcr Stahlplatten und andere anspruchsvolle Materialien.<\/li>\n<\/ul>\n\n\n\n<p><strong>Besondere Merkmale:<\/strong><\/p>\n\n\n\n<ul class=\"wp-block-list\">\n<li>360-Grad-Dreh- und Kippfunktion, auch horizontal einsetzbar f\u00fcr Boden- und Dacharbeiten.<\/li>\n<\/ul>\n\n\n\n<p><strong>Details:<\/strong><\/p>\n\n\n\n<ul class=\"wp-block-list\">\n<li><strong>Abmessungen<\/strong>: 620 x 270 x 700 mm (L x B x H)<\/li>\n\n\n\n<li><strong>Eigengewicht<\/strong>: 28 kg<\/li>\n<\/ul>\n","protected":false},"excerpt":{"rendered":"<p>Glas, Stahl, alles mit glatten Oberfl\u00e4chen \u2013 Heben, Kippen und Drehen mit Leichtigkeit. Dieser Vakuum-Hebeger\u00e4t ist eine wahre Meisterleistung: einzigartig, kompakt, mit einem niedrigen Eigengewicht und dennoch kraftvoll genug f\u00fcr Lasten bis zu 350 kg. Ein Werkzeug von robuster Eleganz, geschaffen f\u00fcr h\u00f6chste Anspr\u00fcche!<\/p>\n","protected":false},"featured_media":2736,"template":"","meta":{"_acf_changed":false,"_seopress_robots_primary_cat":"","_seopress_titles_title":"","_seopress_titles_desc":"Kompaktes Akku-Vakuum-Hebeger\u00e4t f\u00fcr bis zu 350 kg. Perfekt f\u00fcr Glas, Stahl und glatte Oberfl\u00e4chen. Leicht, sicher, langlebig und mit 360-Grad-Drehfunktion.","_seopress_robots_index":""},"product_brand":[],"product_cat":[924,929],"product_tag":[1187,1013,1638,1810],"class_list":{"0":"post-134487","1":"product","2":"type-product","3":"status-publish","4":"has-post-thumbnail","6":"product_cat-saugheber","7":"product_cat-vakuum-heber","8":"product_tag-drehbare-kolben","9":"product_tag-glas-de","10":"product_tag-orte","11":"product_tag-sirliftalot-drehbar-150-kg","13":"first","14":"instock","15":"taxable","16":"shipping-taxable","17":"purchasable","18":"product-type-simple"},"acf":[],"_links":{"self":[{"href":"https:\/\/gevelridder.nl\/de\/wp-json\/wp\/v2\/product\/134487","targetHints":{"allow":["GET"]}}],"collection":[{"href":"https:\/\/gevelridder.nl\/de\/wp-json\/wp\/v2\/product"}],"about":[{"href":"https:\/\/gevelridder.nl\/de\/wp-json\/wp\/v2\/types\/product"}],"wp:featuredmedia":[{"embeddable":true,"href":"https:\/\/gevelridder.nl\/de\/wp-json\/wp\/v2\/media\/2736"}],"wp:attachment":[{"href":"https:\/\/gevelridder.nl\/de\/wp-json\/wp\/v2\/media?parent=134487"}],"wp:term":[{"taxonomy":"product_brand","embeddable":true,"href":"https:\/\/gevelridder.nl\/de\/wp-json\/wp\/v2\/product_brand?post=134487"},{"taxonomy":"product_cat","embeddable":true,"href":"https:\/\/gevelridder.nl\/de\/wp-json\/wp\/v2\/product_cat?post=134487"},{"taxonomy":"product_tag","embeddable":true,"href":"https:\/\/gevelridder.nl\/de\/wp-json\/wp\/v2\/product_tag?post=134487"}],"curies":[{"name":"wp","href":"https:\/\/api.w.org\/{rel}","templated":true}]}}