
{"id":134464,"date":"2026-03-24T11:44:02","date_gmt":"2026-03-24T11:44:02","guid":{"rendered":"https:\/\/gevelridder.nl\/?post_type=product&#038;p=134464"},"modified":"2026-04-08T12:35:40","modified_gmt":"2026-04-08T12:35:40","slug":"plattentransportwagen-urban-500-kg-kopie","status":"publish","type":"product","link":"https:\/\/gevelridder.nl\/de\/produkt\/plattentransportwagen-urban-500-kg-kopie\/","title":{"rendered":"Plattentransportwagen CARVE Urban 500 kg"},"content":{"rendered":"\n<p><strong>Glaskar Urban Plate Trolley 500kg: Effizienter Transport<\/strong><\/p>\n\n\n\n<p>Der Giebelwagen mit den Ma\u00dfen 100\u00d7100 cm und einer Ladefl\u00e4che von 18 cm ist genau auf Ihre Bed\u00fcrfnisse zugeschnitten.<\/p>\n\n\n\n<p><strong>Glaskar Urban Plate Trolley 500kg : Mit Liebe entworfen, hergestellt in den Niederlanden<\/strong><\/p>\n\n\n\n<p>Unser Plattenwagen ist nicht einfach irgendein Wagen. Wir pr\u00e4sentieren Ihnen mit Stolz unseren von Hand entworfenen und handgefertigten Plattenwagen, #MadeinHolland. Jedes Detail wurde liebevoll gepflegt, so dass dieser Wagen der \u201eMercedes\u201c unter den Wagen ist.<\/p>\n\n\n\n<p><strong>Klammern und Zubeh\u00f6r<\/strong><\/p>\n\n\n\n<p>Bitte beachten Sie, dass die Spannklemmen nicht im Preis enthalten sind. Sie k\u00f6nnen diese separat bestellen, um Ihren Transport noch sicherer zu machen.<\/p>\n\n\n\n<p><strong>Abmessungen und Optionen<\/strong><\/p>\n\n\n\n<p>Die Ladefl\u00e4che des Glaskar Tellerwagens ist 18 cm breit, w\u00e4hrend die Gesamtbreite einschlie\u00dflich der R\u00e4der nur 50 cm betr\u00e4gt. F\u00fcr mehr Handlichkeit ist auch eine Version mit kleineren R\u00e4dern (250 kg Last) erh\u00e4ltlich. Sind Sie auf der Suche nach einem einachsigen Wagen? Unser Einachsanh\u00e4nger hat eine maximale WLL (Working Load Limit) von 150 kg. Verstellbare Griffe mit einem Schnellverschlussmechanismus und schwarzem\/anthrazitfarbenem Filz runden das Erlebnis ab.<\/p>\n\n\n\n<p><strong>Facade Knight (Gevelridder): Gesundheitsprobleme mit effizientem Transport verhindern<\/strong><\/p>\n\n\n\n<p>Wussten Sie, dass das Heben und Tragen bei der Arbeit die Hauptursache f\u00fcr k\u00f6rperliche Beschwerden ist? R\u00fcckenschmerzen, Schulter-, Nacken-, Knie- und H\u00fcftschmerzen k\u00f6nnen durch unsachgem\u00e4\u00dfes Heben entstehen, unser Plattenwagen beugt dem vor. Unser Fassadenwagen oder Plattenwagen wurde sowohl im Hinblick auf Effizienz als auch auf Gesundheit entwickelt. Mit den Hebehilfen von Gevelridder k\u00f6nnen Sie diesen Beschwerden vorbeugen und sicher und bequem arbeiten.<\/p>\n\n\n\n<p><strong>TNO \u2013 Fakten zur k\u00f6rperlichen Arbeitsbelastung 2018<\/strong><\/p>\n\n\n\n<p>K\u00f6rperliche Belastung ist nach wie vor eine der Hauptursachen f\u00fcr Berufskrankheiten und Fehlzeiten. Unsere Produkte sind so konzipiert, dass sie im Einklang mit den Erkenntnissen der TNO zu einem ges\u00fcnderen Arbeitsumfeld beitragen. Entdecken Sie die Leistungsf\u00e4higkeit des Gable Trolley und des Plate Trolley \u2013 Ihre Partner f\u00fcr effizienten Transport und gesunde Arbeitsbedingungen. Bestellen Sie jetzt und erleben Sie den Unterschied! \u00dcbrigens, haben Sie schon&nbsp;<a>H\u00fcndchen Brammetje<\/a>&nbsp;gesehen?<\/p>\n","protected":false},"excerpt":{"rendered":"<p>Dieser Plattentransportwagen ist ausgelegt f\u00fcr breite Glas- oder Fassadenelemente. Besonders geeignet f\u00fcr Transporte auf engem Raum in st\u00e4dtischen Umgebungen.<\/p>\n<p><strong>\u2714<\/strong>\u00a0<strong>F\u00fcr den Transport von Glas, Rahmen, Stein usw.<\/strong><\/p>\n<p><strong>\u2714<\/strong><strong>\u00a0Leicht, einfach zu tragen.<\/strong><\/p>\n<p><strong>\u2714<\/strong><strong>\u00a0L=100 cm, H=100 cm, B=50 cm.<\/strong><\/p>\n<p><strong>\u2714<\/strong><strong>\u00a0Ablagebreite 18 cm (Platz f\u00fcr das Rad 19 cm).<\/strong><\/p>\n<p><strong>\u2714<\/strong><strong>\u00a0Freier Raum unter der Sto\u00dfstange 13 cm.<\/strong><\/p>\n<p><strong>\u2714<\/strong><strong>\u00a0WLL500 kg.<\/strong><\/p>\n<p><strong>x<\/strong>\u00a0<strong>Exklusive Klammern<\/strong><\/p>\n<p>\u2660\u00a0<strong>Die Spannklemme muss separat bestellt werden:<\/strong><\/p>\n<ul>\n<li><a href=\"https:\/\/gevelridder.nl\/de\/product\/neu-spannklemme-fuer-glaskar-2-0-alu\/\">Alu-Spannvorrichtung( Spitze)<\/a><\/li>\n<li><a href=\"https:\/\/gevelridder.nl\/en\/product\/tension-clamp-for-glaskar-1-0-steel\/\">Stahlklammer<\/a><\/li>\n<li><a href=\"https:\/\/gevelridder.nl\/de\/product\/spanlance-fuer-plattenwagen\/\">Spannlanze<\/a><\/li>\n<\/ul>\n","protected":false},"featured_media":132488,"template":"","meta":{"_acf_changed":false,"_seopress_robots_primary_cat":"","_seopress_titles_title":"","_seopress_titles_desc":"","_seopress_robots_index":""},"product_brand":[],"product_cat":[915,934,931],"product_tag":[1672,1675,1353,1674,1744,1475,1055,1745],"class_list":{"0":"post-134464","1":"product","2":"type-product","3":"status-publish","4":"has-post-thumbnail","6":"product_cat-fassade-transportwagen","7":"product_cat-glaskar","8":"product_cat-transportwagen-de","9":"product_tag-fensterrahmen-2","10":"product_tag-fensterrahmentrager","11":"product_tag-glaser-de","12":"product_tag-ladenbauer","13":"product_tag-platen-kar","14":"product_tag-rahmenwagen","15":"product_tag-tellerwagen","16":"product_tag-terrastegels-kar","17":"product_shipping_class-kar-groot","19":"first","20":"instock","21":"taxable","22":"shipping-taxable","23":"purchasable","24":"product-type-simple"},"acf":[],"_links":{"self":[{"href":"https:\/\/gevelridder.nl\/de\/wp-json\/wp\/v2\/product\/134464","targetHints":{"allow":["GET"]}}],"collection":[{"href":"https:\/\/gevelridder.nl\/de\/wp-json\/wp\/v2\/product"}],"about":[{"href":"https:\/\/gevelridder.nl\/de\/wp-json\/wp\/v2\/types\/product"}],"wp:featuredmedia":[{"embeddable":true,"href":"https:\/\/gevelridder.nl\/de\/wp-json\/wp\/v2\/media\/132488"}],"wp:attachment":[{"href":"https:\/\/gevelridder.nl\/de\/wp-json\/wp\/v2\/media?parent=134464"}],"wp:term":[{"taxonomy":"product_brand","embeddable":true,"href":"https:\/\/gevelridder.nl\/de\/wp-json\/wp\/v2\/product_brand?post=134464"},{"taxonomy":"product_cat","embeddable":true,"href":"https:\/\/gevelridder.nl\/de\/wp-json\/wp\/v2\/product_cat?post=134464"},{"taxonomy":"product_tag","embeddable":true,"href":"https:\/\/gevelridder.nl\/de\/wp-json\/wp\/v2\/product_tag?post=134464"}],"curies":[{"name":"wp","href":"https:\/\/api.w.org\/{rel}","templated":true}]}}