
{"id":134460,"date":"2026-04-03T09:37:21","date_gmt":"2026-04-03T09:37:21","guid":{"rendered":"https:\/\/gevelridder.nl\/?post_type=product&#038;p=134460"},"modified":"2026-04-08T12:32:16","modified_gmt":"2026-04-08T12:32:16","slug":"schnitzen-250kg-2-0","status":"publish","type":"product","link":"https:\/\/gevelridder.nl\/de\/produkt\/schnitzen-250kg-2-0\/","title":{"rendered":"Carve 250kg"},"content":{"rendered":"\n<h2 class=\"wp-block-heading\"><strong>der CARVE 250 kg Platten-, T\u00fcr- und Glaswagen<\/strong><\/h2>\n\n\n\n<h2 class=\"wp-block-heading\">Das Transportwerkzeug f\u00fcr Platten, Glas, T\u00fcren und Arbeits- und Tischplatten aus Naturstein!<\/h2>\n\n\n\n<p>Sind Sie auf der Suche nach einer effizienten und zuverl\u00e4ssigen M\u00f6glichkeit, Platten, Glas, T\u00fcren, aber vor allem Arbeits- und Tischplatten aus Naturstein zu transportieren, selbst auf engstem Raum? Dann haben wir gute Nachrichten f\u00fcr Sie!<br>W&nbsp;<strong>ir stellen Ihnen die CARVE 250 und CARVE 500 kg Transportwagen vor<\/strong>, die f\u00fcr den professionellen Einsatz entwickelt wurden. Diese Plattenwagen oder Plattenwagen kombinieren St\u00e4rke, Flexibilit\u00e4t und Stil, um Ihnen die perfekte Transportl\u00f6sung zu bieten.<\/p>\n\n\n\n<p><strong>Warum der CARVE Ihr n\u00e4chster Kauf sein sollte:<\/strong><\/p>\n\n\n\n<ol class=\"wp-block-list\">\n<li><strong>Au\u00dfergew\u00f6hnliche Man\u00f6vrierf\u00e4higkeit:<\/strong>\u00a0Mit einer festen Achse in der Mitte und Doppelrollen vorne und hinten l\u00e4sst sich der CARVE m\u00fchelos durch enge R\u00e4ume man\u00f6vrieren \u2013 ideal f\u00fcr den Transport von Natursteinarbeitsplatten und Tischplatten.<\/li>\n\n\n\n<li><strong>Vielseitig einsetzbar:<\/strong>\u00a0Egal, ob Sie ihn als Schlitten verwenden m\u00f6chten oder das Bed\u00fcrfnis versp\u00fcren, Spannclips f\u00fcr zus\u00e4tzliche Sicherheit anzubringen; der CARVE bietet Ihnen beide M\u00f6glichkeiten!<\/li>\n\n\n\n<li><strong>Elegantes und praktisches Design:<\/strong>\u00a0Die anthrazitfarbene Filzpolsterung verleiht dem CARVE nicht nur ein elegantes Aussehen, sondern sch\u00fctzt Ihre Materialien auch vor Kratzern und Besch\u00e4digungen.<\/li>\n\n\n\n<li><strong>Zus\u00e4tzliche Sicherheit:<\/strong>\u00a0Dank der gepolsterten vorderen und hinteren Sto\u00dfstangen m\u00fcssen Sie sich keine Sorgen \u00fcber St\u00f6\u00dfe oder Kratzer machen.<\/li>\n\n\n\n<li><strong>Kompaktheit und Komfort:<\/strong>\u00a0Mit einer L\u00e4nge von 140 cm und einer Tagesl\u00e4nge von 60 mm ist der CARVE leicht zu transportieren und zu verstauen.<\/li>\n\n\n\n<li><strong>Schwellenfreundliches Design:<\/strong>\u00a0Die einzigartige Konstruktion von CARVE macht es zum Kinderspiel, \u00fcber Unebenheiten zu fahren, ohne die Ladung zu destabilisieren.<\/li>\n<\/ol>\n\n\n\n<p>F<strong>azit:<\/strong>&nbsp;Ob Sie nun im Baugewerbe, in der Inneneinrichtung, bei der Renovierung oder in der Natursteinbranche arbeiten, der CARVE Platten- und Glaswagen ist ein unverzichtbares Werkzeug. Wendig, langlebig und stilvoll; mit diesem Wagen wird der Transport zu einem Kinderspiel.<\/p>\n\n\n\n<h4 class=\"wp-block-heading\">TNO \u2013 Merkblatt Physikalische Arbeitsbelastung 2018<\/h4>\n\n\n\n<p>Neben der psychosozialen Arbeitsbelastung ist die k\u00f6rperliche Belastung immer noch die Hauptursache f\u00fcr Berufskrankheiten und Fehlzeiten. Dies ist ein TNO-Faktenblatt mit Zahlen vom Juni 2018. Nutzen Sie also die Hebehilfen von Gevelridder!<\/p>\n\n\n\n<h4 class=\"wp-block-heading\">Heben und Tragen<\/h4>\n\n\n\n<p>Heben ist das Aufnehmen und Absetzen einer Last mit den H\u00e4nden, ohne sich selbst zu bewegen. Wenn Sie etwas im Gehen bewegen, w\u00e4hrend Sie heben, nennen wir das Tragen. Mit diesen Tipps k\u00f6nnen Sie gesundheitlichen Problemen vorbeugen. Welche Beschwerden k\u00f6nnen Sie bekommen? Heben und Tragen bei der Arbeit ist eine der Hauptursachen f\u00fcr k\u00f6rperliche Beschwerden wie Schmerzen im (unteren) R\u00fccken, in den Schultern, im Nacken, in den Knien und in den H\u00fcften. Sie k\u00f6nnen auch R\u00fcckenbeschwerden bekommen, wenn Sie Gegenst\u00e4nde mit gekr\u00fcmmtem oder verdrehtem R\u00fccken heben.<\/p>\n\n\n\n<p><a href=\"https:\/\/www.fnv.nl\/werk-inkomen\/veilig-gezond-werken\/lichamelijke-belasting\/tillen-en-dragen\">siehe auch<\/a><\/p>\n\n\n\n<p>F\u00fcr diesen luftbereiften Plattenwagen sind Sie bei uns genau richtig. Achten Sie darauf, dass die Wagen (aber auch die Glasst\u00e4nder) immer waagerecht stehen, damit das Glas nicht umfallen kann!<\/p>\n","protected":false},"excerpt":{"rendered":"<p><strong>Der leichte CARVE Platten \/ Transportwagen \/ Glaswagen: Perfekt f\u00fcr die Montage von (Dreifach-)Glas, T\u00fcren und Arbeitsplatten auf kleinem Raum.<\/strong><\/p>\n<p><strong>Neu: jetzt mit Gummipuffer und D\u00e4mpfer vorne und hinten<\/strong>.\u00a0<strong>Der Carve 2.0<\/strong><\/p>\n<p><strong>\u2714\u00a0L= 150 cm, H=20 cm, B=47 cm<\/strong><\/p>\n<p><strong>\u2714<\/strong><strong>\u00a0Sto\u00dfstange (neu).<\/strong><\/p>\n<p><strong>\u2714<\/strong>\u00a0<strong>WLL250 kg.<\/strong><\/p>\n<p><strong>\u2714\u00a0Eigengewicht 8 kg.<\/strong><\/p>\n<p><strong>\u2714<\/strong><strong>\u00a0Mit Luftreifen (gute D\u00e4mpfung).<\/strong><\/p>\n<p><strong>\u2714<\/strong><strong>\u00a0Sicherheitspuffer gegen das Umkippen des Wagens.<\/strong><\/p>\n<p><strong>x<\/strong>\u00a0<strong>Exklusive Klammern<\/strong><\/p>\n<p>\u2660\u00a0<strong>Klammern m\u00fcssen separat bestellt werden:<\/strong><\/p>\n<ul>\n<li><a href=\"https:\/\/gevelridder.nl\/product\/spanklem-2-0-alu\/\">Alu-Spannklemme (Spitze)<\/a><\/li>\n<li><a href=\"https:\/\/gevelridder.nl\/product\/spanklem\/\">Stahlklammer<\/a><\/li>\n<li><a href=\"https:\/\/gevelridder.nl\/product\/spanklem-lans\/\">Spannlanze<\/a><\/li>\n<\/ul>\n","protected":false},"featured_media":132969,"template":"","meta":{"_acf_changed":false,"_seopress_robots_primary_cat":"","_seopress_titles_title":"","_seopress_titles_desc":"","_seopress_robots_index":""},"product_brand":[],"product_cat":[915,934,935,931],"product_tag":[1655,1082,1016,1328,1334,1337,1031,1037,1475,992,1656,994,1058],"class_list":{"0":"post-134460","1":"product","2":"type-product","3":"status-publish","4":"has-post-thumbnail","6":"product_cat-fassade-transportwagen","7":"product_cat-glaskar","8":"product_cat-rollwagen","9":"product_cat-transportwagen-de","10":"product_tag-dreifach","11":"product_tag-dreifach-glaswagen","12":"product_tag-glaskar-de","13":"product_tag-glastransport","14":"product_tag-glastransport-2","15":"product_tag-glastransport-hand-2","16":"product_tag-glaswagen-tellerwagen","17":"product_tag-rahmenwagen-de","18":"product_tag-rahmenwagen","19":"product_tag-schnitzen","20":"product_tag-schweres-glas","21":"product_tag-turwagen","22":"product_tag-wagen-fur-plattenmaterial","23":"product_shipping_class-paket-160-50-40","25":"first","26":"instock","27":"taxable","28":"shipping-taxable","29":"purchasable","30":"product-type-simple"},"acf":[],"_links":{"self":[{"href":"https:\/\/gevelridder.nl\/de\/wp-json\/wp\/v2\/product\/134460","targetHints":{"allow":["GET"]}}],"collection":[{"href":"https:\/\/gevelridder.nl\/de\/wp-json\/wp\/v2\/product"}],"about":[{"href":"https:\/\/gevelridder.nl\/de\/wp-json\/wp\/v2\/types\/product"}],"wp:featuredmedia":[{"embeddable":true,"href":"https:\/\/gevelridder.nl\/de\/wp-json\/wp\/v2\/media\/132969"}],"wp:attachment":[{"href":"https:\/\/gevelridder.nl\/de\/wp-json\/wp\/v2\/media?parent=134460"}],"wp:term":[{"taxonomy":"product_brand","embeddable":true,"href":"https:\/\/gevelridder.nl\/de\/wp-json\/wp\/v2\/product_brand?post=134460"},{"taxonomy":"product_cat","embeddable":true,"href":"https:\/\/gevelridder.nl\/de\/wp-json\/wp\/v2\/product_cat?post=134460"},{"taxonomy":"product_tag","embeddable":true,"href":"https:\/\/gevelridder.nl\/de\/wp-json\/wp\/v2\/product_tag?post=134460"}],"curies":[{"name":"wp","href":"https:\/\/api.w.org\/{rel}","templated":true}]}}