
{"id":134222,"date":"2026-03-24T08:17:11","date_gmt":"2026-03-24T08:17:11","guid":{"rendered":"https:\/\/gevelridder.nl\/product\/polyfill-rad-260-85-mit-klemmkappe\/"},"modified":"2026-04-06T14:47:13","modified_gmt":"2026-04-06T14:47:13","slug":"polyfill-rad-260-85-mit-klemmkappe","status":"publish","type":"product","link":"https:\/\/gevelridder.nl\/de\/produkt\/polyfill-rad-260-85-mit-klemmkappe\/","title":{"rendered":"Polyfill Rad 260\/85 mit Klemmkappe"},"content":{"rendered":"\n<p><strong>Das Knightly Polyfill Rad FELG 4\u2033 ROT NL.75 RO.20: Die unschlagbare Wahl f\u00fcr Bau-, Umzugs- und Transportmeister!<\/strong><\/p>\n\n\n\n<p>Die Ritter der Moderne \u2013 Baumeister, M\u00f6belpacker und Transporteure \u2013 vereinigen sich um den beeindruckenden Polyfill VELG 4\u2033 RED NL.75 RO.20. Dieser Reifen wurde als unverzichtbarer Verb\u00fcndeter f\u00fcr Ihren leichten&nbsp;<a href=\"https:\/\/gevelridder.nl\/product\/glaskar-250-platenwagen\/\" target=\"_blank\" rel=\"noreferrer noopener\">Gable Trolley<\/a>&nbsp;entwickelt und verspricht nicht nur eine einfache Montage, sondern auch eine einschneidende St\u00e4rke, die jeder Herausforderung gewachsen ist. Mit seinem starken Blockprofil und einem Radkern aus robustem Polyamid garantiert der Polyfill-Reifen ein ger\u00e4uscharmes und vibrationsd\u00e4mpfendes Erlebnis. Au\u00dferdem k\u00f6nnen Sie sich dank des Rollenlagers auf reibungslose und einwandfreie Bewegungen verlassen. Warum sollten Sie sich f\u00fcr diesen Ritter der R\u00e4der entscheiden? Die Antwort ist einfach: Es ist perfekt f\u00fcr mittelschwere Transporte, besonders sto\u00dfempfindliche Produkte oder wenn Sie auf unebenem oder unbefestigtem Untergrund unterwegs sind, und vor allem: keine Reifenpannen mehr. B\u00fcros, Lagerh\u00e4user, Gesch\u00e4fte, Institutionen \u2013 dieses Rad f\u00fcgt sich nahtlos in jede Umgebung ein und bietet eine unvergleichliche Leistung. Mit einem Raddurchmesser von 260 mm und einer Breite von 85 mm kann dieser Riese von einem Rad bis zu 150 kg tragen. Und mit einer Achse von 20 und einer Nabenl\u00e4nge von 75 mm ist es sowohl langlebig als auch zuverl\u00e4ssig. Unser kluger Rat? Entscheiden Sie sich immer f\u00fcr einen Luft- oder Polyfill-Reifen, vor allem, wenn Sie regelm\u00e4\u00dfig Schwellen \u00fcberqueren m\u00fcssen. Und seien Sie vorsichtig, denn Vollgummireifen k\u00f6nnen in Sand oder Kies stecken bleiben, was zu einem umgest\u00fcrzten Wagen f\u00fchren kann. Egal, ob Sie mit unebenen Oberfl\u00e4chen wie Kopfsteinpflaster, besch\u00e4digten B\u00f6den oder sogar Hindernissen wie T\u00fcrschwellen zu tun haben, dieses Polyfill-Rad ist ideal f\u00fcr Sie.<\/p>\n","protected":false},"excerpt":{"rendered":"<p>Dieses\u00a0<strong>Polyfill-Rad<\/strong>\u00a0mit Blockprofil und Polyamidkern wurde f\u00fcr den leichten Gable Cart entwickelt und bietet ein ger\u00e4usch- und vibrationsarmes Fahrgef\u00fchl. Mit einer Tragf\u00e4higkeit von 150 kg und Spezifikationen von 260 mm Durchmesser und 85 mm Breite ist es ideal f\u00fcr verschiedene Oberfl\u00e4chen und Umgebungen. Entscheiden Sie sich f\u00fcr ritterliche Zuverl\u00e4ssigkeit mit diesem Rad!<\/p>\n<p><b>\u2714<\/b>\u00a0Polyfill-Reifen:\u00a0<strong>keine Reifenpannen mehr.<\/strong><\/p>\n<div class=\"markdown prose w-full break-words dark:prose-invert light\">\n<p><b>\u2714\u00a0<\/b>Raddurchmesser (mm)260<\/p>\n<p><b>\u2714\u00a0<\/b>Breite der R\u00e4der (mm)85<\/p>\n<p><b>\u2714\u00a0<\/b>Tragf\u00e4higkeit (kg)150<\/p>\n<p><b>\u2714\u00a0<\/b>Lagertyp Rollenlager<\/p>\n<p><b>\u2714\u00a0<\/b>Radmaterial aus Polyamid 6 Kern<\/p>\n<p><b>\u2714\u00a0<\/b>L\u00e4nge der Nabe (mm) 75<\/p>\n<p><b>\u2714\u00a0<\/b>Bohrung \u00d8 (mm) 20<\/p>\n<p><b>\u2714\u00a0<\/b>Verwendung im Innen- und Au\u00dfenbereich<\/p>\n<p><b>\u2714\u00a0<\/b>Nettogewicht 3,5 kg<\/p>\n<\/div>\n","protected":false},"featured_media":132352,"template":"","meta":{"_acf_changed":false,"_seopress_robots_primary_cat":"none","_seopress_titles_title":"","_seopress_titles_desc":"","_seopress_robots_index":""},"product_brand":[],"product_cat":[915,936],"product_tag":[1748,1016,1534,1789],"class_list":{"0":"post-134222","1":"product","2":"type-product","3":"status-publish","4":"has-post-thumbnail","6":"product_cat-fassade-transportwagen","7":"product_cat-teile-de","8":"product_tag-gevelridderkar","9":"product_tag-glaskar-de","10":"product_tag-luftreifen","11":"product_tag-wiel","12":"product_shipping_class-paket-45-35-25","14":"first","15":"instock","16":"taxable","17":"shipping-taxable","18":"purchasable","19":"product-type-simple"},"acf":[],"_links":{"self":[{"href":"https:\/\/gevelridder.nl\/de\/wp-json\/wp\/v2\/product\/134222","targetHints":{"allow":["GET"]}}],"collection":[{"href":"https:\/\/gevelridder.nl\/de\/wp-json\/wp\/v2\/product"}],"about":[{"href":"https:\/\/gevelridder.nl\/de\/wp-json\/wp\/v2\/types\/product"}],"wp:featuredmedia":[{"embeddable":true,"href":"https:\/\/gevelridder.nl\/de\/wp-json\/wp\/v2\/media\/132352"}],"wp:attachment":[{"href":"https:\/\/gevelridder.nl\/de\/wp-json\/wp\/v2\/media?parent=134222"}],"wp:term":[{"taxonomy":"product_brand","embeddable":true,"href":"https:\/\/gevelridder.nl\/de\/wp-json\/wp\/v2\/product_brand?post=134222"},{"taxonomy":"product_cat","embeddable":true,"href":"https:\/\/gevelridder.nl\/de\/wp-json\/wp\/v2\/product_cat?post=134222"},{"taxonomy":"product_tag","embeddable":true,"href":"https:\/\/gevelridder.nl\/de\/wp-json\/wp\/v2\/product_tag?post=134222"}],"curies":[{"name":"wp","href":"https:\/\/api.w.org\/{rel}","templated":true}]}}