
{"id":134121,"date":"2026-03-24T08:17:11","date_gmt":"2026-03-24T08:17:11","guid":{"rendered":"https:\/\/gevelridder.nl\/product\/rahmenklemme-mit-luftreifen125mm\/"},"modified":"2026-04-06T14:49:58","modified_gmt":"2026-04-06T14:49:58","slug":"rahmenklemme-auf-luftreifen125mm","status":"publish","type":"product","link":"https:\/\/gevelridder.nl\/de\/produkt\/rahmenklemme-auf-luftreifen125mm\/","title":{"rendered":"Rahmenklemme mit Luftreifen125mm"},"content":{"rendered":"\n<h2 class=\"wp-block-heading\">Rahmenklemme auf Luftreifen125 mm<\/h2>\n\n\n\n<p>Die Rahmenklammer auf Luftreifen125mm hat eine Spurbreite von 125 mm, ist aber auch in Breiten von 70 und 170 mm lieferbar.<br>Die Innenseite ist mit Schutzmaterial gegen St\u00f6\u00dfe und Kratzer ausgekleidet. Gr\u00f6\u00dfe ca. 20\u00d720 cm, Gewicht 2 kg.<\/p>\n\n\n\n<h2 class=\"wp-block-heading\">Welche anderen kleinen Karren gibt es au\u00dfer dem Frame clamp on pneumatic tyres125mm ?<\/h2>\n\n\n\n<p>Weiter unten im Sortiment finden Sie die folgenden praktischen kleinen Trolleys:<\/p>\n\n\n\n<ul class=\"wp-block-list\">\n<li><a href=\"hhttps:\/\/gevelridder.nl\/product\/malle-jantje\/\">Malle Jantje\u00a0<\/a>Der Malle Jantje ist ein praktischer Rahmenwagen, den jeder Handwerker gerne benutzt. Mit einem L\u00e4cheln transportiert Malle Jantje Fensterrahmen, Balken und Jalousien zur Arbeit. Der Wagen hat eine Tageslichtgr\u00f6\u00dfe von 250 mm und ist daher f\u00fcr breite Rahmen mit Dreifachverglasung geeignet. Der Wagen ist 500 mm lang.<\/li>\n\n\n\n<li><a href=\"https:\/\/gevelridder.nl\/product\/kozijn-klem-op-luchtbanden170-mm\/\">Rahmenklemme auf Luftreifen 170 mm<\/a>\u00a0Die Klemme hat eine Breite von 170 mm.<br>Die Innenseite ist ebenfalls mit Schutzmaterial gegen St\u00f6\u00dfe und Kratzer ausgekleidet. Gr\u00f6\u00dfe ca. 40\u00d736 cm, Gewicht 2 kg.<\/li>\n\n\n\n<li><a href=\"https:\/\/gevelridder.nl\/product\/kozijn-klem-op-luchtbanden-70-mm\/\">Rahmenklemme auf Luftreifen 70 mm<\/a>\u00a0Die Klemme hat eine Breite von 70 mm.<br>Die Innenseite ist mit Schutzmaterial gegen St\u00f6\u00dfe und Kratzer ausgekleidet. Gr\u00f6\u00dfe ca. 40\u00d730 cm, Gewicht 2 kg.<\/li>\n<\/ul>\n\n\n\n<h3 class=\"wp-block-heading\">Kaufen Sie eine Rahmenklemme?<\/h3>\n\n\n\n<p>Worauf sollten Sie beim Kauf einer Rahmenklammer achten? Es ist wichtig, dass Sie sich genau \u00fcberlegen, wof\u00fcr Sie die Klemme verwenden m\u00f6chten. Welche Materialien und Abmessungen? Unsere Kunden entscheiden sich oft f\u00fcr einen&nbsp;<a href=\"https:\/\/gevelridder.nl\/product\/glaskar-250-platenwagen\/\">Glaskar 250 kg&nbsp;<\/a>oder einen&nbsp;<a href=\"https:\/\/gevelridder.nl\/product\/glaskar-platenwagen-150kg\/\">Glaskar 150 kg<\/a>, weil dieser Wagen auch alleine stehen kann. Wussten Sie \u00fcbrigens, dass der Glaskar im&nbsp;<a href=\"https:\/\/arbovriendelijkehulpmiddelen.volandis.nl\/taken\/glaszetwerk\/fysieke-belasting\/gevelridder\/index.html\">Gesundheits- und Sicherheitskatalog f\u00fcr Glasreparateure<\/a>&nbsp;empfohlen wird&nbsp;<a href=\"https:\/\/arbovriendelijkehulpmiddelen.volandis.nl\/taken\/glaszetwerk\/fysieke-belasting\/gevelridder\/index.html\">?<\/a><\/p>\n","protected":false},"excerpt":{"rendered":"<p>Die Klammer hat eine Breite von 125 mm, kann aber auch in Breiten von 70 und 170 mm geliefert werden (auf Anfrage).<br \/>\nDie Innenseite ist mit Schutzmaterial gegen St\u00f6\u00dfe und Kratzer ausgekleidet. Gr\u00f6\u00dfe ca. 40\u00d736 cm, Gewicht 2 kg.<\/p>\n","protected":false},"featured_media":131530,"template":"","meta":{"_acf_changed":false,"_seopress_robots_primary_cat":"none","_seopress_titles_title":"","_seopress_titles_desc":"","_seopress_robots_index":""},"product_brand":[],"product_cat":[915,935],"product_tag":[1123,1016,1221,1521,1055,1180,1168],"class_list":{"0":"post-134121","1":"product","2":"type-product","3":"status-publish","4":"has-post-thumbnail","6":"product_cat-fassade-transportwagen","7":"product_cat-rollwagen","8":"product_tag-alles-fur-glas","9":"product_tag-glaskar-de","10":"product_tag-glastrager","11":"product_tag-plattenwagen","12":"product_tag-tellerwagen","13":"product_tag-tur","14":"product_tag-tuertraeger","15":"product_shipping_class-paket-45-35-25","17":"first","18":"instock","19":"taxable","20":"shipping-taxable","21":"purchasable","22":"product-type-simple"},"acf":[],"_links":{"self":[{"href":"https:\/\/gevelridder.nl\/de\/wp-json\/wp\/v2\/product\/134121","targetHints":{"allow":["GET"]}}],"collection":[{"href":"https:\/\/gevelridder.nl\/de\/wp-json\/wp\/v2\/product"}],"about":[{"href":"https:\/\/gevelridder.nl\/de\/wp-json\/wp\/v2\/types\/product"}],"wp:featuredmedia":[{"embeddable":true,"href":"https:\/\/gevelridder.nl\/de\/wp-json\/wp\/v2\/media\/131530"}],"wp:attachment":[{"href":"https:\/\/gevelridder.nl\/de\/wp-json\/wp\/v2\/media?parent=134121"}],"wp:term":[{"taxonomy":"product_brand","embeddable":true,"href":"https:\/\/gevelridder.nl\/de\/wp-json\/wp\/v2\/product_brand?post=134121"},{"taxonomy":"product_cat","embeddable":true,"href":"https:\/\/gevelridder.nl\/de\/wp-json\/wp\/v2\/product_cat?post=134121"},{"taxonomy":"product_tag","embeddable":true,"href":"https:\/\/gevelridder.nl\/de\/wp-json\/wp\/v2\/product_tag?post=134121"}],"curies":[{"name":"wp","href":"https:\/\/api.w.org\/{rel}","templated":true}]}}