
{"id":134104,"date":"2026-03-24T11:34:17","date_gmt":"2026-03-24T11:34:17","guid":{"rendered":"https:\/\/gevelridder.nl\/product\/glasheber-kim250-elektrische-pumpe\/"},"modified":"2026-04-08T12:17:33","modified_gmt":"2026-04-08T12:17:33","slug":"kim250-plus","status":"publish","type":"product","link":"https:\/\/gevelridder.nl\/de\/produkt\/kim250-plus\/","title":{"rendered":"Glasheber Kim250 elektrische Pumpe"},"content":{"rendered":"\n<h2 class=\"wp-block-heading\">Der Kim250 Plus \u2013 Die perfekte L\u00f6sung f\u00fcr effizientes Heben<\/h2>\n\n\n\n<p>Der Kim250 Plus ist ein beeindruckend leichter Aluminiumrahmen mit vier Kim75 Plus-Kolben, die sich perfekt f\u00fcr verschiedene Anwendungen eignen. Er misst 23\u00d7112 cm und ist einschlie\u00dflich der Kolben 9 cm dick. Diese fortschrittlichen Pumpenkolben werden von Facade Knight (Gevelridder) pr\u00e4sentiert und bieten eine un\u00fcbertroffene Leistung und Benutzerfreundlichkeit. Die beiden eingebauten kim75 plus-Kolben k\u00f6nnen im Handumdrehen in den Rahmen eingesetzt und wieder herausgenommen werden. So k\u00f6nnen Sie die Handpumpenkolben separat verwenden \u2013 zwei Fliegen mit einer Klappe!<\/p>\n\n\n\n<p><strong>Kim250 Plus: Leistungsstarker Pumpensauger f\u00fcr nicht por\u00f6se Oberfl\u00e4chen<\/strong><\/p>\n\n\n\n<p>Der in den Kim250 eingebaute Kim75 Plus (Version 3.0) ist ein innovativer Pumpkolben, der von einer internen Lithium-Batterie angetrieben wird. Dieser Kolben wurde speziell f\u00fcr das Heben von nicht por\u00f6sen Oberfl\u00e4chen entwickelt und verf\u00fcgt \u00fcber eine Reihe beeindruckender Eigenschaften, die ihn zu einer wertvollen Erg\u00e4nzung unseres wachsenden Sortiments an Vakuumprodukten machen. Eines der herausragenden Merkmale des Kim75 Plus ist sein automatisches Vakuumsystem. Dieses System schaltet sich automatisch ein, sobald der Unterdruck etwa \u00b1 -0,5 bar erreicht, wodurch das Heben schwerer Materialien m\u00fchelos wird. Er saugt sich m\u00fchelos an Oberfl\u00e4chen wie Glas, Keramikfliesen und anderen glatten Materialien fest. Dar\u00fcber hinaus verf\u00fcgen die vier Kim75s Plus im Kim250 plus \u00fcber eine praktische LED-Anzeige, die wichtige Informationen in Farbcodes anzeigt. Gr\u00fcn zeigt den Vakuumgrad an, w\u00e4hrend Rot den Batteriestand anzeigt. Mit diesen Informationen sind Sie immer \u00fcber den Status des Saugers informiert. Der Kim250 Plus wird von einem leistungsstarken Lithium-Akku mit einer Kapazit\u00e4t von 5000 mAh betrieben, der nach nur 8 Stunden Ladezeit bis zu 16 Stunden Dauerbetrieb erm\u00f6glicht. Das mitgelieferte USB-C-Kabel entspricht dem EU-Standard und macht das Aufladen einfach. Sie k\u00f6nnen sogar Ihren Smartphone-Adapter verwenden.<\/p>\n\n\n\n<p><strong>Komplett geliefert und sofort einsatzbereit<\/strong><\/p>\n\n\n\n<p>Wenn Sie den Kim75 Plus kaufen, erhalten Sie ein komplettes Paket mit den folgenden Artikeln:<\/p>\n\n\n\n<ul class=\"wp-block-list\">\n<li>Vakuumkolben Kim75 Plus<\/li>\n\n\n\n<li>Ladekabel (USB-C, EU-kompatibel)<\/li>\n\n\n\n<li>Ersatzfiltersatz (mit 3 losen Filtern)<\/li>\n\n\n\n<li>Reinigungsb\u00fcrste<\/li>\n\n\n\n<li>Betriebsanleitung auf Niederl\u00e4ndisch und Englisch<\/li>\n\n\n\n<li>Kostenloser Transportkoffer f\u00fcr die Kolben.<\/li>\n<\/ul>\n\n\n\n<p><strong>Nachteile und Alternativen<\/strong><\/p>\n\n\n\n<p>Beachten Sie bitte, dass der Gummisauger des Kim75 Plus auf Glasfl\u00e4chen Kreise hinterlassen kann. Gl\u00fccklicherweise bieten wir hochwertige Reinigungsprodukte an, um dieses Problem zu beheben. Au\u00dferdem ist der Kim75 Plus feuchtigkeitsempfindlich, verwenden Sie ihn also nicht in nassen oder regnerischen Situationen. Wenn der Akku leer ist, kann der Kolben nicht verwendet werden, da der Akku nicht austauschbar ist.<\/p>\n\n\n\n<p><strong>Glaser und Kim250 Plus<\/strong><\/p>\n\n\n\n<p>Der Kim150 Plus ist ideal f\u00fcr Glaser, Bauunternehmer und Subunternehmer, die schwere Materialien sowohl vertikal als auch horizontal montieren m\u00fcssen. Die Verwendung des Kim150 Plus macht die Arbeit sicher und gesundheits- und sicherheitsfreundlich, was auch von Health and Safety Resources empfohlen wird. Verwenden Sie beim Heben von Lasten \u00fcber 1,8 m immer eine Absturzsicherung.<\/p>\n\n\n\n<p><strong>Absturzsicherung f\u00fcr Kim250 Glaskolben<\/strong><\/p>\n\n\n\n<p>Dank der eingebauten Absturzsicherung kann der Kim150 Plus auch zum Heben von Objekten in gr\u00f6\u00dferen H\u00f6hen als dem Boden verwendet werden, was diesen Kolben noch vielseitiger macht. Entdecken Sie noch heute die Leistung der neuen Kim75 Plus und Kim150 Plus von Fa\u00e7ade Knight und heben Sie m\u00fchelos schwere Materialien. Steigern Sie Ihre Effizienz und Produktivit\u00e4t mit diesen zuverl\u00e4ssigen Elektro-Pumpsaugern.<\/p>\n","protected":false},"excerpt":{"rendered":"<p>Die Kim250 PLUS, vier leistungsstarke elektrische Auto-Vakuum-Handpumpenkolben mit Gummimanschette in einem leichten Aluminiumrahmen. <strong>\u2714\u00a0Der leichteste 250kg-Kolben der Welt wiegt nur 7,5kg!<\/strong> <strong>\u2714\u00a0Wiederaufladbarer USB C<\/strong> <strong>\u2714\u00a0Gummimanschette f\u00fcr zus\u00e4tzlichen Schutz.<\/strong> <strong>\u2714\u00a0Led-Anzeige Vakuum und Batterie.<\/strong> <strong>\u2714\u00a0Kann in drei Positionen verwendet werden.<\/strong> <strong>\u2714\u00a0Kims kann auch als separater Handstaubsauger verwendet werden.<\/strong><\/p>\n","protected":false},"featured_media":132334,"template":"","meta":{"_acf_changed":true,"_seopress_robots_primary_cat":"none","_seopress_titles_title":"","_seopress_titles_desc":"","_seopress_robots_index":""},"product_brand":[],"product_cat":[926,924,929],"product_tag":[1714,1391,1887,1672,998,1313,1213,1353,1322,1022,1276,1510,1428,1400,1674,1564,1888,1780,1854,1794,1889,1890,1839,1694],"class_list":{"0":"post-134104","1":"product","2":"type-product","3":"status-publish","4":"has-post-thumbnail","6":"product_cat-kim","7":"product_cat-saugheber","8":"product_cat-vakuum-heber","9":"product_tag-aluminiumlift","10":"product_tag-aufzug","11":"product_tag-auto","12":"product_tag-fensterrahmen-2","13":"product_tag-giebel-ritter","14":"product_tag-glas-de-2","15":"product_tag-glaser-de-2","16":"product_tag-glaser-de","17":"product_tag-glasheben","18":"product_tag-glaslift-de","19":"product_tag-glaslift-mieten","20":"product_tag-heben-de-2","21":"product_tag-heben","22":"product_tag-hebezeug","23":"product_tag-ladenbauer","24":"product_tag-miroiterie-de","25":"product_tag-plus","26":"product_tag-pompzuiger","27":"product_tag-sirliftalot4","28":"product_tag-transport","29":"product_tag-vac","30":"product_tag-vakuum","31":"product_tag-vakuumsauger","32":"product_tag-ventouse","33":"product_shipping_class-paket-80-50-20","35":"first","36":"instock","37":"taxable","38":"shipping-taxable","39":"purchasable","40":"product-type-simple"},"acf":[],"_links":{"self":[{"href":"https:\/\/gevelridder.nl\/de\/wp-json\/wp\/v2\/product\/134104","targetHints":{"allow":["GET"]}}],"collection":[{"href":"https:\/\/gevelridder.nl\/de\/wp-json\/wp\/v2\/product"}],"about":[{"href":"https:\/\/gevelridder.nl\/de\/wp-json\/wp\/v2\/types\/product"}],"wp:featuredmedia":[{"embeddable":true,"href":"https:\/\/gevelridder.nl\/de\/wp-json\/wp\/v2\/media\/132334"}],"wp:attachment":[{"href":"https:\/\/gevelridder.nl\/de\/wp-json\/wp\/v2\/media?parent=134104"}],"wp:term":[{"taxonomy":"product_brand","embeddable":true,"href":"https:\/\/gevelridder.nl\/de\/wp-json\/wp\/v2\/product_brand?post=134104"},{"taxonomy":"product_cat","embeddable":true,"href":"https:\/\/gevelridder.nl\/de\/wp-json\/wp\/v2\/product_cat?post=134104"},{"taxonomy":"product_tag","embeddable":true,"href":"https:\/\/gevelridder.nl\/de\/wp-json\/wp\/v2\/product_tag?post=134104"}],"curies":[{"name":"wp","href":"https:\/\/api.w.org\/{rel}","templated":true}]}}