
{"id":134096,"date":"2026-03-24T08:17:09","date_gmt":"2026-03-24T08:17:09","guid":{"rendered":"https:\/\/gevelridder.nl\/product\/kim23-plus-auto-saugheber\/"},"modified":"2026-04-06T14:41:36","modified_gmt":"2026-04-06T14:41:36","slug":"kim120-plus-auto-vakuum-handpumpe-piston","status":"publish","type":"product","link":"https:\/\/gevelridder.nl\/de\/produkt\/kim120-plus-auto-vakuum-handpumpe-piston\/","title":{"rendered":"KIM23 Plus Auto-Saugheber"},"content":{"rendered":"\n<p>Gevelridder pr\u00e4sentiert die KIM23 Plus mit grauem Gummi. Die schwarzen Pumpenkolben hinterlassen gerne Schlieren auf dem Glas, mit dieser grauen Version ist das nicht mehr der Fall. Die Kolben haben eine Gummimanschette f\u00fcr zus\u00e4tzlichen Kantenschutz. Dieser fortschrittliche Pumpkolben wird von einer internen Lithium-Batterie angetrieben, die auch schwerer ist als die kim75-Version. Der Vakuumheber ist speziell f\u00fcr das Heben von nicht por\u00f6sen Oberfl\u00e4chen konzipiert. Der KIM23 Plus ist mit einem automatischen Vakuumsystem ausgestattet, einschlie\u00dflich einer digitalen Anzeige f\u00fcr optimale Leistung und Benutzerfreundlichkeit.<\/p>\n\n\n\n<p><strong>\u2714&nbsp;<\/strong>Fliesen-\/Glas-\/Holzspachtel mit automatischer Vakuumfunktion Der KIM23 Plus ist eine wertvolle Erg\u00e4nzung unseres wachsenden Angebots an Vakuumprodukten, insbesondere im preiswerten Segment. Zu einem unschlagbaren Preis kann dieser Vakuumlifter m\u00fchelos bis zu 120 kg horizontal und 100 kg vertikal heben. Er verf\u00fcgt \u00fcber eine automatische Vakuumfunktion, bei der sich die Pumpe automatisch einschaltet, sobald der Unterdruck etwa \u00b1 -0,5 bar erreicht. Sobald der gew\u00fcnschte Unterdruck erreicht ist, schaltet sich die Pumpe automatisch ab.<\/p>\n\n\n\n<p><strong>\u2714&nbsp;<\/strong>Fliesen\/Glas\/Holz-Kolben mit praktischer LED-Anzeige Die KIM23 Plus Vakuumpumpe wurde von den Spitzen von Fa\u00e7ade Knight mitentwickelt und basiert auf bew\u00e4hrter Kolbentechnologie. Der neue KIM120 Plus wurde in allen Bereichen verbessert. Sie verf\u00fcgt \u00fcber ein praktisches LED-Display, das wichtige Informationen mit Farbcodes anzeigt \u2013 gr\u00fcn f\u00fcr den Vakuumgrad und rot f\u00fcr den Batteriestand. So sind Sie immer \u00fcber den Status des KIM120 Plus informiert.<\/p>\n\n\n\n<p><strong>\u2714&nbsp;<\/strong>Pumpensauger KIM120+ f\u00fcr nicht-por\u00f6se Oberfl\u00e4chen Der KIM120+ bietet eine sehr erschwingliche L\u00f6sung. Beachten Sie jedoch, dass dieser Sauger nur zum Anheben von nicht-por\u00f6sen und glatten Materialien geeignet ist, wie z.B. Glasplatten, Keramikfliesen und anderen glatten Oberfl\u00e4chen.<\/p>\n\n\n\n<p><strong>\u2714&nbsp;<\/strong>Leistungsstarker Lithium-Akku Eine Verbesserung gegen\u00fcber anderen Marken ist, dass der KIM120 Plus von einem internen Lithium-Akku mit einer Kapazit\u00e4t von&nbsp;<strong>5600 mAh<\/strong>&nbsp;betrieben wird. Nach einer Ladezeit von etwa 8 Stunden bietet dieser Akku bis zu 16 Stunden Dauerbetrieb (in der Praxis sind das Tage). Das Aufladen erfolgt ganz einfach \u00fcber das mitgelieferte EU-konforme USB-C-Kabel, und Sie k\u00f6nnen einfach Ihren Smartphone-Adapter verwenden.<\/p>\n\n\n\n<p><strong>\u2714&nbsp;<\/strong>Komplett geliefert Das KIM23 Plus wird als Komplettpaket geliefert, einschlie\u00dflich:<\/p>\n\n\n\n<ul class=\"wp-block-list\">\n<li>Staubsauger KIM23 Plus mit grauem Gummi<\/li>\n\n\n\n<li>Ladekabel (USB-C, konform mit EU-Standard) und Netzteil!<\/li>\n\n\n\n<li>Ersatzfiltersatz (mit 3 losen Filtern)<\/li>\n\n\n\n<li>Reinigungsb\u00fcrste<\/li>\n\n\n\n<li>Benutzerhandbuch auf Niederl\u00e4ndisch<\/li>\n\n\n\n<li>Transportkoffer<\/li>\n<\/ul>\n\n\n\n<p><strong>GROSSER VORTEIL<\/strong><\/p>\n\n\n\n<ul class=\"wp-block-list\">\n<li>Ein schwarzer Gummisauger kann auf Glasoberfl\u00e4chen Spuren hinterlassen. Beim kim120 verursacht das graue Gummi dieses Problem nicht. Die Oberfl\u00e4che bleibt nach dem Gebrauch streifenfrei.<\/li>\n<\/ul>\n","protected":false},"excerpt":{"rendered":"<p>Ein leistungsstarker elektrischer Autostaubsauger mit Handpumpe, der keine Schlieren hinterl\u00e4sst und sich unter anderem sehr gut f\u00fcr Glas eignet.<\/p>\n<p><strong>\u2714\u00a0<\/strong><strong>Spezielles weiches graues Gummipad<\/strong><\/p>\n<p><strong>\u2714\u00a0Weniger elektrisches Pumpen, l\u00e4ngere Lebensdauer<\/strong><\/p>\n<p><strong>\u2714\u00a0<\/strong><strong>Max. Tragkraft Horizontal 120 kg, vertikal 100 kg *1) je nach Material (WLL75 kg)<\/strong><\/p>\n<p><strong>\u2714\u00a0<\/strong><strong>Zus\u00e4tzlicher Schutz durch Gummimanschette<\/strong><\/p>\n<p><strong>\u2714\u00a0<\/strong><strong>Internes R\u00fcckschlag-Staubventil<\/strong><\/p>\n<p><strong>\u2714\u00a0Automatisches Vakuumsystem<\/strong><\/p>\n<p><strong>\u2714\u00a0Wiederaufladbar\u00a0USB C<\/strong><\/p>\n<p><strong>\u2714\u00a0Led-Anzeige Vakuum und Batterie<\/strong><\/p>\n<p><strong>\u2714\u00a0Inklusive Etui, Ladeger\u00e4t! und Kabel.<\/strong><\/p>\n","protected":false},"featured_media":132359,"template":"","meta":{"_acf_changed":false,"_seopress_robots_primary_cat":"none","_seopress_titles_title":"","_seopress_titles_desc":"","_seopress_robots_index":""},"product_brand":[],"product_cat":[925,926,928,923,924,930,937,938],"product_tag":[974,980,978,983,1013,1366,1594,1780,1891,1085,1091,1892,1738],"class_list":{"0":"post-134096","1":"product","2":"type-product","3":"status-publish","4":"has-post-thumbnail","6":"product_cat-grabo-de","7":"product_cat-kim","8":"product_cat-pumpenkolben","9":"product_cat-pumpenkolben-de","10":"product_cat-saugheber","11":"product_cat-veribor-de","12":"product_cat-werkzeuge","13":"product_cat-werkzeuge-aus-glas","14":"product_tag-auto-vac-de","15":"product_tag-auto-vac-cuum-de","16":"product_tag-autovac-de","17":"product_tag-autovacuum","18":"product_tag-glas-de","19":"product_tag-grabo-de","20":"product_tag-neu","21":"product_tag-pompzuiger","22":"product_tag-shop","23":"product_tag-usb-aufladbarer-kolben","24":"product_tag-vakuumkolben","25":"product_tag-vakuumwagen","26":"product_tag-verhuizen","27":"product_shipping_class-paket-45-35-25","29":"first","30":"instock","31":"taxable","32":"shipping-taxable","33":"purchasable","34":"product-type-simple"},"acf":[],"_links":{"self":[{"href":"https:\/\/gevelridder.nl\/de\/wp-json\/wp\/v2\/product\/134096","targetHints":{"allow":["GET"]}}],"collection":[{"href":"https:\/\/gevelridder.nl\/de\/wp-json\/wp\/v2\/product"}],"about":[{"href":"https:\/\/gevelridder.nl\/de\/wp-json\/wp\/v2\/types\/product"}],"wp:featuredmedia":[{"embeddable":true,"href":"https:\/\/gevelridder.nl\/de\/wp-json\/wp\/v2\/media\/132359"}],"wp:attachment":[{"href":"https:\/\/gevelridder.nl\/de\/wp-json\/wp\/v2\/media?parent=134096"}],"wp:term":[{"taxonomy":"product_brand","embeddable":true,"href":"https:\/\/gevelridder.nl\/de\/wp-json\/wp\/v2\/product_brand?post=134096"},{"taxonomy":"product_cat","embeddable":true,"href":"https:\/\/gevelridder.nl\/de\/wp-json\/wp\/v2\/product_cat?post=134096"},{"taxonomy":"product_tag","embeddable":true,"href":"https:\/\/gevelridder.nl\/de\/wp-json\/wp\/v2\/product_tag?post=134096"}],"curies":[{"name":"wp","href":"https:\/\/api.w.org\/{rel}","templated":true}]}}