
{"id":134089,"date":"2026-03-24T08:17:10","date_gmt":"2026-03-24T08:17:10","guid":{"rendered":"https:\/\/gevelridder.nl\/product\/glasheber-kim150-elektrische-pumpe\/"},"modified":"2026-04-08T12:16:45","modified_gmt":"2026-04-08T12:16:45","slug":"neu-kim150-plus","status":"publish","type":"product","link":"https:\/\/gevelridder.nl\/de\/produkt\/neu-kim150-plus\/","title":{"rendered":"Glasheber Kim150 elektrische Pumpe"},"content":{"rendered":"\n<h2 class=\"wp-block-heading\"><strong>Kim150 Plus \u2013 Der leichteste Vakuumheber der Welt mit dieser Kapazit\u00e4t<\/strong><\/h2>\n\n\n\n<p>Der&nbsp;<strong>Kim150 Plus<\/strong>&nbsp;ist der&nbsp;<strong>leichteste Vakuumheber<\/strong>&nbsp;seiner Klasse. Dank seines&nbsp;<strong>ultraleichten Aluminiumrahmens<\/strong>&nbsp;und zwei leistungsstarken&nbsp;<strong>Kim120 Plus Vakuumsaugern<\/strong>&nbsp;ist dieser Vakuumheber ideal f\u00fcr das&nbsp;<strong>sichere und m\u00fchelose Heben schwerer, nicht por\u00f6ser Materialien<\/strong>&nbsp;wie&nbsp;<strong>Glas, Keramikfliesen, Platten und glatte Metalloberfl\u00e4chen<\/strong>.<\/p>\n\n\n\n<p>Mit&nbsp;<strong>Abmessungen von 23 x 63 cm und nur 9 cm Dicke<\/strong>&nbsp;(einschlie\u00dflich der Sauger) bietet dieser innovative Vakuumheber&nbsp;<strong>maximale Flexibilit\u00e4t<\/strong>&nbsp;f\u00fcr&nbsp;<strong>Glaser, Bauunternehmer und Handwerker<\/strong>. Zudem k\u00f6nnen die&nbsp;<strong>beiden Kim120 Plus Vakuumsauger<\/strong>&nbsp;einfach aus dem Rahmen entfernt und separat verwendet werden \u2013&nbsp;<strong>zwei Werkzeuge in einem!<\/strong><\/p>\n\n\n\n<hr class=\"wp-block-separator has-alpha-channel-opacity\"\/>\n\n\n\n<h2 class=\"wp-block-heading\"><strong>Kim150 Plus: Maximale Saugkraft in einem kompakten Design<\/strong><\/h2>\n\n\n\n<p>Der&nbsp;<strong>Kim150 Plus<\/strong>&nbsp;enth\u00e4lt&nbsp;<strong>zwei Kim120 Plus Vakuumsauger (Version 3.0)<\/strong>, die von einem&nbsp;<strong>internen Lithium-Akku<\/strong>&nbsp;betrieben werden. Dieses&nbsp;<strong>automatische Vakuumsystem<\/strong>&nbsp;aktiviert sich selbst, sobald der Unterdruck&nbsp;<strong>auf ca. -0,5 bar<\/strong>&nbsp;f\u00e4llt, sodass der Hebevorgang&nbsp;<strong>vollst\u00e4ndig automatisiert<\/strong>&nbsp;abl\u00e4uft, ohne dass sich der Benutzer um Druckverluste sorgen muss.<\/p>\n\n\n\n<h3 class=\"wp-block-heading\"><strong>Wichtige Vorteile:<\/strong><\/h3>\n\n\n\n<p>\u2705&nbsp;<strong>Der leichteste Vakuumheber der Welt mit 150 kg Tragkraft<\/strong><br>\u2705&nbsp;<strong>Automatisches Vakuumsystem<\/strong>&nbsp;\u2013 selbstregulierend f\u00fcr maximale Sicherheit<br>\u2705&nbsp;<strong>Leistungsstarker Lithium-Akku (5000 mAh)<\/strong>&nbsp;\u2013 bis zu&nbsp;<strong>16 Stunden Dauerbetrieb<\/strong>&nbsp;nach nur&nbsp;<strong>8 Stunden Ladezeit<\/strong><br>\u2705&nbsp;<strong>LED-Display mit Farbkennzeichnung<\/strong>&nbsp;\u2013 immer informiert \u00fcber den Vakuum- (gr\u00fcn) und Batteriestatus (rot)<br>\u2705&nbsp;<strong>Graues Gummi<\/strong>&nbsp;\u2013 verhindert Streifen oder Flecken auf Glas und glatten Oberfl\u00e4chen<\/p>\n\n\n\n<p>Der&nbsp;<strong>Kim150 Plus Vakuumheber<\/strong>&nbsp;haftet zuverl\u00e4ssig an Materialien wie:<br>? Glas<br>? Keramikfliesen<br>? Glatte Metallplatten<br>? M\u00f6bel, Arbeitsplatten und mehr<\/p>\n\n\n\n<hr class=\"wp-block-separator has-alpha-channel-opacity\"\/>\n\n\n\n<h2 class=\"wp-block-heading\"><strong>Aufladen &amp; Bedienung: Einfach und effizient<\/strong><\/h2>\n\n\n\n<p>Der&nbsp;<strong>Kim150 Plus<\/strong>&nbsp;wird \u00fcber ein&nbsp;<strong>USB-C-Kabel<\/strong>&nbsp;aufgeladen, das den&nbsp;<strong>EU-Standards<\/strong>&nbsp;entspricht. Dies erm\u00f6glicht bequemes Laden mit einem&nbsp;<strong>Standard-Smartphone-Adapter<\/strong>.&nbsp;<strong>In nur 8 Stunden vollst\u00e4ndig geladen<\/strong>, liefert er&nbsp;<strong>bis zu 16 Stunden ununterbrochene Nutzung<\/strong>.<\/p>\n\n\n\n<h3 class=\"wp-block-heading\"><strong>Lieferumfang:<\/strong><\/h3>\n\n\n\n<p>\u2714&nbsp;<strong>Kim120 Plus Vakuumsauger (x2)<\/strong><br>\u2714&nbsp;<strong>USB-C Ladekabel<\/strong><br>\u2714&nbsp;<strong>Ersatzfilter (Set mit 3 St\u00fcck)<\/strong><br>\u2714&nbsp;<strong>Reinigungsb\u00fcrste<\/strong><br>\u2714&nbsp;<strong>Bedienungsanleitung (DE &amp; EN)<\/strong><br>\u2714&nbsp;<strong>Kostenloser robuster Transportkoffer<\/strong><\/p>\n\n\n\n<hr class=\"wp-block-separator has-alpha-channel-opacity\"\/>\n\n\n\n<h2 class=\"wp-block-heading\"><strong>Warum der Kim150 Plus ideal f\u00fcr Glaser &amp; Bauprofis ist<\/strong><\/h2>\n\n\n\n<p>Der&nbsp;<strong>Kim150 Plus Vakuumheber<\/strong>&nbsp;ist ein&nbsp;<strong>unverzichtbares Werkzeug<\/strong>&nbsp;f\u00fcr&nbsp;<strong>Glaser, Bauunternehmer und Handwerker<\/strong>, die&nbsp;<strong>schwere Materialien sicher und ergonomisch<\/strong>&nbsp;heben m\u00fcssen. Dank seines&nbsp;<strong>leichten Designs<\/strong>&nbsp;und seiner&nbsp;<strong>starken Saugkraft<\/strong>&nbsp;eignet sich dieser Vakuumheber perfekt f\u00fcr die&nbsp;<strong>horizontale und vertikale Montage<\/strong>.<\/p>\n\n\n\n<p>?&nbsp;<strong>Sicheres &amp; ergonomisches Arbeiten<\/strong>&nbsp;\u2013 empfohlen von&nbsp;<strong>Arbeitsschutzexperten<\/strong><br>?&nbsp;<strong>Zeitsparend<\/strong>&nbsp;\u2013 schneller und effizienter arbeiten mit weniger Kraftaufwand<br>?&nbsp;<strong>Maximale Haftung &amp; Stabilit\u00e4t<\/strong>&nbsp;\u2013 verhindert Sch\u00e4den an Glas und anderen Materialien<\/p>\n\n\n\n<hr class=\"wp-block-separator has-alpha-channel-opacity\"\/>\n\n\n\n<h2 class=\"wp-block-heading\"><strong>Fallschutz: Zus\u00e4tzliche Sicherheit in der H\u00f6he<\/strong><\/h2>\n\n\n\n<p>Der&nbsp;<strong>Kim150 Plus Vakuumheber<\/strong>&nbsp;verf\u00fcgt \u00fcber&nbsp;<strong>Spezial\u00f6ffnungen<\/strong>&nbsp;zur Befestigung von&nbsp;<strong>zertifizierten Fallsicherungssystemen<\/strong>. Dies macht ihn ideal f\u00fcr das&nbsp;<strong>Heben von Objekten in mehr als 1,2 Metern H\u00f6he<\/strong>&nbsp;und sorgt f\u00fcr&nbsp;<strong>Einhaltung der Sicherheitsvorschriften<\/strong>&nbsp;f\u00fcr Arbeiten in der H\u00f6he.<\/p>\n\n\n\n<p>Mit dem&nbsp;<strong>Kim150 Plus<\/strong>&nbsp;arbeitest du nicht nur&nbsp;<strong>schneller<\/strong>, sondern vor allem&nbsp;<strong>sicherer<\/strong>.<\/p>\n","protected":false},"excerpt":{"rendered":"<h3><strong>Kim150 PLUS \u2013 Der leichteste 150 kg Vakuumheber der Welt<\/strong><\/h3>\n<p>Der\u00a0<strong>Kim150 PLUS<\/strong>\u00a0ist ein\u00a0<strong>ultraleichter elektrischer Vakuumheber<\/strong>, ausgestattet mit\u00a0<strong>zwei leistungsstarken Kim120 Vakuumsaugern<\/strong>\u00a0in einem\u00a0<strong>robusten Aluminiumrahmen<\/strong>. Perfekt f\u00fcr\u00a0<strong>Glaser, Bauunternehmer und Handwerker<\/strong>, die schwere Materialien\u00a0<strong>sicher und effizient<\/strong>\u00a0heben m\u00fcssen. <strong>\u2714\u00a0<\/strong><strong>Wiegt nur 5 kg<\/strong>\u00a0\u2013 der leichteste\u00a0<strong>150 kg Vakuumheber<\/strong>\u00a0der Welt! <strong>\u2714\u00a0<\/strong><strong>USB-C wiederaufladbar<\/strong>\u00a0\u2013 bis zu\u00a0<strong>16 Stunden Nutzung<\/strong>\u00a0mit einer einzigen Ladung <strong>\u2714\u00a0<\/strong><strong>Graues Gummi<\/strong>\u00a0\u2013 verhindert Streifen auf Glas und glatten Oberfl\u00e4chen <strong>\u2714\u00a0<\/strong><strong>LED-Display<\/strong>\u00a0\u2013 Echtzeit-Anzeige von Vakuum- und Batteriestatus <strong>\u2714<\/strong>\u00a0<strong>Drei Betriebsmodi<\/strong>\u00a0\u2013 flexibel einsetzbar f\u00fcr verschiedene Anwendungen <strong>\u2714\u00a0<\/strong><strong>Kim120 Vakuumsauger<\/strong>\u00a0\u2013 kann auch separat als\u00a0<strong>Hand-Vakuumheber<\/strong>\u00a0verwendet werden<\/p>\n","protected":false},"featured_media":132232,"template":"","meta":{"_acf_changed":true,"_seopress_robots_primary_cat":"none","_seopress_titles_title":"","_seopress_titles_desc":"","_seopress_robots_index":""},"product_brand":[],"product_cat":[926,924,929],"product_tag":[1714,1391,1887,1672,998,1313,1213,1353,1322,1022,1276,1510,1428,1400,1674,1564,1888,1780,1854,1794,1889,1890,1839,1694],"class_list":{"0":"post-134089","1":"product","2":"type-product","3":"status-publish","4":"has-post-thumbnail","6":"product_cat-kim","7":"product_cat-saugheber","8":"product_cat-vakuum-heber","9":"product_tag-aluminiumlift","10":"product_tag-aufzug","11":"product_tag-auto","12":"product_tag-fensterrahmen-2","13":"product_tag-giebel-ritter","14":"product_tag-glas-de-2","15":"product_tag-glaser-de-2","16":"product_tag-glaser-de","17":"product_tag-glasheben","18":"product_tag-glaslift-de","19":"product_tag-glaslift-mieten","20":"product_tag-heben-de-2","21":"product_tag-heben","22":"product_tag-hebezeug","23":"product_tag-ladenbauer","24":"product_tag-miroiterie-de","25":"product_tag-plus","26":"product_tag-pompzuiger","27":"product_tag-sirliftalot4","28":"product_tag-transport","29":"product_tag-vac","30":"product_tag-vakuum","31":"product_tag-vakuumsauger","32":"product_tag-ventouse","33":"product_shipping_class-paket-80-50-20","35":"first","36":"instock","37":"taxable","38":"shipping-taxable","39":"purchasable","40":"product-type-simple"},"acf":[],"_links":{"self":[{"href":"https:\/\/gevelridder.nl\/de\/wp-json\/wp\/v2\/product\/134089","targetHints":{"allow":["GET"]}}],"collection":[{"href":"https:\/\/gevelridder.nl\/de\/wp-json\/wp\/v2\/product"}],"about":[{"href":"https:\/\/gevelridder.nl\/de\/wp-json\/wp\/v2\/types\/product"}],"wp:featuredmedia":[{"embeddable":true,"href":"https:\/\/gevelridder.nl\/de\/wp-json\/wp\/v2\/media\/132232"}],"wp:attachment":[{"href":"https:\/\/gevelridder.nl\/de\/wp-json\/wp\/v2\/media?parent=134089"}],"wp:term":[{"taxonomy":"product_brand","embeddable":true,"href":"https:\/\/gevelridder.nl\/de\/wp-json\/wp\/v2\/product_brand?post=134089"},{"taxonomy":"product_cat","embeddable":true,"href":"https:\/\/gevelridder.nl\/de\/wp-json\/wp\/v2\/product_cat?post=134089"},{"taxonomy":"product_tag","embeddable":true,"href":"https:\/\/gevelridder.nl\/de\/wp-json\/wp\/v2\/product_tag?post=134089"}],"curies":[{"name":"wp","href":"https:\/\/api.w.org\/{rel}","templated":true}]}}