
{"id":134073,"date":"2026-04-03T09:37:23","date_gmt":"2026-04-03T09:37:23","guid":{"rendered":"https:\/\/gevelridder.nl\/product\/ergoflip-kipp-transportwagen-fuer-natursteinplatten\/"},"modified":"2026-04-06T14:05:31","modified_gmt":"2026-04-06T14:05:31","slug":"ergoflip-kipp-transportwagen-fuer-natursteinplatten","status":"publish","type":"product","link":"https:\/\/gevelridder.nl\/de\/produkt\/ergoflip-kipp-transportwagen-fuer-natursteinplatten\/","title":{"rendered":"ErgoFlip Kipp-Transportwagen f\u00fcr Natursteinplatten"},"content":{"rendered":"\n<p><strong>Gevelridder Kipp-Transportwagen \u2013 f\u00fcr K\u00fcchenarbeitsplatten aus Naturstein (Transport &amp; horizontales Kippen)<\/strong><\/p>\n\n\n\n<p>Der&nbsp;<strong>Gevelridder Kipp-Transportwagen<\/strong>&nbsp;ist der wendige Transportwagen, um&nbsp;<strong>schwere K\u00fcchenarbeitsplatten aus Naturstein<\/strong>&nbsp;und andere Plattenmaterialien&nbsp;<strong>sicher von au\u00dfen nach innen<\/strong>&nbsp;zu bewegen und&nbsp;<strong>horizontal zu kippen<\/strong>. Der&nbsp;<strong>Stahlrahmen<\/strong>, die&nbsp;<strong>breite Auflage (14 cm)<\/strong>&nbsp;und die&nbsp;<strong>Schwenkrollen vorn und hinten<\/strong>&nbsp;sorgen f\u00fcr maximale Kontrolle in engen Durchg\u00e4ngen, \u00fcber Schwellen und in engen Kurven.<\/p>\n\n\n\n<p><strong>Wichtigste Spezifikationen<\/strong><\/p>\n\n\n\n<p><strong>Sehr wendig<\/strong>&nbsp;\u2013 f\u00fcr enge Flure und T\u00fcr\u00f6ffnungen<\/p>\n\n\n\n<p><strong>Abmessungen:<\/strong>&nbsp;L 130 cm \u00d7 H 73 cm \u00d7 B 55 cm<\/p>\n\n\n\n<p><strong>Auflagebreite:<\/strong>&nbsp;14 cm<\/p>\n\n\n\n<p><strong>Tragf\u00e4higkeit (WLL):<\/strong>&nbsp;250 kg<\/p>\n\n\n\n<p><strong>Eigengewicht:<\/strong>&nbsp;75 kg<\/p>\n\n\n\n<p><strong>Rollen:<\/strong>&nbsp;Schwenkrollen vorn und hinten<\/p>\n\n\n\n<p><strong>Material:<\/strong>&nbsp;Stahl<\/p>\n\n\n\n<p><strong>Einsatzbereiche<\/strong><\/p>\n\n\n\n<p>Transport von&nbsp;<strong>K\u00fcchenarbeitsplatten aus Naturstein<\/strong>,&nbsp;<strong>Komposit<\/strong>&nbsp;und anderen schweren Platten&nbsp;<strong>Horizontales Kippen<\/strong>&nbsp;f\u00fcr Montage und Platzierung<\/p>\n","protected":false},"excerpt":{"rendered":"<p>De <strong data-start=\"184\" data-end=\"211\">Gevelridder Kantelwagen<\/strong> &#8222;de ergoflip&#8220; is d\u00e9 wendbare transportkar om <strong data-start=\"243\" data-end=\"278\">zware natuurstenen keukenbladen<\/strong> en andere plaatmaterialen <strong data-start=\"305\" data-end=\"338\">veilig van buiten naar binnen<\/strong> te verplaatsen en <strong data-start=\"357\" data-end=\"384\">horizontaal te kantelen<\/strong>. Het <strong data-start=\"390\" data-end=\"400\">stalen<\/strong> frame, de <strong data-start=\"411\" data-end=\"434\">grote plank (14 cm)<\/strong> en de <strong data-start=\"441\" data-end=\"471\">zwenkwielen voor \u00e9n achter<\/strong> geven maximale controle in smalle doorgangen, op drempels en bij lastige bochten. <\/p>\n<p><span style=\"color: #5bbc3a;\"><strong>\u2714<\/strong><\/span> <strong>SUPER WENDBAAR<\/strong><\/p>\n<p><span style=\"color: #5bbc3a;\"><strong>\u2714<\/strong><\/span><strong> L= 130 cm, H=73 cm, B=55 cm.<\/strong><\/p>\n<p><span style=\"color: #5bbc3a;\"><strong>\u2714<\/strong><\/span><strong> Plankbreedte 14 cm <\/strong> <\/p>\n<p><span style=\"color: #5bbc3a;\"><strong>\u2714<\/strong><\/span><strong> Tot circa 1 meter schuin op hoogte te gebruiken <\/strong> <\/p>\n<p><span style=\"color: #5bbc3a;\"><strong>\u2714<\/strong><\/span><strong> WLL250 kg. <\/strong> <\/p>\n<p><span style=\"color: #5bbc3a;\"><strong>\u2714<\/strong><\/span><strong>   <\/strong><strong>Eigen gewicht 75 kg.<\/strong><\/p>\n<p><span style=\"color: #5bbc3a;\"><strong>\u2714<\/strong><\/span><strong> Zwenkwielen voor en achter<\/strong><\/p>\n","protected":false},"featured_media":133033,"template":"","meta":{"_acf_changed":false,"_seopress_robots_primary_cat":"","_seopress_titles_title":"","_seopress_titles_desc":"","_seopress_robots_index":""},"product_brand":[],"product_cat":[915,934],"product_tag":[1007,1875,1876,1877,1878,1744,1055,1879],"class_list":{"0":"post-134073","1":"product","2":"type-product","3":"status-publish","4":"has-post-thumbnail","6":"product_cat-fassade-transportwagen","7":"product_cat-glaskar","8":"product_tag-giebelreiterkarre","9":"product_tag-glas-plaat-transport","10":"product_tag-horizontaal-kantelen","11":"product_tag-kantelwagen","12":"product_tag-keukenblad-vervoeren","13":"product_tag-platen-kar","14":"product_tag-tellerwagen","15":"product_tag-transportkar-natuursteen","16":"product_shipping_class-kar-groot","18":"first","19":"instock","20":"taxable","21":"shipping-taxable","22":"purchasable","23":"product-type-simple"},"acf":[],"_links":{"self":[{"href":"https:\/\/gevelridder.nl\/de\/wp-json\/wp\/v2\/product\/134073","targetHints":{"allow":["GET"]}}],"collection":[{"href":"https:\/\/gevelridder.nl\/de\/wp-json\/wp\/v2\/product"}],"about":[{"href":"https:\/\/gevelridder.nl\/de\/wp-json\/wp\/v2\/types\/product"}],"wp:featuredmedia":[{"embeddable":true,"href":"https:\/\/gevelridder.nl\/de\/wp-json\/wp\/v2\/media\/133033"}],"wp:attachment":[{"href":"https:\/\/gevelridder.nl\/de\/wp-json\/wp\/v2\/media?parent=134073"}],"wp:term":[{"taxonomy":"product_brand","embeddable":true,"href":"https:\/\/gevelridder.nl\/de\/wp-json\/wp\/v2\/product_brand?post=134073"},{"taxonomy":"product_cat","embeddable":true,"href":"https:\/\/gevelridder.nl\/de\/wp-json\/wp\/v2\/product_cat?post=134073"},{"taxonomy":"product_tag","embeddable":true,"href":"https:\/\/gevelridder.nl\/de\/wp-json\/wp\/v2\/product_tag?post=134073"}],"curies":[{"name":"wp","href":"https:\/\/api.w.org\/{rel}","templated":true}]}}