
{"id":134057,"date":"2026-03-24T11:39:17","date_gmt":"2026-03-24T11:39:17","guid":{"rendered":"https:\/\/gevelridder.nl\/product\/i-care-durchschiebewagen-fuer-die-logistikbranche-zgan\/"},"modified":"2026-04-06T14:41:02","modified_gmt":"2026-04-06T14:41:02","slug":"i-care-durchschiebewagen-fuer-die-logistikbranche-zgan","status":"publish","type":"product","link":"https:\/\/gevelridder.nl\/de\/produkt\/i-care-durchschiebewagen-fuer-die-logistikbranche-zgan\/","title":{"rendered":"I-Care Durchschiebewagen f\u00fcr die Logistikbranche zgan"},"content":{"rendered":"\n<p>I-Care steht f\u00fcr Innovative Cargo Assistance and Rolling Equipment und ist ein revolution\u00e4res Hilfsmittel, das Ihren Frachttransport auf eine ganz neue Ebene hebt. Mit einer H\u00f6he von 50 cm bietet I-Care einen einzigartigen Vorteil \u2013 er macht das Be- und Entladen von G\u00fctern zu einem Kinderspiel. Ob Kisten, Batterien oder andere Ladungen, Sie k\u00f6nnen sie ganz einfach von einem Bus auf die I-Care-Plattform schieben und umgekehrt. So sparen Sie wertvolle Zeit und m\u00fcssen keine schweren Lasten mehr heben. Eines der auff\u00e4lligsten Merkmale von I-Care ist sein ergonomisches Design mit speziellen patentierten Aussparungen auf der Plattform. Diese Aussparungen erm\u00f6glichen es Ihnen, Lasten m\u00fchelos aufzunehmen, ohne Ihren R\u00fccken zu belasten. Wir wissen, wie wichtig Ihr Wohlbefinden ist und bem\u00fchen uns, R\u00fcckenschmerzen zu minimieren, w\u00e4hrend Sie effizient arbeiten. Der I-Care ist luftbereift, so dass sich die Ladung leicht \u00fcber eine Schwelle schieben l\u00e4sst. Ganz gleich, ob Sie als Kurier M\u00f6bel, Batterien oder Kisten transportieren, der I-Care ist auf Ihre Bed\u00fcrfnisse zugeschnitten. Mit einer beeindruckenden Tragf\u00e4higkeit von 250 kg bietet dieser Wagen Haltbarkeit und Zuverl\u00e4ssigkeit, unabh\u00e4ngig von der Gr\u00f6\u00dfe oder dem Gewicht Ihrer Ladung. Die mit Bremsen ausgestatteten Lenkrollen bieten zus\u00e4tzliche Man\u00f6vrierf\u00e4higkeit und sorgen f\u00fcr ein sicheres Abstellen auch auf engem Raum. I-Care wurde von den engagierten Ingenieuren von Facade Knight (Gevelridder) entwickelt, die wissen, wie wichtig es ist, Ihre Arbeit einfacher und effizienter zu gestalten. Dieses innovative Werkzeug verbessert nicht nur Ihre Effizienz, sondern erh\u00f6ht auch die Kundenzufriedenheit. Investieren Sie noch heute in I-Care und entdecken Sie, wie dieser intelligente Wagen Ihre Transportaufgaben vereinfachen und Ihre Arbeitszufriedenheit erh\u00f6hen wird. Machen Sie Ihre Arbeit einfacher und effizienter mit I-Care!<\/p>\n","protected":false},"excerpt":{"rendered":"<div class=\"woocommerce-product-details__short-description\">\n<p>I-Care, die Abk\u00fcrzung f\u00fcr Innovative Cargo Assistance and Rolling Equipment, ist ein bahnbrechender Wagen mit einer H\u00f6he von 50 cm (kann \u00fcbrigens auf jede H\u00f6he angepasst werden). Er macht es einfach, schwere Gegenst\u00e4nde wie Kisten, Batterien und M\u00f6bel aus einem Transporter auf die Plattform zu schieben und umgekehrt. Ergonomisches Design mit intelligenten Aussparungen f\u00fcr eine einfache Entnahme der Lieferung. Zuverl\u00e4ssiges und einfaches Fahren \u00fcber eine Schwelle und unebenes Gel\u00e4nde: der I-Care. Dieser Wagen hat eine kleine Besch\u00e4digung an der oberen Ablage, aber das spielt f\u00fcr seine Funktionalit\u00e4t keine Rolle.<\/p>\n<\/div>\n","protected":false},"featured_media":132196,"template":"","meta":{"_acf_changed":false,"_seopress_robots_primary_cat":"none","_seopress_titles_title":"","_seopress_titles_desc":"","_seopress_robots_index":""},"product_brand":[],"product_cat":[914,918,915,935,931],"product_tag":[1105,1108,1469,1531,1055,1862,1159,1456,1609,1863,1864],"class_list":{"0":"post-134057","1":"product","2":"type-product","3":"status-publish","4":"has-post-thumbnail","6":"product_cat-auslass","7":"product_cat-cargoridder-de","8":"product_cat-fassade-transportwagen","9":"product_cat-rollwagen","10":"product_cat-transportwagen-de","11":"product_tag-akkuwagen-de","12":"product_tag-akkuwagen","13":"product_tag-kurierwagen","14":"product_tag-logistik","15":"product_tag-tellerwagen","16":"product_tag-trnapsort","17":"product_tag-van","18":"product_tag-wagen-de","19":"product_tag-wechselrichter-auto","20":"product_tag-zonnepanelen-wagen","21":"product_tag-zware-dozen","22":"product_shipping_class-65-euro-de","24":"first","25":"outofstock","26":"taxable","27":"shipping-taxable","28":"purchasable","29":"product-type-simple"},"acf":[],"_links":{"self":[{"href":"https:\/\/gevelridder.nl\/de\/wp-json\/wp\/v2\/product\/134057","targetHints":{"allow":["GET"]}}],"collection":[{"href":"https:\/\/gevelridder.nl\/de\/wp-json\/wp\/v2\/product"}],"about":[{"href":"https:\/\/gevelridder.nl\/de\/wp-json\/wp\/v2\/types\/product"}],"wp:featuredmedia":[{"embeddable":true,"href":"https:\/\/gevelridder.nl\/de\/wp-json\/wp\/v2\/media\/132196"}],"wp:attachment":[{"href":"https:\/\/gevelridder.nl\/de\/wp-json\/wp\/v2\/media?parent=134057"}],"wp:term":[{"taxonomy":"product_brand","embeddable":true,"href":"https:\/\/gevelridder.nl\/de\/wp-json\/wp\/v2\/product_brand?post=134057"},{"taxonomy":"product_cat","embeddable":true,"href":"https:\/\/gevelridder.nl\/de\/wp-json\/wp\/v2\/product_cat?post=134057"},{"taxonomy":"product_tag","embeddable":true,"href":"https:\/\/gevelridder.nl\/de\/wp-json\/wp\/v2\/product_tag?post=134057"}],"curies":[{"name":"wp","href":"https:\/\/api.w.org\/{rel}","templated":true}]}}