
{"id":134027,"date":"2026-04-03T09:37:20","date_gmt":"2026-04-03T09:37:20","guid":{"rendered":"https:\/\/gevelridder.nl\/product\/handwinde-fuer-den-facade-knight-gevelridder\/"},"modified":"2026-04-06T14:40:27","modified_gmt":"2026-04-06T14:40:27","slug":"handwinde-fuer-den-gable-knight","status":"publish","type":"product","link":"https:\/\/gevelridder.nl\/de\/produkt\/handwinde-fuer-den-gable-knight\/","title":{"rendered":"Handwinde f\u00fcr den Facade Knight (Gevelridder)"},"content":{"rendered":"\n<p>Hallo Mitglieder des Ritterordens, nat\u00fcrlich kann es passieren, dass die Handwinde nach einem langen Turnier den Geist aufgibt, schade. Facade Knight (Gevelridder) kann Ihnen mit einer neuen Handwinde helfen, so schnell wie m\u00f6glich wieder auf Ihrem Kreuzzug in die Schlacht zu ziehen. Diese Handwinde ist f\u00fcr alle Arten von Facade Knight (Gevelridder)s geeignet und besteht aus Zahnr\u00e4dern, die auf einem gro\u00dfen Holzfeuer geh\u00e4rtet wurden, so dass das Pferd eine Weile auf neue Eisen f\u00fcr seine Hufe warten musste. Sparen Sie Geld, indem Sie gleich einige andere&nbsp;<a href=\"https:\/\/gevelridder.nl\/product\/glaskar-250-platenwagen\/\">Ritterwaffen<\/a>&nbsp;aus unserer Kollektion bestellen. Das Zahnrad dieser Winde ist gesch\u00fctzt. Bitte beachten Sie: Wenn die Winde beim Winden nicht klappert, ist die Bremse defekt. H\u00f6ren Sie auf zu winden und lassen Sie die Winde reparieren. Wir haben die folgenden Facade Knight (Gevelridder)s, f\u00fcr die diese Handwinde geeignet ist.<\/p>\n\n\n\n<p><a href=\"https:\/\/gevelridder.nl\/product\/gevelridder-s-incl-afstandhouder\/\">-1. Giebel-Ritter S<\/a><\/p>\n\n\n\n<p><a href=\"https:\/\/gevelridder.nl\/product\/gevelridder-m-incl-afstandhouder\/\">-2. Giebel-Ritter M<\/a><\/p>\n\n\n\n<p><a href=\"https:\/\/gevelridder.nl\/product\/gevelridder-l\/\">-3. Giebel-Ritter L<\/a><\/p>\n\n\n\n<p><a href=\"https:\/\/gevelridder.nl\/product\/gevelridder-xl\/\">-4. Gevelridder XL<\/a><\/p>\n\n\n\n<h2 class=\"wp-block-heading\">Die Rolle der Hersteller bei der CE-Kennzeichnung Handwinde<\/h2>\n\n\n\n<p>Die Hersteller m\u00fcssen feststellen, ob ein Produkt die Anforderungen erf\u00fcllt.<\/p>\n\n\n\n<h2 class=\"wp-block-heading\">CE-Kennzeichnung f\u00fcr Produkte von au\u00dferhalb des EWR<\/h2>\n\n\n\n<p>Wurde das Produkt au\u00dferhalb des EWR hergestellt? Dann muss der Importeur des Produkts pr\u00fcfen, ob das Produkt die Anforderungen erf\u00fcllt. Und damit auch, ob das Produkt mit der CE-Kennzeichnung versehen werden muss. Vermarktet der Importeur die Produkte unter seinem eigenen Namen? Dann \u00fcbernimmt er damit die Verantwortung des Herstellers. Auch in diesem Fall muss er die CE-Kennzeichnung selbst anbringen.<\/p>\n\n\n\n<h2 class=\"wp-block-heading\">CE-Kennzeichnung f\u00fcr \u00fcber 20 Produktgruppen vorgeschrieben<\/h2>\n\n\n\n<p>Die CE-Kennzeichnung gilt f\u00fcr mehr als 20 Produktgruppen. Dazu geh\u00f6ren:<\/p>\n\n\n\n<ul class=\"wp-block-list\">\n<li>Bauprodukte;<\/li>\n\n\n\n<li>Gasger\u00e4te;<\/li>\n\n\n\n<li>Spielzeug;<\/li>\n\n\n\n<li>Messger\u00e4te;<\/li>\n\n\n\n<li>Handys;<\/li>\n\n\n\n<li>Aufz\u00fcge.<\/li>\n<\/ul>\n\n\n\n<p>Wir empfehlen unseren Kunden, den&nbsp;<a href=\"https:\/\/www.nlarbeidsinspectie.nl\/onderwerpen\/arbocatalogus\" target=\"_blank\" rel=\"noreferrer noopener\">Katalog f\u00fcr Gesundheit und Sicherheit<\/a>&nbsp;zu befolgen. Der Katalog f\u00fcr Sicherheit und Gesundheitsschutz gilt als anerkanntes, von den Sozialpartnern selbst verfasstes \u201eRezept\u201c zur F\u00f6rderung gesunder und sicherer Arbeitsbedingungen.<\/p>\n","protected":false},"excerpt":{"rendered":"<p>Hallo Mitglieder des Ritterordens, nat\u00fcrlich kann es passieren, dass die Handwinde nach langem Gebrauch kaputt geht. Facade Knight (Gevelridder) kann Ihnen mit einer neuen Handwinde helfen, so schnell wie m\u00f6glich wieder in den Krieg zu ziehen. Diese Handwinde ist f\u00fcr alle Arten von Facade Knight (Gevelridder)s geeignet und besteht aus auf einem gro\u00dfen Holzfeuer geh\u00e4rteten Zahnr\u00e4dern mit einer automatischen Lastdruckbremse. Bestellen Sie sie hier! Sparen Sie Geld, indem Sie gleich einige andere\u00a0<a href=\"https:\/\/gevelridder.nl\/product\/glaskar-250-platenwagen\/\">Ritterwaffen<\/a>\u00a0aus unserer Kollektion bestellen.<\/p>\n","protected":false},"featured_media":132958,"template":"","meta":{"_acf_changed":false,"_seopress_robots_primary_cat":"none","_seopress_titles_title":"","_seopress_titles_desc":"","_seopress_robots_index":""},"product_brand":[],"product_cat":[921,937,938],"product_tag":[998,1375,1400,1857],"class_list":{"0":"post-134027","1":"product","2":"type-product","3":"status-publish","4":"has-post-thumbnail","6":"product_cat-teile","7":"product_cat-werkzeuge","8":"product_cat-werkzeuge-aus-glas","9":"product_tag-giebel-ritter","10":"product_tag-handwinde","11":"product_tag-hebezeug","12":"product_tag-veilig-heffen","14":"first","15":"instock","16":"taxable","17":"shipping-taxable","18":"purchasable","19":"product-type-simple"},"acf":[],"_links":{"self":[{"href":"https:\/\/gevelridder.nl\/de\/wp-json\/wp\/v2\/product\/134027","targetHints":{"allow":["GET"]}}],"collection":[{"href":"https:\/\/gevelridder.nl\/de\/wp-json\/wp\/v2\/product"}],"about":[{"href":"https:\/\/gevelridder.nl\/de\/wp-json\/wp\/v2\/types\/product"}],"wp:featuredmedia":[{"embeddable":true,"href":"https:\/\/gevelridder.nl\/de\/wp-json\/wp\/v2\/media\/132958"}],"wp:attachment":[{"href":"https:\/\/gevelridder.nl\/de\/wp-json\/wp\/v2\/media?parent=134027"}],"wp:term":[{"taxonomy":"product_brand","embeddable":true,"href":"https:\/\/gevelridder.nl\/de\/wp-json\/wp\/v2\/product_brand?post=134027"},{"taxonomy":"product_cat","embeddable":true,"href":"https:\/\/gevelridder.nl\/de\/wp-json\/wp\/v2\/product_cat?post=134027"},{"taxonomy":"product_tag","embeddable":true,"href":"https:\/\/gevelridder.nl\/de\/wp-json\/wp\/v2\/product_tag?post=134027"}],"curies":[{"name":"wp","href":"https:\/\/api.w.org\/{rel}","templated":true}]}}