
{"id":134021,"date":"2026-03-24T08:17:09","date_gmt":"2026-03-24T08:17:09","guid":{"rendered":"https:\/\/gevelridder.nl\/product\/stahlseil-kleiner-haken-facade-knight-gevelridder-l\/"},"modified":"2026-04-06T14:56:25","modified_gmt":"2026-04-06T14:56:25","slug":"stahlseil-kleiner-haken-gable-knight-l","status":"publish","type":"product","link":"https:\/\/gevelridder.nl\/de\/produkt\/stahlseil-kleiner-haken-gable-knight-l\/","title":{"rendered":"Stahlseil kleiner Haken Facade Knight (Gevelridder) L"},"content":{"rendered":"\n<h2 class=\"wp-block-heading\">Stahlseil kleiner Haken Facade Knight (Gevelridder) L<\/h2>\n\n\n\n<p>Mitglieder des Ritterordens, nat\u00fcrlich kann es passieren, dass das Stahlseil mit kleinem Haken f\u00fcr den Fassaden-Ritter L nach einem langen, anstrengenden Turnier kaputt geht, schade. Facade Knight (Gevelridder) kann Ihnen mit einem neuen Kabel helfen, so schnell wie m\u00f6glich wieder auf Ihrem Kreuzzug in die Schlacht zu ziehen. Dieses Kabel ist f\u00fcr&nbsp;<a href=\"https:\/\/gevelridder.nl\/product\/gevelridder-l\/\">den Facade Knight (Gevelridder) L<\/a>&nbsp;geeignet. Sparen Sie Geld, indem Sie gleich einige andere&nbsp;<a href=\"https:\/\/gevelridder.nl\/product\/glaskar-250-platenwagen\/\">Ritterwaffen<\/a>&nbsp;aus unserer Kollektion bestellen. Der<a href=\"https:\/\/gevelridder.nl\/product\/gevelridder-l\/\">&nbsp;Gevelridder L<\/a>&nbsp;verf\u00fcgt \u00fcber ein Stahlseil mit kleinem Sicherheitshaken und Gegengewicht, an dem Gegenst\u00e4nde aufgeh\u00e4ngt werden k\u00f6nnen. Das Stahlseil mit kleinem Haken f\u00fcr den Gevelridder L ist teuer in der Anschaffung, eigentlich eine Verschwendung von Dukaten. Wie k\u00f6nnen Sie die Lebensdauer des Kabels verl\u00e4ngern? Nach einem Job mit dem Gevelridder wollen Sie nat\u00fcrlich so schnell wie m\u00f6glich nach Hause, damit Ihnen die Schwiegermutter beim Ausziehen des schweren Kettenhemdes helfen kann; schlie\u00dflich besteht das Leben eines Ritters ohne R\u00fcckenschmerzen nicht nur aus Turnieren. Oft wird das Kabel jedoch zu schnell aufgedreht und entlastet. Dadurch k\u00f6nnen Schlaufen auf der Trommel entstehen, die Knicke und damit Sch\u00e4den verursachen. Achten Sie darauf, dass das Kabel sorgf\u00e4ltig und straff gewickelt ist, denn das verl\u00e4ngert die Lebensdauer des Kabels enorm. Das Kabel ist aus hochwertigem Stahl gefertigt. Au\u00dferdem ist es d\u00fcnn und flexibel. Denken Sie daran, w\u00e4hrend des Turniers auf Ihre pers\u00f6nliche Schutzausr\u00fcstung zu achten?<\/p>\n\n\n\n<h2 class=\"wp-block-heading\"><strong>Schutzausr\u00fcstung Stahlseil kleiner Haken Facade Knight (Gevelridder) L<\/strong><\/h2>\n\n\n\n<p>Das Gesetz \u00fcber die Arbeitsbedingungen (Arbowet) verpflichtet den Arbeitgeber, die erforderliche pers\u00f6nliche Schutzausr\u00fcstung (PSA) bereitzustellen. Wann welche PSA getragen werden muss, muss in der Risikoinventarisierung und -bewertung (RI&amp;E) festgelegt werden. Der Arbeitnehmer hat&nbsp;die Verpflichtung, die vom Arbeitgeber bereitgestellte PSA zu tragen.&nbsp;Als Ritter der Ritterschaft k\u00f6nnen Sie diese Schutzausr\u00fcstung von Fa\u00e7ade Knight erwerben. Sowohl einen&nbsp;<a href=\"https:\/\/gevelridder.nl\/product\/werkhandschoenen-activgrip-omega-maat-xl\/\">Handschuh<\/a>&nbsp;als auch einen&nbsp;<a href=\"https:\/\/gevelridder.nl\/product\/polsbescherming\/\">Handgelenkschutz<\/a>.<\/p>\n\n\n\n<ul class=\"wp-block-list\">\n<li>Arbeitskleidung und Sicherheitsschuhe (Klasse S3: sind beim Verglasen\/Montieren wegen der Gefahr von Schnittverletzungen zwingend erforderlich. zu tragen. Regen erfordert wasserdichte Kleidung.<\/li>\n<\/ul>\n\n\n\n<ul class=\"wp-block-list\">\n<li>Geh\u00f6rschutz (mit ausreichender D\u00e4mpfung) beim Anheften und Entfernen der Versiegelung.<\/li>\n\n\n\n<li>Eine Schutzbrille bietet Schutz vor Glassplittern, wenn Sie manuell arbeiten und Glas entfernen.<\/li>\n\n\n\n<li>Schutzhelm, wenn die Gefahr besteht, von herabfallenden Gegenst\u00e4nden oder Kopfst\u00f6\u00dfen getroffen zu werden.<\/li>\n\n\n\n<li>Absturzsicherungen wie ein Hosentr\u00e4gergurt mit Sicherheitsleine bei Arbeiten in der H\u00f6he, wenn keine technischen Ma\u00dfnahmen getroffen wurden, die einen Absturz ausschlie\u00dfen.<\/li>\n\n\n\n<li>Schnittfeste Handschuhe (mindestens Schnittklasse 3) bieten Schutz vor Verletzungen durch Schnitte in Glas. Handschuhe, mit denen Sie bequem arbeiten k\u00f6nnen, sind aus Kevlar, Aramidfasern, Dyneemagarn oder Spektragarn hergestellt. Diese Handschuhe sind \u00e4u\u00dferst schnittfest und flexibel. Eine Gummibeschichtung sorgt f\u00fcr optimalen Grip. Wichtig sind eine gute Passform, das Fehlen von N\u00e4hten und ein Handgelenkschutz. Siehe Erl\u00e4uterung im Textkasten.<\/li>\n\n\n\n<li>Der Handgelenkschutz sch\u00fctzt vor Verletzungen durch Schnitte am Glas.<\/li>\n<\/ul>\n\n\n\n<p>F\u00fcr weitere Informationen klicken Sie bitte&nbsp;<a href=\"https:\/\/www.volandis.nl\/media\/1125\/16063832-a-blad-glaszetten-hr.pdf\">hier.<\/a><\/p>\n","protected":false},"excerpt":{"rendered":"<div class=\"woocommerce-product-details__short-description\">\n<p>Lasthaken mit Klappe und flexiblem Spezialstahlseil f\u00fcr den Facade Knight (Gevelridder) L. Das Seil ist 21 Meter lang. Oberhalb des Hakens ist ein Ballastzylinder angebracht, der das Abrollen des Seils erleichtert. Neu ist, dass der Ballast mit Gummi gesch\u00fctzt ist.<\/p>\n<\/div>\n","protected":false},"featured_media":131511,"template":"","meta":{"_acf_changed":false,"_seopress_robots_primary_cat":"none","_seopress_titles_title":"","_seopress_titles_desc":"","_seopress_robots_index":""},"product_brand":[],"product_cat":[921],"product_tag":[1004],"class_list":{"0":"post-134021","1":"product","2":"type-product","3":"status-publish","4":"has-post-thumbnail","6":"product_cat-teile","7":"product_tag-giebelspringerkabel","8":"product_shipping_class-25-euro-de","10":"first","11":"instock","12":"taxable","13":"shipping-taxable","14":"purchasable","15":"product-type-simple"},"acf":[],"_links":{"self":[{"href":"https:\/\/gevelridder.nl\/de\/wp-json\/wp\/v2\/product\/134021","targetHints":{"allow":["GET"]}}],"collection":[{"href":"https:\/\/gevelridder.nl\/de\/wp-json\/wp\/v2\/product"}],"about":[{"href":"https:\/\/gevelridder.nl\/de\/wp-json\/wp\/v2\/types\/product"}],"wp:featuredmedia":[{"embeddable":true,"href":"https:\/\/gevelridder.nl\/de\/wp-json\/wp\/v2\/media\/131511"}],"wp:attachment":[{"href":"https:\/\/gevelridder.nl\/de\/wp-json\/wp\/v2\/media?parent=134021"}],"wp:term":[{"taxonomy":"product_brand","embeddable":true,"href":"https:\/\/gevelridder.nl\/de\/wp-json\/wp\/v2\/product_brand?post=134021"},{"taxonomy":"product_cat","embeddable":true,"href":"https:\/\/gevelridder.nl\/de\/wp-json\/wp\/v2\/product_cat?post=134021"},{"taxonomy":"product_tag","embeddable":true,"href":"https:\/\/gevelridder.nl\/de\/wp-json\/wp\/v2\/product_tag?post=134021"}],"curies":[{"name":"wp","href":"https:\/\/api.w.org\/{rel}","templated":true}]}}