
{"id":134017,"date":"2026-03-24T08:17:09","date_gmt":"2026-03-24T08:17:09","guid":{"rendered":"https:\/\/gevelridder.nl\/product\/stahlseil-grosser-haken-facade-knight-gevelridder-xl\/"},"modified":"2026-04-06T14:55:53","modified_gmt":"2026-04-06T14:55:53","slug":"stahlseil-grosser-haken-gable-knight-xl","status":"publish","type":"product","link":"https:\/\/gevelridder.nl\/de\/produkt\/stahlseil-grosser-haken-gable-knight-xl\/","title":{"rendered":"Stahlseil gro\u00dfer Haken Facade Knight (Gevelridder) XL"},"content":{"rendered":"\n<h2 class=\"wp-block-heading\">Stahlseil gro\u00dfer Haken Facade Knight (Gevelridder) XL<\/h2>\n\n\n\n<p>Mitglieder des Ritterordens, nat\u00fcrlich kann es passieren, dass das Stahlseil mit gro\u00dfem Haken f\u00fcr den Fassadenritter XL nach einem langen, anstrengenden Turnier kaputt geht, schade. Facade Knight (Gevelridder) kann Ihnen mit einem neuen Kabel dabei helfen, so schnell wie m\u00f6glich wieder auf Ihrem Kreuzzug in die Schlacht zu ziehen. Dieses Kabel ist f\u00fcr&nbsp;<a href=\"https:\/\/gevelridder.nl\/product\/gevelridder-xl\/\">den Facade Knight (Gevelridder) XL<\/a>&nbsp;geeignet. Sparen Sie Geld, indem Sie gleich einige andere&nbsp;<a href=\"https:\/\/gevelridder.nl\/product\/glaskar-250-platenwagen\/\">Ritterwaffen<\/a>&nbsp;aus unserer Kollektion bestellen. Der<a href=\"https:\/\/gevelridder.nl\/product\/gevelridder-m-incl-afstandhouder\/\">&nbsp;Gevelridder XL<\/a>&nbsp;verf\u00fcgt \u00fcber ein Stahlseil mit einem gro\u00dfen Sicherheitshaken und einem Gegengewicht, an dem Gegenst\u00e4nde aufgeh\u00e4ngt werden k\u00f6nnen. Der kleine Stahlseilhaken f\u00fcr den Gevelridder M ist teuer in der Anschaffung, eigentlich eine Verschwendung von Dukaten. Wie k\u00f6nnen Sie die Lebensdauer des Seils verl\u00e4ngern? Nach einem Job mit dem Gevelridder wollen Sie nat\u00fcrlich so schnell wie m\u00f6glich nach Hause, damit Ihnen die Schwiegermutter beim Ausziehen des schweren Kettenhemdes helfen kann; schlie\u00dflich besteht das Leben eines Ritters ohne R\u00fcckenschmerzen nicht nur aus Turnieren. Oft wird das Kabel jedoch zu schnell aufgedreht und entlastet. Dadurch k\u00f6nnen Schlaufen auf der Trommel entstehen, die Knicke und damit Sch\u00e4den verursachen. Achten Sie darauf, dass das Kabel sorgf\u00e4ltig und straff gewickelt ist, denn das verl\u00e4ngert die Lebensdauer des Kabels enorm. Das Kabel ist aus hochwertigem Stahl gefertigt. Au\u00dferdem ist es d\u00fcnn und flexibel. Denken Sie daran, w\u00e4hrend des Turniers auf Ihre pers\u00f6nliche Schutzausr\u00fcstung zu achten?<\/p>\n\n\n\n<h2 class=\"wp-block-heading\"><strong>Schutzausr\u00fcstung Stahlseil gro\u00dfer Haken Gable XL<\/strong><\/h2>\n\n\n\n<p>Das Gesetz \u00fcber die Arbeitsbedingungen (Arbowet) verpflichtet den Arbeitgeber, die erforderliche pers\u00f6nliche Schutzausr\u00fcstung (PSA) bereitzustellen. Wann welche PSA getragen werden muss, muss in der Risikoinventarisierung und -bewertung (RI&amp;E) festgelegt werden. Der Arbeitnehmer hat&nbsp;die Verpflichtung, die vom Arbeitgeber bereitgestellte PSA zu tragen.&nbsp;Als Ritter der Ritterschaft k\u00f6nnen Sie diese Schutzausr\u00fcstung von Fa\u00e7ade Knight erwerben. Sowohl einen&nbsp;<a href=\"https:\/\/gevelridder.nl\/product\/werkhandschoenen-activgrip-omega-maat-xl\/\">Handschuh<\/a>&nbsp;als auch einen&nbsp;<a href=\"https:\/\/gevelridder.nl\/product\/polsbescherming\/\">Handgelenkschutz<\/a>.<\/p>\n\n\n\n<ul class=\"wp-block-list\">\n<li>Arbeitskleidung und Sicherheitsschuhe (Klasse S3: sind beim Verglasen\/Montieren wegen der Gefahr von Schnittverletzungen zwingend erforderlich. zu tragen. Regen erfordert wasserdichte Kleidung.<\/li>\n<\/ul>\n\n\n\n<ul class=\"wp-block-list\">\n<li>Geh\u00f6rschutz (mit ausreichender D\u00e4mmung) beim Anheften und Entfernen der Versiegelung.<\/li>\n\n\n\n<li>Eine Schutzbrille bietet Schutz vor Glassplittern, wenn Sie manuell arbeiten und Glas entfernen.<\/li>\n\n\n\n<li>Schutzhelm, wenn die Gefahr besteht, von herabfallenden Gegenst\u00e4nden oder Kopfst\u00f6\u00dfen getroffen zu werden.<\/li>\n\n\n\n<li>Absturzsicherungen wie ein Hosentr\u00e4gergurt mit Sicherheitsleine bei Arbeiten in der H\u00f6he, wenn keine technischen Ma\u00dfnahmen getroffen wurden, die einen Absturz ausschlie\u00dfen.<\/li>\n\n\n\n<li>Schnittfeste Handschuhe (mindestens Schnittklasse 3) bieten Schutz vor Verletzungen durch Schnitte in Glas. Handschuhe, mit denen Sie bequem arbeiten k\u00f6nnen, sind aus Kevlar, Aramidfasern, Dyneemagarn oder Spektragarn hergestellt. Diese Handschuhe sind \u00e4u\u00dferst schnittfest und flexibel. Eine Gummibeschichtung sorgt f\u00fcr optimalen Grip. Wichtig sind eine gute Passform, das Fehlen von N\u00e4hten und ein Handgelenkschutz. Siehe Erl\u00e4uterung im Textkasten.<\/li>\n\n\n\n<li>Der Handgelenkschutz sch\u00fctzt vor Verletzungen durch Schnitte am Glas.<\/li>\n<\/ul>\n\n\n\n<p>F\u00fcr weitere Informationen klicken Sie bitte&nbsp;<a href=\"https:\/\/www.volandis.nl\/media\/1125\/16063832-a-blad-glaszetten-hr.pdf\">hier.<\/a><\/p>\n","protected":false},"excerpt":{"rendered":"<p>Mitglieder des Ritterordens, nat\u00fcrlich kann es passieren, dass das Kabel nach einem langen, anstrengenden Turnier kaputt geht, schade. Facade Knight (Gevelridder) kann Ihnen mit einem neuen Kabel dabei helfen, so schnell wie m\u00f6glich wieder auf Ihrem Kreuzzug in die Schlacht zu ziehen. Dieses Kabel ist f\u00fcr\u00a0<a href=\"https:\/\/gevelridder.nl\/product\/gevelridder-xl\/\">den Facade Knight (Gevelridder) XL<\/a>\u00a0geeignet. Sparen Sie Geld, indem Sie gleich einige andere\u00a0<a href=\"https:\/\/gevelridder.nl\/product\/glaskar-250-platenwagen\/\">Knight-Waffen<\/a>\u00a0aus unserer Kollektion bestellen.<\/p>\n","protected":false},"featured_media":131511,"template":"","meta":{"_acf_changed":false,"_seopress_robots_primary_cat":"none","_seopress_titles_title":"","_seopress_titles_desc":"","_seopress_robots_index":""},"product_brand":[],"product_cat":[921],"product_tag":[998,1076],"class_list":{"0":"post-134017","1":"product","2":"type-product","3":"status-publish","4":"has-post-thumbnail","6":"product_cat-teile","7":"product_tag-giebel-ritter","8":"product_tag-stahlkabel","9":"product_shipping_class-25-euro-de","11":"first","12":"instock","13":"taxable","14":"shipping-taxable","15":"purchasable","16":"product-type-simple"},"acf":[],"_links":{"self":[{"href":"https:\/\/gevelridder.nl\/de\/wp-json\/wp\/v2\/product\/134017","targetHints":{"allow":["GET"]}}],"collection":[{"href":"https:\/\/gevelridder.nl\/de\/wp-json\/wp\/v2\/product"}],"about":[{"href":"https:\/\/gevelridder.nl\/de\/wp-json\/wp\/v2\/types\/product"}],"wp:featuredmedia":[{"embeddable":true,"href":"https:\/\/gevelridder.nl\/de\/wp-json\/wp\/v2\/media\/131511"}],"wp:attachment":[{"href":"https:\/\/gevelridder.nl\/de\/wp-json\/wp\/v2\/media?parent=134017"}],"wp:term":[{"taxonomy":"product_brand","embeddable":true,"href":"https:\/\/gevelridder.nl\/de\/wp-json\/wp\/v2\/product_brand?post=134017"},{"taxonomy":"product_cat","embeddable":true,"href":"https:\/\/gevelridder.nl\/de\/wp-json\/wp\/v2\/product_cat?post=134017"},{"taxonomy":"product_tag","embeddable":true,"href":"https:\/\/gevelridder.nl\/de\/wp-json\/wp\/v2\/product_tag?post=134017"}],"curies":[{"name":"wp","href":"https:\/\/api.w.org\/{rel}","templated":true}]}}