
{"id":134009,"date":"2026-03-24T11:34:16","date_gmt":"2026-03-24T11:34:16","guid":{"rendered":"https:\/\/gevelridder.nl\/product\/spanlance-fuer-plattenwagen\/"},"modified":"2026-04-06T14:54:18","modified_gmt":"2026-04-06T14:54:18","slug":"spanlance-fuer-plattenwagen","status":"publish","type":"product","link":"https:\/\/gevelridder.nl\/de\/produkt\/spanlance-fuer-plattenwagen\/","title":{"rendered":"SpanLance f\u00fcr Plattenwagen"},"content":{"rendered":"\n<h2 class=\"wp-block-heading\">SpanLance<\/h2>\n\n\n\n<p>Die SpanLance f\u00fcr den Gable Rider Wagen verhindert, dass Ihre (Glas-)Platte nach vorne f\u00e4llt. Im Prinzip brauchen Sie nur eine Lanze, aber wir empfehlen zwei Lanzen f\u00fcr gro\u00dfe (Glas-)Platten. Wenn Sie gr\u00f6\u00dfere Glasma\u00dfe auf dem&nbsp;<a href=\"https:\/\/gevelridder.nl\/product\/glaskar-250-platenwagen\/\">Gevelridder-Glaswagen<\/a>&nbsp;transportieren, empfehlen wir die&nbsp;<a href=\"https:\/\/gevelridder.nl\/de\/product\/klemme-fuer-glaskar-1-0-stahl\/\">SpanLance<\/a>. Die SpanLance ist aus hochwertigem Edelstahl gefertigt und nat\u00fcrlich: Made in Holland. Der Preis versteht sich pro St\u00fcck.<\/p>\n\n\n\n<h2 class=\"wp-block-heading\">SpanLans im&nbsp;<a href=\"https:\/\/nl.wikipedia.org\/wiki\/Lans_(wapen)\">Mittelalter<\/a>.<\/h2>\n\n\n\n<p>Im Mittelalter waren die wichtigsten Waffen f\u00fcr den bewaffneten Ritter zu Pferd das Schwert und die Lanze. Wenn n\u00f6tig, konnte er zus\u00e4tzlich einen Dolch und einen Streitkolben mit Eisenbeschl\u00e4gen verwenden. Um sich zu sch\u00fctzen, trug der Ritter ein Kettenhemd, das jedoch keinen vollst\u00e4ndigen Schutz bot, so dass er immer mehr Teile seines K\u00f6rpers mit Eisenplatten bedeckte und schlie\u00dflich eine R\u00fcstung entstand. Dies f\u00fchrte dazu, dass sich nach dem Jahr 1000 auch die Verwendung der Lanze \u00e4nderte. Der h\u00f6lzerne Schaft mit der etwa 15 cm langen Eisenspitze blieb zwar erhalten, aber die Menschen begannen, die Lanze anders zu handhaben. Bis dahin hob man die Lanze entweder \u00fcber die Hand, um zu stechen oder zu werfen, oder man hielt sie unter dem rechten Arm, um sie im Gleichgewicht zu halten. Die Forschung zeigt, dass ab dem letzten Viertel des elften Jahrrollwagenrts schwerere Lanzen verwendet wurden, die mit der rechten Hand unter der Achselh\u00f6hle direkt hinter einem Stechring gehalten wurden. Der Stichring wurde angebracht, um bei einer Konfrontation Widerstand zu leisten. Die Lanze zeigte diagonal \u00fcber den Hals des Pferdes auf die linke Seite. Indem er mit seinem Pferd an Geschwindigkeit gewann, konnte der Ritter auf diese Weise einen t\u00f6dlichen Schlag ausf\u00fchren. Dies wird die&nbsp;<em>Technik der liegenden Lanze<\/em>&nbsp;genannt.&nbsp;<a href=\"https:\/\/nl.wikipedia.org\/w\/index.php?title=Maurice_Keen&amp;action=edit&amp;redlink=1\">Maurice Keen<\/a>&nbsp;nannte einen Ritter, der diese Technik anwandte, ein \u201amenschliches Projektil\u2018. F\u00fcr diese Technik musste der Ritter speziell ausgebildet sein. Er musste gleichzeitig mit der linken Hand seinen Schild halten, die Z\u00fcgel bedienen und im Sattel bleiben. Die S\u00e4ttel wurden speziell f\u00fcr diese Technik angepasst.<\/p>\n\n\n\n<p><sup><a href=\"https:\/\/nl.wikipedia.org\/wiki\/Lans_(wapen)#cite_note-1\">[1]<\/a><\/sup><\/p>\n","protected":false},"excerpt":{"rendered":"<div class=\"woocommerce-product-details__short-description\">\n<p>Die Spannklemme passt auf die Gevelkar 150 kg und die Gevelkar 4\u00d74. Sie ist aus hochwertigem Stahl gefertigt, rostfrei und gummiert, um Besch\u00e4digungen an Glas oder Platten zu vermeiden.<\/p>\n<\/div>\n","protected":false},"featured_media":131698,"template":"","meta":{"_acf_changed":false,"_seopress_robots_primary_cat":"none","_seopress_titles_title":"","_seopress_titles_desc":"","_seopress_robots_index":""},"product_brand":[],"product_cat":[915,936],"product_tag":[1205,1016,1073,1171],"class_list":{"0":"post-134009","1":"product","2":"type-product","3":"status-publish","4":"has-post-thumbnail","6":"product_cat-fassade-transportwagen","7":"product_cat-teile-de","8":"product_tag-befestigungsglas","9":"product_tag-glaskar-de","10":"product_tag-spannlanze","11":"product_tag-turen-auf-glaswagen","12":"product_shipping_class-25-euro-de","14":"first","15":"instock","16":"taxable","17":"shipping-taxable","18":"purchasable","19":"product-type-simple"},"acf":[],"_links":{"self":[{"href":"https:\/\/gevelridder.nl\/de\/wp-json\/wp\/v2\/product\/134009","targetHints":{"allow":["GET"]}}],"collection":[{"href":"https:\/\/gevelridder.nl\/de\/wp-json\/wp\/v2\/product"}],"about":[{"href":"https:\/\/gevelridder.nl\/de\/wp-json\/wp\/v2\/types\/product"}],"wp:featuredmedia":[{"embeddable":true,"href":"https:\/\/gevelridder.nl\/de\/wp-json\/wp\/v2\/media\/131698"}],"wp:attachment":[{"href":"https:\/\/gevelridder.nl\/de\/wp-json\/wp\/v2\/media?parent=134009"}],"wp:term":[{"taxonomy":"product_brand","embeddable":true,"href":"https:\/\/gevelridder.nl\/de\/wp-json\/wp\/v2\/product_brand?post=134009"},{"taxonomy":"product_cat","embeddable":true,"href":"https:\/\/gevelridder.nl\/de\/wp-json\/wp\/v2\/product_cat?post=134009"},{"taxonomy":"product_tag","embeddable":true,"href":"https:\/\/gevelridder.nl\/de\/wp-json\/wp\/v2\/product_tag?post=134009"}],"curies":[{"name":"wp","href":"https:\/\/api.w.org\/{rel}","templated":true}]}}