
{"id":133991,"date":"2026-03-24T08:17:08","date_gmt":"2026-03-24T08:17:08","guid":{"rendered":"https:\/\/gevelridder.nl\/product\/sirliftalot4-250kg\/"},"modified":"2026-04-06T14:53:14","modified_gmt":"2026-04-06T14:53:14","slug":"sirliftalot4-250kg","status":"publish","type":"product","link":"https:\/\/gevelridder.nl\/de\/produkt\/sirliftalot4-250kg\/","title":{"rendered":"SirLiftAlot4 250kg"},"content":{"rendered":"\n<h2 class=\"wp-block-heading\">SirLiftAlot4 250kg Glaskolben oder Glastr\u00e4ger<\/h2>\n\n\n\n<p>SirLiftAlot4 250kg Glaskolben oder Glastr\u00e4ger ist der meistverkaufte Vakuumkolben von Gevelridder. Mit 4 Handpumpenkolben aus Lexan ist \u201eLiftAlot4\u201c leicht und hat einen \u00c4quator von 100 cm Breite. Dieses Vakuumhebeger\u00e4t wird am Gevelridder befestigt, kann sich um 360 Grad drehen und in 3 Positionen heben.<\/p>\n\n\n\n<h2 class=\"wp-block-heading\">Glaser verwenden den SirliftAlot4<\/h2>\n\n\n\n<p>Das Produkt ist ideal f\u00fcr Glaser, Bauunternehmer und Subunternehmer, die schwere Materialien vertikal oder horizontal montieren. Der Glasstaubsauger ist sicher und gesundheitsschonend und wird auch von der&nbsp;<a href=\"https:\/\/avh-leverancier.volandis.nl\/alle-producten\/gevelridder-model-s\/\">Website Arbovriendelijke hulpmiddelen<\/a>&nbsp;empfohlen.<\/p>\n\n\n\n<h2 class=\"wp-block-heading\">Absturzsicherung SirliftAlot4 Glaskolben<\/h2>\n\n\n\n<p>Dank seiner Absturzsicherung kann der Giebelreiter-Kolben auch beim Heben von Objekten verwendet werden, die h\u00f6her als der Boden sind. Dar\u00fcber hinaus kann dieses Produkt auch als Hebespreizer f\u00fcr z.B. Markisen oder Rolll\u00e4den verwendet werden. Das Produkt ist auch mit&nbsp;<a href=\"https:\/\/gevelridder.nl\/product\/kim75-vacuumzuiger\/\">akustischem Signal<\/a>&nbsp;erh\u00e4ltlich. Die Saugn\u00e4pfe sind von der Marke&nbsp;<a href=\"https:\/\/gevelridder.nl\/product\/aaaaaanbieding-powr-grip-pompzuiger-lexaan\/\">Powr-Grip lexan.<\/a><\/p>\n\n\n\n<p>UK: Vakuumheber mit 4 Powr- Grip Handsaugern, Aluminium. Die Preise beinhalten keine Versandkosten f\u00fcr Kunden au\u00dferhalb der Niederlande und Belgien. DE: Vakuumheber 4 Powr- Grip Handsauger, Aluminium.<\/p>\n\n\n\n<p>Die Preise beinhalten keine Versandkosten f\u00fcr Kunden au\u00dferhalb der Niederlande und Belgien. FR: Ventouse 4 Powr-Grip Handsauger, l\u2019aluminium. Les prix ne comprennent les frais de livraison pour les clients en dehors des Pays-Bas et en Belgique.<\/p>\n","protected":false},"excerpt":{"rendered":"<div class=\"woocommerce-product-details__short-description\">\n<p>Der Facade Knight (Gevelridder) Staubsauger mit 4 Handsaugern ist leicht und hat einen \u00c4quator von +\/- 130x30x15 cm. Dieser Staubsauger kann dank seiner 3 Hebe\u00f6sen in 3 Positionen verwendet werden.<\/p>\n<\/div>\n","protected":false},"featured_media":131398,"template":"","meta":{"_acf_changed":false,"_seopress_robots_primary_cat":"none","_seopress_titles_title":"","_seopress_titles_desc":"","_seopress_robots_index":""},"product_brand":[],"product_cat":[1927,929],"product_tag":[1714,1391,1672,998,1313,1213,1353,1322,1022,1276,1428,1510,1400,1674,1564,1780,1854,1794,1839,1694],"class_list":{"0":"post-133991","1":"product","2":"type-product","3":"status-publish","4":"has-post-thumbnail","6":"product_cat-am-meisten-verkauft","7":"product_cat-vakuum-heber","8":"product_tag-aluminiumlift","9":"product_tag-aufzug","10":"product_tag-fensterrahmen-2","11":"product_tag-giebel-ritter","12":"product_tag-glas-de-2","13":"product_tag-glaser-de-2","14":"product_tag-glaser-de","15":"product_tag-glasheben","16":"product_tag-glaslift-de","17":"product_tag-glaslift-mieten","18":"product_tag-heben","19":"product_tag-heben-de-2","20":"product_tag-hebezeug","21":"product_tag-ladenbauer","22":"product_tag-miroiterie-de","23":"product_tag-pompzuiger","24":"product_tag-sirliftalot4","25":"product_tag-transport","26":"product_tag-vakuumsauger","27":"product_tag-ventouse","28":"product_shipping_class-paket-80-50-20","30":"first","31":"instock","32":"taxable","33":"shipping-taxable","34":"purchasable","35":"product-type-simple"},"acf":[],"_links":{"self":[{"href":"https:\/\/gevelridder.nl\/de\/wp-json\/wp\/v2\/product\/133991","targetHints":{"allow":["GET"]}}],"collection":[{"href":"https:\/\/gevelridder.nl\/de\/wp-json\/wp\/v2\/product"}],"about":[{"href":"https:\/\/gevelridder.nl\/de\/wp-json\/wp\/v2\/types\/product"}],"wp:featuredmedia":[{"embeddable":true,"href":"https:\/\/gevelridder.nl\/de\/wp-json\/wp\/v2\/media\/131398"}],"wp:attachment":[{"href":"https:\/\/gevelridder.nl\/de\/wp-json\/wp\/v2\/media?parent=133991"}],"wp:term":[{"taxonomy":"product_brand","embeddable":true,"href":"https:\/\/gevelridder.nl\/de\/wp-json\/wp\/v2\/product_brand?post=133991"},{"taxonomy":"product_cat","embeddable":true,"href":"https:\/\/gevelridder.nl\/de\/wp-json\/wp\/v2\/product_cat?post=133991"},{"taxonomy":"product_tag","embeddable":true,"href":"https:\/\/gevelridder.nl\/de\/wp-json\/wp\/v2\/product_tag?post=133991"}],"curies":[{"name":"wp","href":"https:\/\/api.w.org\/{rel}","templated":true}]}}