
{"id":133978,"date":"2026-03-24T08:17:08","date_gmt":"2026-03-24T08:17:08","guid":{"rendered":"https:\/\/gevelridder.nl\/product\/glaslift-sirliftalot2-150kg-saugheber-3-0\/"},"modified":"2026-04-06T14:25:39","modified_gmt":"2026-04-06T14:25:39","slug":"sirliftalot2-150kg-pumpenkolben-3-0","status":"publish","type":"product","link":"https:\/\/gevelridder.nl\/de\/produkt\/sirliftalot2-150kg-pumpenkolben-3-0\/","title":{"rendered":"Glaslift SirLiftAlot2 150kg Saugheber 3.0"},"content":{"rendered":"\n<h2 class=\"wp-block-heading\">SirLiftAlot2 150kg Glaskolben oder Glastr\u00e4ger<\/h2>\n\n\n\n<p>Der SirLiftAlot2, Glassauger oder Glastr\u00e4ger mit 2 Handsaugern LiftAlot2 ist leicht und hat einen 50 cm breiten Ausgleichsrahmen. Dieses Vakuum-Hebeger\u00e4t wird am Facade Knight befestigt, kann sich um 360 Grad drehen und in 3 Positionen heben. Bewusst arbeiten, funktioniert, auch die Website&nbsp;<a href=\"https:\/\/avh-leverancier.volandis.nl\/alle-producten\/gevelridder-model-s\/\">arbovriendlier tools<\/a>&nbsp;empfiehlt unsere Produkte. Gehen Sie also kein Risiko ein und beginnen Sie mit dem SirLiftAlot2 Glass Sucker sicher und verantwortungsbewusst zu arbeiten.<\/p>\n\n\n\n<h2 class=\"wp-block-heading\">Glaser verwenden den SirLiftAlot2<\/h2>\n\n\n\n<p>Das Produkt ist ideal f\u00fcr Glaser, Bauunternehmer und Subunternehmer, die schwere Materialien vertikal oder horizontal montieren.<\/p>\n\n\n\n<h2 class=\"wp-block-heading\">Absturzsicherung SirLiftAlot2 Glaskolben<\/h2>\n\n\n\n<p>Dank seiner Absturzsicherung kann der Facade Knight (Gevelridder)-Kolben auch zum Heben von Objekten verwendet werden, die h\u00f6her als der Boden sind. Dar\u00fcber hinaus kann dieses Produkt auch als Hebespreizer f\u00fcr z.B. Markisen oder Rolll\u00e4den verwendet werden. Das Produkt ist auch mit akustischem Signal erh\u00e4ltlich. Das Produkt ist aus Aluminium gefertigt, die Saugn\u00e4pfe sind von der Marke Powr-grip und haben einen&nbsp;<a href=\"https:\/\/gevelridder.nl\/product\/aaaaaanbieding-powr-grip-pompzuiger-lexaan\/\">Lexankern<\/a>. Der Glass Piston kann auch mit&nbsp;<a href=\"https:\/\/gevelridder.nl\/product\/kim75-vacuumzuiger\/\">batteriebetriebenen Saugn\u00e4pfen<\/a>&nbsp;ausgestattet werden, die automatisch saugen. Der SirLiftAlot2 hat eine WLL von 150 kg. F\u00fcr 250 kg sollten Sie den&nbsp;<a href=\"https:\/\/gevelridder.nl\/de\/product\/sirliftalot4-250kg\/\">SirLifAlot4<\/a>&nbsp;kaufen.<\/p>\n\n\n\n<p>UK: Vakuumheber mit 4 Powr- Grip Handsaugern, Aluminium. Die Preise beinhalten keine Versandkosten f\u00fcr Kunden au\u00dferhalb der Niederlande und Belgien. DE: Vakuumheber 4 Powr- Grip Handsauger, Aluminium.<\/p>\n\n\n\n<p>Die Preise beinhalten keine Versandkosten f\u00fcr Kunden au\u00dferhalb der Niederlande und Belgien. FR: Ventouse 4 Powr-Grip Handsauger, l\u2019aluminium. Les prix ne comprennent les frais de livraison pour les clients en dehors des Pays-Bas et en Belgique.<\/p>\n","protected":false},"excerpt":{"rendered":"<p>Der Facade Knight (Gevelridder) Staubsauger mit 2 Handsaugern. Inklusive zwei Schutzh\u00fcllen f\u00fcr Staubsauger.<\/p>\n<p><b>\u2714<\/b>\u00a0<strong>F\u00fcr den vertikalen Transport von Glas<\/strong><\/p>\n<p><strong>\u2714\u00a0Leichtes Gewicht 5 kg<\/strong><\/p>\n<p><strong>\u2714\u00a0L= 70 cm, H=30 cm, B=8 cm<\/strong><\/p>\n<p><strong>\u2714<\/strong>\u00a0<strong>WLL1<\/strong><strong>50 kg<\/strong><\/p>\n<p><strong>\u2714<\/strong><strong>\u00a03 Positionen<\/strong><\/p>\n","protected":false},"featured_media":131490,"template":"","meta":{"_acf_changed":false,"_seopress_robots_primary_cat":"none","_seopress_titles_title":"","_seopress_titles_desc":"","_seopress_robots_index":""},"product_brand":[],"product_cat":[929],"product_tag":[1841,1714,1150,1842,1672,1353,1213,1322,1843,1022,1844,1845,1221,1846,1847,1356,1372,1848,1379,1674,1566,1780,1064,1849,1850,1839,1840,1851],"class_list":{"0":"post-133978","1":"product","2":"type-product","3":"status-publish","4":"has-post-thumbnail","6":"product_cat-vakuum-heber","7":"product_tag-accu-glaszuiger","8":"product_tag-aluminiumlift","9":"product_tag-bohle-de","10":"product_tag-dubbel-vacuumsysteem-en-13155","11":"product_tag-fensterrahmen-2","12":"product_tag-glaser-de","13":"product_tag-glaser-de-2","14":"product_tag-glasheben","15":"product_tag-glashijs","16":"product_tag-glaslift-de","17":"product_tag-glasmontage","18":"product_tag-glaspaneel-hijsen","19":"product_tag-glastrager","20":"product_tag-glaszuiger","21":"product_tag-glazen-ruit-plaatsen","22":"product_tag-glazierlife-de","23":"product_tag-griplift-de","24":"product_tag-handpomp-zuiger","25":"product_tag-handpumpenkolben","26":"product_tag-ladenbauer","27":"product_tag-mitoiteria","28":"product_tag-pompzuiger","29":"product_tag-powrgrip-de","30":"product_tag-vacuumheffer","31":"product_tag-vacuumlfiting","32":"product_tag-vakuumsauger","33":"product_tag-wpg","34":"product_tag-zuignap-glas","35":"product_shipping_class-paket-80-50-20","37":"first","38":"instock","39":"taxable","40":"shipping-taxable","41":"purchasable","42":"product-type-simple"},"acf":[],"_links":{"self":[{"href":"https:\/\/gevelridder.nl\/de\/wp-json\/wp\/v2\/product\/133978","targetHints":{"allow":["GET"]}}],"collection":[{"href":"https:\/\/gevelridder.nl\/de\/wp-json\/wp\/v2\/product"}],"about":[{"href":"https:\/\/gevelridder.nl\/de\/wp-json\/wp\/v2\/types\/product"}],"wp:featuredmedia":[{"embeddable":true,"href":"https:\/\/gevelridder.nl\/de\/wp-json\/wp\/v2\/media\/131490"}],"wp:attachment":[{"href":"https:\/\/gevelridder.nl\/de\/wp-json\/wp\/v2\/media?parent=133978"}],"wp:term":[{"taxonomy":"product_brand","embeddable":true,"href":"https:\/\/gevelridder.nl\/de\/wp-json\/wp\/v2\/product_brand?post=133978"},{"taxonomy":"product_cat","embeddable":true,"href":"https:\/\/gevelridder.nl\/de\/wp-json\/wp\/v2\/product_cat?post=133978"},{"taxonomy":"product_tag","embeddable":true,"href":"https:\/\/gevelridder.nl\/de\/wp-json\/wp\/v2\/product_tag?post=133978"}],"curies":[{"name":"wp","href":"https:\/\/api.w.org\/{rel}","templated":true}]}}